{"id":137,"date":"2024-09-25T16:39:58","date_gmt":"2024-09-25T14:39:58","guid":{"rendered":"https:\/\/www.regioneo.com\/?page_id=137"},"modified":"2024-11-06T14:15:35","modified_gmt":"2024-11-06T13:15:35","slug":"datenschutzrichtlinie-2","status":"publish","type":"page","link":"https:\/\/www.regioneo.com\/de\/datenschutzrichtlinie-2\/","title":{"rendered":"Datenschutzrichtlinie"},"content":{"rendered":"<div data-elementor-type=\"wp-page\" data-elementor-id=\"137\" class=\"elementor elementor-137\" data-elementor-post-type=\"page\">\n\t\t\t\t<div class=\"elementor-element elementor-element-631f62f e-flex e-con-boxed e-con e-parent\" data-id=\"631f62f\" data-element_type=\"container\">\n\t\t\t\t\t<div class=\"e-con-inner\">\n\t\t\t\t<div class=\"elementor-element elementor-element-842c1c5 elementor-widget elementor-widget-text-editor\" data-id=\"842c1c5\" data-element_type=\"widget\" data-widget_type=\"text-editor.default\">\n\t\t\t\t<div class=\"elementor-widget-container\">\n\t\t\t\t\t\t\t\t\t<h1>Allgemeine Nutzungsbedingungen und Datenerhebung<\/h1><p>Zweck dieser Datenschutzrichtlinie ist es, den Nutzern der Regioneo-L\u00f6sung (\u00abim Folgenden Regioneo\u00bb) in \u00dcbereinstimmung mit der geltenden Gesetzgebung unsere Bem\u00fchungen zum Schutz der personenbezogenen Daten der Nutzer zu erl\u00e4utern und die Vertraulichkeit dieser Daten sowie der Daten, f\u00fcr die wir als Auftragsverarbeiter t\u00e4tig werden, zu gew\u00e4hrleisten. Diese Seite soll Informationen \u00fcber die von Regioneo gesammelten Daten und die verfolgten Zwecke, die die Verarbeitung dieser Daten rechtfertigen, sowie \u00fcber die Rechte, die die Nutzer haben, bereitstellen.<\/p><p><br \/><strong>1 - Gesammelte Daten und verfolgte Ziele<\/strong><br \/>Die erhobenen Daten dienen dazu, den Nutzern die sichere Registrierung und Anmeldung bei Regioneo zu erm\u00f6glichen und die Nutzung der Funktionen zu erm\u00f6glichen. Sie k\u00f6nnen auch von unseren Teams verwendet werden, um E-Mails mit Informationen \u00fcber neue Funktionen oder Aktionen zu versenden, die durchgef\u00fchrt werden m\u00fcssen, um die Kontinuit\u00e4t der von der Anwendung angebotenen Funktionen zu gew\u00e4hrleisten (z. B. wichtige Updates) oder um die Nutzererfahrung zu verbessern. In diesem Rahmen sammeln wir die folgenden Daten von unseren Nutzern und sind direkt f\u00fcr deren Verarbeitung verantwortlich: Name, Vorname, Adresse, E-Mail, Telefonnummer, vom Nutzer eingegebene Produkte und Dienstleistungen, Umsatz der \u00fcber die App verwalteten Immobilien, statistische Daten der \u00fcber die App verwalteten Immobilien.<br \/>Im Rahmen der Funktionalit\u00e4ten von Regioneo und zur Gew\u00e4hrleistung einer ordnungsgem\u00e4\u00dfen<br \/>Ausf\u00fchrung des Vertrags zwischen dem Nutzer und seinen Endnutzern, k\u00f6nnen wir f\u00fcr letztere als Subunternehmer die folgenden Daten sammeln: Name, Vorname, Adresse, E-Mail, Telefonnummer, Einzelheiten zu den get\u00e4tigten Bestellungen, gesendete Nachrichten, Daten zur Anzahl der Bestellungen.<\/p><p><br \/><strong>2 - Mittel zur Erhebung Ihrer Daten<\/strong><br \/>Die Daten der Nutzer werden entweder bei der erstmaligen Registrierung bei Regioneo \u00fcber das daf\u00fcr vorgesehene Formular oder bei der Interaktion mit unseren Teams erhoben. Die Erhebung von Daten, die sich auf die ordnungsgem\u00e4\u00dfe Abwicklung von Vertr\u00e4gen unserer Nutzer mit ihren Endnutzern beziehen und bei denen wir als Subunternehmer auftreten, erfolgt zum Zeitpunkt des Zustandekommens des genannten Vertrags zwischen dem Nutzer und seinen Endnutzern und gilt als von allen Parteien im Rahmen der allgemeinen Gesch\u00e4ftsbedingungen, die der Nutzer seinen Endnutzern zur Verf\u00fcgung stellt, zugestimmt. Keine anderen Daten werden von der Anwendung oder unseren Teams ohne die ausdr\u00fcckliche Zustimmung der betroffenen Personen gesammelt und sie werden nur f\u00fcr die mit ihnen vereinbarten legitimen Zwecke verwendet.<\/p><p><br \/><strong>3 - Speicherdauer und Rechte der Nutzer<\/strong><br \/>Um den reibungslosen Betrieb des Regioneo zu gew\u00e4hrleisten und den Nutzern zu erm\u00f6glichen, sich<br \/>sich in ihr Konto einloggen, speichern wir die Daten der Nutzer f\u00fcr die Dauer von<br \/>Dauer der Nutzung der Anwendung. Unsere Mitarbeiter und Auftragnehmer haben nur insoweit Zugang zu den Daten der Nutzer, wie dies zur Erf\u00fcllung der verfolgten und in Punkt 1 definierten Zwecke erforderlich ist. Die Nutzer haben jederzeit das Recht, ihre Daten zu \u00fcberpr\u00fcfen, auf sie zuzugreifen, sie zu berichtigen, zu l\u00f6schen, zu \u00fcbertragen und sich der Nutzung ihrer Daten zu widersetzen, indem sie uns unter pierre.tubiana@bm-services.com kontaktieren. Wir werden dann alle Anstrengungen unternehmen, um der Anfrage nachzukommen.<\/p><p><br \/><strong>4 - Cookies<\/strong><br \/>Wir sammeln auch Cookies, um die Sicherheit und die korrekte Kontinuit\u00e4t unserer Dienste zu gew\u00e4hrleisten. Dies betrifft: das Datum und die Uhrzeit der Anmeldung eines Nutzers, die IP-Adresse des Mediums, das f\u00fcr den Zugriff auf die Anwendung verwendet wurde (falls die Anwendung genutzt wird).<\/p><p><br \/><strong>5 - Pflichten und Sicherheit<\/strong><br \/>Die f\u00fcr Regioneo arbeitenden Teams verpflichten sich, die Daten nicht weiterzugeben<br \/>direkt als Datenverantwortlicher oder indirekt als Auftragsverarbeiter an Dritte gesammelt werden, ohne dass der Nutzer dar\u00fcber informiert wurde, und die Zwecke, f\u00fcr die diese Daten gesammelt wurden, einzuhalten. Die Anwendung verf\u00fcgt \u00fcber ein SSL-Zertifikat, mit dem sichergestellt wird, dass die \u00dcbertragung von Informationen und Daten, die \u00fcber die Anwendung laufen, sicher ist.<br \/>Dar\u00fcber hinaus verpflichtet sich der f\u00fcr die Verarbeitung Verantwortliche, den Nutzer im Falle der Berichtigung oder L\u00f6schung von Daten zu benachrichtigen, es sei denn, dies w\u00e4re f\u00fcr ihn mit unverh\u00e4ltnism\u00e4\u00dfigen Formalit\u00e4ten, Kosten und Aufwand verbunden. F\u00fcr den Fall, dass die Integrit\u00e4t, Vertraulichkeit oder Sicherheit der Nutzer gef\u00e4hrdet ist, verpflichtet sich der f\u00fcr die Verarbeitung Verantwortliche, den Nutzer auf jede erdenkliche Weise zu informieren.<\/p><p><br \/><strong>6 - Hosting der Daten<\/strong><br \/>Die gesammelten Hosting-Daten werden von der Firma DigitalOcean LLC gehostet,<br \/>mit Sitz in 01 Avenue of the Americas, 10th Floor New York, NY 10013. Die Server<br \/>Die verwendeten Daten befinden sich innerhalb der Europ\u00e4ischen Union in Deutschland (Frankfurt).<\/p><p><br \/><strong>7 - Weitergabe von Daten<\/strong><br \/>Regioneo teilt die gesammelten Daten nicht anders als zum Zweck der Gew\u00e4hrleistung des ordnungsgem\u00e4\u00dfen Funktionierens der L\u00f6sung. Daten wie die IP-Adresse und die Art der von unseren Nutzern verwendeten Ger\u00e4te werden in verschl\u00fcsselter und anonymer Form gesammelt und mit unserer Software zur Fehlerberichterstattung (Sentry) geteilt.<\/p><p><br \/><strong>8 - Politik in Bezug auf Daten von Minderj\u00e4hrigen<\/strong><br \/>Die Regioneo-Anwendung ist nicht f\u00fcr Minderj\u00e4hrige bestimmt und sammelt keine Daten<br \/>personenbezogenen Daten mit Ausnahme derjenigen, die von den Endnutzern unserer Nutzer freiwillig zur Verf\u00fcgung gestellt werden. Wenn ein minderj\u00e4hriges Kind ohne seine Zustimmung Daten bereitgestellt hat,<br \/>kontaktieren Sie uns unter folgender Adresse, damit wir sie so schnell wie m\u00f6glich l\u00f6schen k\u00f6nnen: pierre.tubiana@bm-services.com<\/p><p><br \/><strong>9 - Annahme und \u00c4nderung dieser Datenschutzrichtlinie<\/strong><br \/>Durch die Nutzung von Regioneo best\u00e4tigt der Nutzer, dass er diese Datenschutzrichtlinie gelesen und verstanden hat.<br \/>und akzeptiert die Bedingungen dieser Datenschutzrichtlinie. Diese Datenschutzrichtlinie kann sich \u00e4ndern, um ihre \u00dcbereinstimmung mit dem geltenden Recht zu gew\u00e4hrleisten, und der Nutzer sollte sie regelm\u00e4\u00dfig \u00fcberpr\u00fcfen.<\/p><p><br \/><strong>10 - Recht, sich an die zust\u00e4ndige Kontrollbeh\u00f6rde zu wenden<\/strong><br \/>Bei Streitigkeiten \u00fcber die Verarbeitung von Daten ermutigen wir unsere Nutzer, sich an<br \/>Sie k\u00f6nnen sich an unsere Teams wenden, um eine zufriedenstellende L\u00f6sung zu finden. Der Nutzer hat das Recht, sich an die CNIL (Commission Nationale de l'Informatique et des Libert\u00e9s) zu wenden,<br \/>https:\/\/www.cnil.fr) oder jeder zust\u00e4ndige Richter.<\/p>\t\t\t\t\t\t\t\t<\/div>\n\t\t\t\t<\/div>\n\t\t\t\t\t<\/div>\n\t\t\t\t<\/div>\n\t\t\t\t<\/div>","protected":false},"excerpt":{"rendered":"<p>Conditions g\u00e9n\u00e9rales d\u2019utilisation et collecte des donn\u00e9es La pr\u00e9sente politique de confidentialit\u00e9 a pour objet d&rsquo;expliquer aux utilisateurs de la solution Regioneo (\u00ab ci-apr\u00e8s Regioneo \u00bb), conform\u00e9ment \u00e0 la l\u00e9gislation en vigueur, les efforts d\u00e9ploy\u00e9s pour prot\u00e9ger les donn\u00e9es personnelles des utilisateurs et garantir la confidentialit\u00e9 de celles-ci ainsi que des donn\u00e9es pour lesquelles nous [&hellip;]<\/p>","protected":false},"author":1,"featured_media":0,"parent":0,"menu_order":0,"comment_status":"closed","ping_status":"closed","template":"","meta":{"_seopress_robots_primary_cat":"","_seopress_titles_title":"Politique de confidentialit\u00e9 - Regioneo","_seopress_titles_desc":"Politique de confidentialit\u00e9 de Regioneo","_seopress_robots_index":"","footnotes":""},"class_list":["post-137","page","type-page","status-publish","hentry"],"_links":{"self":[{"href":"https:\/\/www.regioneo.com\/de\/wp-json\/wp\/v2\/pages\/137","targetHints":{"allow":["GET"]}}],"collection":[{"href":"https:\/\/www.regioneo.com\/de\/wp-json\/wp\/v2\/pages"}],"about":[{"href":"https:\/\/www.regioneo.com\/de\/wp-json\/wp\/v2\/types\/page"}],"author":[{"embeddable":true,"href":"https:\/\/www.regioneo.com\/de\/wp-json\/wp\/v2\/users\/1"}],"replies":[{"embeddable":true,"href":"https:\/\/www.regioneo.com\/de\/wp-json\/wp\/v2\/comments?post=137"}],"version-history":[{"count":10,"href":"https:\/\/www.regioneo.com\/de\/wp-json\/wp\/v2\/pages\/137\/revisions"}],"predecessor-version":[{"id":1144,"href":"https:\/\/www.regioneo.com\/de\/wp-json\/wp\/v2\/pages\/137\/revisions\/1144"}],"wp:attachment":[{"href":"https:\/\/www.regioneo.com\/de\/wp-json\/wp\/v2\/media?parent=137"}],"curies":[{"name":"wp","href":"https:\/\/api.w.org\/{rel}","templated":true}]}}