{"id":646,"date":"2024-10-15T12:08:03","date_gmt":"2024-10-15T10:08:03","guid":{"rendered":"https:\/\/www.regioneo.com\/?page_id=646"},"modified":"2024-11-06T11:14:34","modified_gmt":"2024-11-06T10:14:34","slug":"faq","status":"publish","type":"page","link":"https:\/\/www.regioneo.com\/de\/faq\/","title":{"rendered":"FAQ"},"content":{"rendered":"<div data-elementor-type=\"wp-page\" data-elementor-id=\"646\" class=\"elementor elementor-646\" data-elementor-post-type=\"page\">\n\t\t\t\t<div class=\"elementor-element elementor-element-bb2869c e-flex e-con-boxed e-con e-parent\" data-id=\"bb2869c\" data-element_type=\"container\">\n\t\t\t\t\t<div class=\"e-con-inner\">\n\t\t\t\t<div class=\"elementor-element elementor-element-a66dba9 elementor-widget elementor-widget-heading\" data-id=\"a66dba9\" data-element_type=\"widget\" data-widget_type=\"heading.default\">\n\t\t\t\t<div class=\"elementor-widget-container\">\n\t\t\t\t\t<h1 class=\"elementor-heading-title elementor-size-default\">FAQ<\/h1>\t\t\t\t<\/div>\n\t\t\t\t<\/div>\n\t\t\t\t\t<\/div>\n\t\t\t\t<\/div>\n\t\t<div class=\"elementor-element elementor-element-45fcdcb e-flex e-con-boxed e-con e-parent\" data-id=\"45fcdcb\" data-element_type=\"container\">\n\t\t\t\t\t<div class=\"e-con-inner\">\n\t\t\t\t<div class=\"elementor-element elementor-element-4a60055 elementor-widget__width-initial elementor-widget elementor-widget-text-editor\" data-id=\"4a60055\" data-element_type=\"widget\" data-widget_type=\"text-editor.default\">\n\t\t\t\t<div class=\"elementor-widget-container\">\n\t\t\t\t\t\t\t\t\t<p><span style=\"font-weight: 400;\">Willkommen bei den h\u00e4ufig gestellten Fragen (FAQ)! Wenn Sie keine Antwort auf Ihre Frage finden :\u00a0<\/span><\/p>\t\t\t\t\t\t\t\t<\/div>\n\t\t\t\t<\/div>\n\t\t\t\t<div class=\"elementor-element elementor-element-da8b709 elementor-widget elementor-widget-button\" data-id=\"da8b709\" data-element_type=\"widget\" data-widget_type=\"button.default\">\n\t\t\t\t<div class=\"elementor-widget-container\">\n\t\t\t\t\t\t\t\t\t<div class=\"elementor-button-wrapper\">\n\t\t\t\t\t<a class=\"elementor-button elementor-button-link elementor-size-sm\" href=\"\">\n\t\t\t\t\t\t<span class=\"elementor-button-content-wrapper\">\n\t\t\t\t\t\t\t\t\t<span class=\"elementor-button-text\">Kontaktieren Sie uns<\/span>\n\t\t\t\t\t<\/span>\n\t\t\t\t\t<\/a>\n\t\t\t\t<\/div>\n\t\t\t\t\t\t\t\t<\/div>\n\t\t\t\t<\/div>\n\t\t\t\t\t<\/div>\n\t\t\t\t<\/div>\n\t\t<div class=\"elementor-element elementor-element-d9904c1 e-flex e-con-boxed e-con e-parent\" data-id=\"d9904c1\" data-element_type=\"container\">\n\t\t\t\t\t<div class=\"e-con-inner\">\n\t\t\t\t<div class=\"elementor-element elementor-element-1192dae elementor-widget elementor-widget-text-editor\" data-id=\"1192dae\" data-element_type=\"widget\" data-widget_type=\"text-editor.default\">\n\t\t\t\t<div class=\"elementor-widget-container\">\n\t\t\t\t\t\t\t\t\t<h3><b>F1 - Wie fange ich mit Regioneo an?<\/b><\/h3><p><span style=\"font-weight: 400;\">Schicken Sie uns einfach eine E-Mail und wir melden uns so schnell wie m\u00f6glich bei Ihnen zur\u00fcck, um Ihnen zu sagen, wie Sie vorgehen m\u00fcssen und welche Elemente wir brauchen (Adresse, Katalog mit Preisen usw.). Sobald wir alle Elemente haben, erstellen wir Ihre Website und Sie k\u00f6nnen mit dem Online-Verkauf beginnen! Das Ganze kann weniger als einen Tag dauern, wenn die Elemente schnell bei uns eintreffen.<\/span><\/p><h3><b>F2 - Ist Regioneo kostenlos?<\/b><\/h3><p><span style=\"font-weight: 400;\">Ja! F\u00fcr die ersten 100 Anmeldungen ist es ein Jahr lang kostenlos. W\u00e4hrend dieser Zeit profitieren Sie von allen Funktionen, um Ihre Website in den Griff zu bekommen. Nach Ablauf des Jahres steht es Ihnen frei, mit uns weiterzumachen oder sich von uns abzumelden. Wir werden mit Ihnen eine Bestandsaufnahme machen, bevor Sie eine kostenpflichtige Verpflichtung eingehen.\u00a0<\/span><\/p><h3><b>F3 - Kann ich mit Regioneo mehrere Auszahlungsstellen verwalten?<\/b><\/h3><p><span style=\"font-weight: 400;\">Sie k\u00f6nnen mehrere Abholstellen verwalten und ihnen jeweils unterschiedliche Zeitfenster zuweisen. Produkte k\u00f6nnen auch an eine Abholstelle gebunden werden, sodass sie nur dort abgeholt werden k\u00f6nnen.\u00a0<\/span><\/p><h3><b>F4 - Welche Vorteile bietet Regioneo im Vergleich zu anderen E-Commerce-L\u00f6sungen?\u00a0<\/b><\/h3><p><span style=\"font-weight: 400;\">Mit Regioneo k\u00f6nnen Sie \u00fcber einen pers\u00f6nlichen, auf Ihr Image zugeschnittenen Online-Shop verf\u00fcgen, in dem Sie die Kontrolle \u00fcber Ihre Preise und die gesamte Verf\u00fcgbarkeit Ihres Produktkatalogs haben. Wir bieten Ihnen eine pers\u00f6nliche Betreuung \u00fcber den Austauschkanal Ihrer Wahl (E-Mail, Whatsapp, Telefon usw.). Schlie\u00dflich achten wir auf alle Ihre R\u00fcckmeldungen, denn sie sind es, die es uns erm\u00f6glichen, zu wachsen und die L\u00f6sung st\u00e4ndig zu verbessern, damit sie f\u00fcr alle Produzenten geeignet ist! <\/span><\/p>\t\t\t\t\t\t\t\t<\/div>\n\t\t\t\t<\/div>\n\t\t\t\t\t<\/div>\n\t\t\t\t<\/div>\n\t\t\t\t<\/div>","protected":false},"excerpt":{"rendered":"<p>FAQ Bienvenue \u00e0 la foire aux questions (FAQ) ! Si vous ne trouvez pas de r\u00e9ponse \u00e0 votre question :\u00a0 Contactez-nous Q1 &#8211; Comment d\u00e9buter avec Regioneo ? Il suffit de nous envoyer un mail et nous reviendrons vers vous au plus vite pour vous donner la marche \u00e0 suivre et les \u00e9l\u00e9ments dont nous [&hellip;]<\/p>","protected":false},"author":1,"featured_media":0,"parent":0,"menu_order":0,"comment_status":"closed","ping_status":"closed","template":"","meta":{"_seopress_robots_primary_cat":"","_seopress_titles_title":"FAQ - Pour Obtenir des R\u00e9ponses aux Questions G\u00e9n\u00e9rales - Regioneo","_seopress_titles_desc":"Consultez notre FAQ pour obtenir des r\u00e9ponses aux questions les plus pos\u00e9es. Si ce n'est pas suffisant : Contactez-nous via notre formulaire !","_seopress_robots_index":"","footnotes":""},"class_list":["post-646","page","type-page","status-publish","hentry"],"_links":{"self":[{"href":"https:\/\/www.regioneo.com\/de\/wp-json\/wp\/v2\/pages\/646","targetHints":{"allow":["GET"]}}],"collection":[{"href":"https:\/\/www.regioneo.com\/de\/wp-json\/wp\/v2\/pages"}],"about":[{"href":"https:\/\/www.regioneo.com\/de\/wp-json\/wp\/v2\/types\/page"}],"author":[{"embeddable":true,"href":"https:\/\/www.regioneo.com\/de\/wp-json\/wp\/v2\/users\/1"}],"replies":[{"embeddable":true,"href":"https:\/\/www.regioneo.com\/de\/wp-json\/wp\/v2\/comments?post=646"}],"version-history":[{"count":10,"href":"https:\/\/www.regioneo.com\/de\/wp-json\/wp\/v2\/pages\/646\/revisions"}],"predecessor-version":[{"id":1042,"href":"https:\/\/www.regioneo.com\/de\/wp-json\/wp\/v2\/pages\/646\/revisions\/1042"}],"wp:attachment":[{"href":"https:\/\/www.regioneo.com\/de\/wp-json\/wp\/v2\/media?parent=646"}],"curies":[{"name":"wp","href":"https:\/\/api.w.org\/{rel}","templated":true}]}}