{"id":925,"date":"2024-09-25T16:39:58","date_gmt":"2024-09-25T14:39:58","guid":{"rendered":"https:\/\/www.regioneo.com\/privacy-policy\/"},"modified":"2024-11-12T17:09:26","modified_gmt":"2024-11-12T16:09:26","slug":"datenschutzrichtlinie","status":"publish","type":"page","link":"https:\/\/www.regioneo.com\/de\/datenschutzrichtlinie\/","title":{"rendered":"Privacy Policy"},"content":{"rendered":"<div data-elementor-type=\"wp-page\" data-elementor-id=\"925\" class=\"elementor elementor-925\" data-elementor-post-type=\"page\">\n\t\t\t\t<div class=\"elementor-element elementor-element-631f62f e-flex e-con-boxed e-con e-parent\" data-id=\"631f62f\" data-element_type=\"container\">\n\t\t\t\t\t<div class=\"e-con-inner\">\n\t\t\t\t<div class=\"elementor-element elementor-element-842c1c5 elementor-widget elementor-widget-text-editor\" data-id=\"842c1c5\" data-element_type=\"widget\" data-widget_type=\"text-editor.default\">\n\t\t\t\t<div class=\"elementor-widget-container\">\n\t\t\t\t\t\t\t\t\t<h1>Nutzungsbedingungen und Datensammlung<\/h1>\n<p>Diese Datenschutzrichtlinie soll den Nutzern der Regioneo-L\u00f6sung (\u00abnachfolgend Regioneo\u00bb) in \u00dcbereinstimmung mit der aktuellen Gesetzgebung die Bem\u00fchungen zum Schutz der personenbezogenen Daten der Nutzer und zur Gew\u00e4hrleistung der Vertraulichkeit dieser Daten sowie aller Daten, f\u00fcr die wir als Verarbeiter fungieren, erl\u00e4utern. Diese Seite soll Informationen \u00fcber die von Regioneo gesammelten Daten, die Zwecke, die ihre Verarbeitung rechtfertigen, und die den Nutzern zur Verf\u00fcgung stehenden Rechte bereitstellen. <\/p>\n<p><strong>1 - Gesammelte Daten und Zwecke<\/strong><br \/>Die gesammelten Daten sollen es den Benutzern erm\u00f6glichen, sich sicher bei Regioneo zu registrieren und einzuloggen und die Funktionen zu nutzen. It may also be used by our teams to send informational emails about new features or actions required to ensure the continuity of services offered by the application (such as important updates) or to improve the user experience. In diesem Zusammenhang sammeln wir die folgenden Daten von unseren Nutzern und sind direkt f\u00fcr deren Verarbeitung verantwortlich: Name, erster Name, Adresse, E-Mail-Adresse, Telefonnummer, vom Nutzer eingegebene Produkte und Dienstleistungen, Einnahmen aus \u00fcber die Anwendung verwalteten Waren, statistische Daten aus \u00fcber die Anwendung verwalteten Waren.  <br \/>Dar\u00fcber hinaus k\u00f6nnen wir als Teil der Funktionen von Regioneo und zur Gew\u00e4hrleistung der ordnungsgem\u00e4\u00dfen Erf\u00fcllung des Vertrags zwischen dem Nutzer und seinen Endnutzern im Auftrag des Endnutzers als Verarbeiter die folgenden Daten sammeln: Name, erster Name, Adresse, E-Mail, Telefonnummer, Bestelldetails, gesendete Nachrichten, Daten zur Anzahl der Bestellungen.<\/p>\n<p><strong>2 - Methods of Data Collection<\/strong><br \/>Benutzerdaten werden entweder w\u00e4hrend der Erstregistrierung bei Regioneo \u00fcber das entsprechende Formular oder w\u00e4hrend ihrer Interaktion mit unseren Teams gesammelt. The collection of data related to the proper execution of contracts between our users and their end users, where we act as a processor, takes place at the time of the contract's execution between the user and their end users and is considered as consigned by all parties under the terms and conditions provided to the end users by the user. Keine anderen Daten werden von der Anwendung oder unseren Teams ohne die ausdr\u00fcckliche Zustimmung der betroffenen Personen gesammelt, und sie werden nur f\u00fcr die legitimen Zwecke verwendet, die mit ihnen vereinbart wurden.  <\/p>\n<p><strong>3 - Data Retention Period and User Rights<\/strong><br \/>Um das reibungslose Funktionieren von Regioneo zu gew\u00e4hrleisten und den Benutzern das Einloggen in ihre Konten zu erm\u00f6glichen, speichern wir Benutzerdaten f\u00fcr die gesamte Dauer der Nutzung der Anwendung durch die Benutzer. Unsere Mitarbeiter und Subunternehmer k\u00f6nnen nur auf Benutzerdaten zugreifen, soweit dies zur Erf\u00fcllung der in Punkt 1 dargelegten und definierten Ziele erforderlich ist. Die Benutzer haben jederzeit das Recht, ihre Daten zu \u00fcberpr\u00fcfen, darauf zuzugreifen, sie zu berichtigen, zu l\u00f6schen, zu \u00fcbertragen und der Verwendung ihrer Daten zu widersprechen, indem sie sich mit uns unter pierre.tubiana@bm-services.com in Verbindung setzen. Wir werden alles M\u00f6gliche tun, um ihrem Wunsch nachzukommen.   <\/p>\n<p><strong>4 - Cookies<\/strong><br \/>Wir sammeln auch Cookies, um die Sicherheit und Kontinuit\u00e4t unserer Dienste zu gew\u00e4hrleisten. Dazu geh\u00f6ren die folgenden Informationen: Datum und Uhrzeit der Verbindung eines Benutzers, die IP-Adresse des Ger\u00e4ts, mit dem auf die Anwendung zugegriffen wurde (wenn die App verwendet wird).<\/p>\n<p><strong>5 - Verpflichtungen und Sicherheit<\/strong><br \/>Die f\u00fcr Regioneo t\u00e4tigen Teams verpflichten sich, die gesammelten Daten weder direkt als Datenkontrolleur noch indirekt als Prozessor mit Dritten zu teilen, ohne den Benutzer zu informieren und sicherzustellen, dass die Zwecke, f\u00fcr die die Daten gesammelt wurden, eingehalten werden. Die Anwendung verf\u00fcgt \u00fcber ein SSL-Zertifikat, um sicherzustellen, dass die \u00dcbertragung von Informationen und Daten durch die Anwendung sicher ist. <br \/>Furthermore, the data controller commits to notify the user in the event of rectification or deletion of data, unless this would involve disproportionate formalities, costs, or efforts. In the event that the integrity, confidentiality, or security of user data is compromised, the data controller commits to inform the user by any available means. <\/p>\n<p><strong>6 - Data Hosting<\/strong><br \/>Die gesammelten Daten werden von DigitalOcean LLC gehostet, mit Sitz in 01 Avenue of the Americas, 10th Floor, New York, NY 10013. Die verwendeten Server befinden sich innerhalb der Europ\u00e4ischen Union, in Deutschland (Frankfurt). <\/p>\n<p><strong>7 - Data Sharing<\/strong><br \/>Regioneo gibt keine gesammelten Daten weiter, au\u00dfer um das reibungslose Funktionieren der L\u00f6sung zu gew\u00e4hrleisten. Daten wie die IP-Adresse und der Typ der von unseren Nutzern verwendeten Ger\u00e4te werden gesammelt und in verschl\u00fcsselter und anonymer Form mit unserer Fehlerberichterstattungssoftware (Sentry) geteilt. <\/p>\n<p><strong>8 - Policy Regarding Data Concerning Minors (Richtlinie zu Daten \u00fcber Minderj\u00e4hrige)<\/strong><br \/>Die Regioneo-Anwendung ist nicht f\u00fcr Minderj\u00e4hrige bestimmt und sammelt keine personenbezogenen Daten, mit Ausnahme der Daten, die von den Endbenutzern unserer Benutzer freiwillig zur Verf\u00fcgung gestellt werden. Wenn ein Minderj\u00e4hriger ohne Zustimmung Daten zur Verf\u00fcgung gestellt hat, kontaktieren Sie uns bitte unter folgender E-Mail-Adresse, damit wir diese so schnell wie m\u00f6glich l\u00f6schen k\u00f6nnen: pierre.tubiana@bm-services.com <\/p>\n<p><strong>9 - Annahme und \u00c4nderung dieser Datenschutzrichtlinie<\/strong><br \/>Durch die Nutzung von Regioneo best\u00e4tigt der Nutzer, dass er diese Datenschutzrichtlinie gelesen und verstanden hat und mit ihren Bedingungen einverstanden ist. Diese Datenschutzrichtlinie kann sich \u00e4ndern, um ihre \u00dcbereinstimmung mit dem geltenden Recht zu gew\u00e4hrleisten, und der Nutzer wird aufgefordert, sie regelm\u00e4\u00dfig zu \u00fcberpr\u00fcfen. <\/p>\n<p><strong>10 - Recht, die zust\u00e4ndige Aufsichtsbeh\u00f6rde zu kontaktieren<\/strong><br \/>Im Falle eines Streits \u00fcber die Datenverarbeitung empfehlen wir unseren Nutzern, sich an unser Team zu wenden, um eine zufriedenstellende L\u00f6sung zu finden. Der Nutzer hat das Recht, sich an die CNIL (Commission Nationale de l'Informatique et des Libert\u00e9s, https:\/\/www.cnil.fr) oder an jeden zust\u00e4ndigen Richter zu wenden. <\/p>\n\t\t\t\t\t\t\t\t<\/div>\n\t\t\t\t<\/div>\n\t\t\t\t\t<\/div>\n\t\t\t\t<\/div>\n\t\t\t\t<\/div>","protected":false},"excerpt":{"rendered":"<p>Terms of Use and Data Collection This privacy policy aims to explain to users of the Regioneo solution (\u00ab\u00a0hereinafter Regioneo\u00a0\u00bb), in accordance with current legislation, the efforts made to protect users&rsquo; personal data and ensure the confidentiality of that data, as well as any data for which we act as a processor. This page is [&hellip;]<\/p>","protected":false},"author":1,"featured_media":0,"parent":0,"menu_order":0,"comment_status":"closed","ping_status":"closed","template":"","meta":{"_seopress_robots_primary_cat":"","_seopress_titles_title":"Privacy Policy - Regioneo","_seopress_titles_desc":"Privacy Policy - Regioneo","_seopress_robots_index":"","footnotes":""},"class_list":["post-925","page","type-page","status-publish","hentry"],"_links":{"self":[{"href":"https:\/\/www.regioneo.com\/de\/wp-json\/wp\/v2\/pages\/925","targetHints":{"allow":["GET"]}}],"collection":[{"href":"https:\/\/www.regioneo.com\/de\/wp-json\/wp\/v2\/pages"}],"about":[{"href":"https:\/\/www.regioneo.com\/de\/wp-json\/wp\/v2\/types\/page"}],"author":[{"embeddable":true,"href":"https:\/\/www.regioneo.com\/de\/wp-json\/wp\/v2\/users\/1"}],"replies":[{"embeddable":true,"href":"https:\/\/www.regioneo.com\/de\/wp-json\/wp\/v2\/comments?post=925"}],"version-history":[{"count":3,"href":"https:\/\/www.regioneo.com\/de\/wp-json\/wp\/v2\/pages\/925\/revisions"}],"predecessor-version":[{"id":1145,"href":"https:\/\/www.regioneo.com\/de\/wp-json\/wp\/v2\/pages\/925\/revisions\/1145"}],"wp:attachment":[{"href":"https:\/\/www.regioneo.com\/de\/wp-json\/wp\/v2\/media?parent=925"}],"curies":[{"name":"wp","href":"https:\/\/api.w.org\/{rel}","templated":true}]}}