{"id":929,"date":"2024-09-25T16:39:58","date_gmt":"2024-09-25T14:39:58","guid":{"rendered":"https:\/\/www.regioneo.com\/politica-de-privacidad\/"},"modified":"2024-11-12T17:09:26","modified_gmt":"2024-11-12T16:09:26","slug":"politica-de-privacidad","status":"publish","type":"page","link":"https:\/\/www.regioneo.com\/de\/politica-de-privacidad\/","title":{"rendered":"Pol\u00edtica de Privacidad"},"content":{"rendered":"<div data-elementor-type=\"wp-page\" data-elementor-id=\"929\" class=\"elementor elementor-929\" data-elementor-post-type=\"page\">\n\t\t\t\t<div class=\"elementor-element elementor-element-631f62f e-flex e-con-boxed e-con e-parent\" data-id=\"631f62f\" data-element_type=\"container\">\n\t\t\t\t\t<div class=\"e-con-inner\">\n\t\t\t\t<div class=\"elementor-element elementor-element-842c1c5 elementor-widget elementor-widget-text-editor\" data-id=\"842c1c5\" data-element_type=\"widget\" data-widget_type=\"text-editor.default\">\n\t\t\t\t<div class=\"elementor-widget-container\">\n\t\t\t\t\t\t\t\t\t<h1>T\u00e9rminos de Uso y Recopilaci\u00f3n de Datos (Datenverwendungsrichtlinien und -kopien)<\/h1>\n<p>Esta pol\u00edtica de privacidad tiene como objetivo explicar a los usuarios de la soluci\u00f3n Regioneo (\u00aben adelante Regioneo\u00bb), de acuerdo con la legislaci\u00f3n vigente, los esfuerzos realizados para proteger los datos personales de los usuarios y garantizar la confidencialidad de estos, as\u00ed como los datos para los cuales actuamos como procesadores. Esta p\u00e1gina tiene como objetivo proporcionar informaci\u00f3n sobre los datos recopilados por Regioneo, los objetivos que justifican su tratamiento y los derechos de los usuarios. <\/p>\n<p><strong>1 - Datos Recopilados y Objetivos (Kopierte Daten und Ziele)<\/strong><br \/>Los datos recopilados tienen como objetivo permitir a los usuarios registrarse e iniciar sesi\u00f3n de manera segura en Regioneo y utilizar sus funciones. Tambi\u00e9n pueden ser utilizados por nuestros equipos para enviar correos electr\u00f3nicos informativos sobre nuevas funciones o acciones que se deben realizar para asegurar la continuidad de las funcionalidades ofrecidas por la aplicaci\u00f3n (como actualizaciones importantes) o para mejorar la experiencia del usuario. In diesem Zusammenhang erfassen wir und sind direkt f\u00fcr die Verarbeitung der folgenden Daten unserer Nutzer verantwortlich: Name, Vorname, Adresse, E-Mail-Adresse, Telefonnummer, Produkte und Dienstleistungen, die vom Nutzer eingegeben wurden, Rechnungsstellung f\u00fcr die \u00fcber die Anwendung verwalteten Waren, statistische Daten der \u00fcber die Anwendung verwalteten Waren.  <br \/>Adem\u00e1s, en el marco de las funcionalidades de Regioneo, y para garantizar la correcta ejecuci\u00f3n del contrato entre el usuario y sus usuarios finales, podemos recopilar los siguientes datos en nombre de estos \u00faltimos como procesadores: Anzahl, Namen, Anschrift, E-Mail-Adresse, Telefonnummer, Details der durchgef\u00fchrten Auftr\u00e4ge, versandte Meldungen, Daten in Bezug auf die Auftragsnummer.<\/p>\n<p><strong>2 - Methoden der Datenerfassung<\/strong><br \/>Die Daten der Nutzer werden entweder w\u00e4hrend der urspr\u00fcnglichen Registrierung in Regioneo \u00fcber das entsprechende Formular oder w\u00e4hrend der Interaktion mit unseren Ger\u00e4ten kopiert. Die Rekopilierung von Daten, die mit der korrekten Durchf\u00fchrung der Vertr\u00e4ge unserer Nutzer mit ihren Endnutzern in Zusammenhang stehen, wobei wir als Prozessoren fungieren, erfolgt zum Zeitpunkt der Durchf\u00fchrung des Vertrags zwischen dem Nutzer und seinen Endnutzern und wird von allen Parteien im Rahmen der Bestimmungen und Bedingungen, die der Nutzer seinen Endnutzern zur Verf\u00fcgung stellt, akzeptiert. No se recopilar\u00e1n otros datos por parte de la aplicaci\u00f3n o nuestros equipos sin el consentimiento expl\u00edcito de las personas involucradas, y solo se utilizar\u00e1n para los fines leg\u00edtimos acordados con ellas.  <\/p>\n<p><strong>3 - Dauer der Aufbewahrung und Rechte der Nutzer<\/strong><br \/>Um die ordnungsgem\u00e4\u00dfe Funktion von Regioneo zu gew\u00e4hrleisten und den Nutzern die M\u00f6glichkeit zu geben, sich mit unserer Datenbank zu verbinden, bewahren wir die Daten der Nutzer w\u00e4hrend der gesamten Nutzungsdauer der Anwendung auf. Nuestros colaboradores y subcontratistas solo pueden accedere a los datos de los usuarios en la medida necesaria para garantizar la ejecuci\u00f3n de los objetivos establecidos y definidos en el punto 1. Los usuarios tienen en todo momento el derecho de verificar, acceder, rectificar, eliminar, transferir y oponerse al uso de sus datos contact\u00e1ndonos a pierre.tubiana@bm-services.com. Haremos todo lo posible para satisfacer su solicitud.   <\/p>\n<p><strong>4 - Cookies<\/strong><br \/>Au\u00dferdem kopieren wir Cookies, um die Sicherheit und Kontinuit\u00e4t unserer Dienste zu gew\u00e4hrleisten. Dazu geh\u00f6ren: Datum und Uhrzeit der Anmeldung eines Nutzers, die IP-Adresse des Ger\u00e4ts, das Sie f\u00fcr den Zugriff auf die Anwendung verwenden (wenn Sie die App verwenden).<\/p>\n<p><strong>5 - Obligaciones y Seguridad<\/strong><br \/>Los equipos que trabajan para Regioneo se comprometen a no transmitir los datos recopilados directamente como responsabilidades de datos o indirectamente como procesadores a terceros sin informar al usuario y a respetar los fins para los cuales se recopilaron dichos datos. La aplicaci\u00f3n cuenta con un certificado SSL que garantiza que la transferencia de informaci\u00f3n y datos a trav\u00e9s de la aplicaci\u00f3n sea segura. <br \/>Adem\u00e1s, el responsable del tratamiento se compromete a notificar al usuario en caso de rectificaci\u00f3n o eliminaci\u00f3n de los datos, a menos que ello implique formalidades, costos o tr\u00e1mites desproporcionados. Im Falle, dass die Integrit\u00e4t, Vertraulichkeit oder Sicherheit der Daten der Nutzer beeintr\u00e4chtigt wird, verpflichtet sich der Verantwortliche f\u00fcr die Verarbeitung, den Nutzer \u00fcber jedes verf\u00fcgbare Medium zu informieren. <\/p>\n<p><strong>6 - Alojamiento de Datos (Datenspeicher)<\/strong><br \/>Los datos recopilados son alojados por DigitalOcean LLC, con domicilio en 01 Avenue of the Americas, 10th Floor, Nueva York, NY 10013. Los servidores utilizados est\u00e1n ubicados dentro de la Uni\u00f3n Europea, en Alemania (Fr\u00e1ncfort). <\/p>\n<p><strong>7 - Vergleich von Daten<\/strong><br \/>Regioneo vergleicht die rekopierten Daten nicht, au\u00dfer um die korrekte Funktion der L\u00f6sung zu gew\u00e4hrleisten. Die Daten, wie die IP-Adresse und die Art der von unseren Nutzern verwendeten Ger\u00e4te, werden von unserer Software f\u00fcr Fehlerinformationen (Sentry) in anonymisierter Form kopiert und verglichen. <\/p>\n<p><strong>8 - Pol\u00edtica sobre Datos Relativos a Menores (Politik zu personenbezogenen Daten)<\/strong><br \/>Die Regioneo-Anwendung ist nicht f\u00fcr Minderj\u00e4hrige bestimmt und erfasst keine personenbezogenen Daten, es sei denn, es handelt sich um Daten, die freiwillig von Endnutzern unserer Nutzer bereitgestellt wurden. Wenn ein Minderj\u00e4hriger ohne seine Zustimmung Daten bereitgestellt hat, wenden Sie sich bitte an die folgende E-Mail-Adresse, um sie so schnell wie m\u00f6glich zu entfernen: pierre.tubiana@bm-services.com <\/p>\n<p><strong>9 - Aceptaci\u00f3n y Modificaci\u00f3n de Esta Pol\u00edtica de Privacidad (Annahme und \u00c4nderung dieser Datenschutzrichtlinie)<\/strong><br \/>Al utilizar Regioneo, el usuario certifica que ha le\u00eddo y comprendido esta pol\u00edtica de privacidad y acepta sus t\u00e9rminos. Esta pol\u00edtica de privacy puede evolucionar para garantizar su cumplimiento con la legislaci\u00f3n vigente, y se invita al usuario a consultarla regularmente. <\/p>\n<p><strong>10 - Derecho a Contactar a la Autoridad de Control Competente<\/strong><br \/>Im Falle eines Streits \u00fcber die Verarbeitung von Daten wenden sich unsere Nutzer an unsere Mitarbeiter, um eine zufriedenstellende L\u00f6sung zu finden. El usuario tiene derecho a contactar con la CNIL (Comisi\u00f3n Nacional de Inform\u00e1tica y Libertades, https:\/\/www.cnil.fr) o con cualquier juez competente. <\/p>\n\t\t\t\t\t\t\t\t<\/div>\n\t\t\t\t<\/div>\n\t\t\t\t\t<\/div>\n\t\t\t\t<\/div>\n\t\t\t\t<\/div>","protected":false},"excerpt":{"rendered":"<p>T\u00e9rminos de Uso y Recopilaci\u00f3n de Datos Esta pol\u00edtica de privacidad tiene como objetivo explicar a los usuarios de la soluci\u00f3n Regioneo (\u00ab\u00a0en adelante Regioneo\u00a0\u00bb), de acuerdo con la legislaci\u00f3n vigente, los esfuerzos realizados para proteger los datos personales de los usuarios y garantizar la confidencialidad de estos, as\u00ed como los datos para los cuales [&hellip;]<\/p>","protected":false},"author":1,"featured_media":0,"parent":0,"menu_order":0,"comment_status":"closed","ping_status":"closed","template":"","meta":{"_seopress_robots_primary_cat":"","_seopress_titles_title":"Pol\u00edtica de privacidad - Regioneo","_seopress_titles_desc":"Pol\u00edtica de privacidad - Regioneo","_seopress_robots_index":"","footnotes":""},"class_list":["post-929","page","type-page","status-publish","hentry"],"_links":{"self":[{"href":"https:\/\/www.regioneo.com\/de\/wp-json\/wp\/v2\/pages\/929","targetHints":{"allow":["GET"]}}],"collection":[{"href":"https:\/\/www.regioneo.com\/de\/wp-json\/wp\/v2\/pages"}],"about":[{"href":"https:\/\/www.regioneo.com\/de\/wp-json\/wp\/v2\/types\/page"}],"author":[{"embeddable":true,"href":"https:\/\/www.regioneo.com\/de\/wp-json\/wp\/v2\/users\/1"}],"replies":[{"embeddable":true,"href":"https:\/\/www.regioneo.com\/de\/wp-json\/wp\/v2\/comments?post=929"}],"version-history":[{"count":3,"href":"https:\/\/www.regioneo.com\/de\/wp-json\/wp\/v2\/pages\/929\/revisions"}],"predecessor-version":[{"id":1146,"href":"https:\/\/www.regioneo.com\/de\/wp-json\/wp\/v2\/pages\/929\/revisions\/1146"}],"wp:attachment":[{"href":"https:\/\/www.regioneo.com\/de\/wp-json\/wp\/v2\/media?parent=929"}],"curies":[{"name":"wp","href":"https:\/\/api.w.org\/{rel}","templated":true}]}}