{"id":129,"date":"2024-09-25T16:39:02","date_gmt":"2024-09-25T14:39:02","guid":{"rendered":"https:\/\/www.regioneo.com\/?page_id=129"},"modified":"2025-12-04T17:22:10","modified_gmt":"2025-12-04T16:22:10","slug":"a-propos","status":"publish","type":"page","link":"https:\/\/www.regioneo.com\/en\/a-propos\/","title":{"rendered":"About us"},"content":{"rendered":"<div data-elementor-type=\"wp-page\" data-elementor-id=\"129\" class=\"elementor elementor-129\" data-elementor-post-type=\"page\">\n\t\t\t\t<div class=\"elementor-element elementor-element-663adc5 e-con-full e-flex e-con e-parent\" data-id=\"663adc5\" data-element_type=\"container\" data-settings=\"{&quot;background_background&quot;:&quot;classic&quot;}\">\n\t\t<div class=\"elementor-element elementor-element-42f57f3 e-flex e-con-boxed e-con e-child\" data-id=\"42f57f3\" data-element_type=\"container\">\n\t\t\t\t\t<div class=\"e-con-inner\">\n\t\t\t\t<div class=\"elementor-element elementor-element-3a57c83 elementor-widget elementor-widget-heading\" data-id=\"3a57c83\" data-element_type=\"widget\" data-widget_type=\"heading.default\">\n\t\t\t\t<div class=\"elementor-widget-container\">\n\t\t\t\t\t<h1 class=\"elementor-heading-title elementor-size-default\">About us<\/h1>\t\t\t\t<\/div>\n\t\t\t\t<\/div>\n\t\t\t\t\t<\/div>\n\t\t\t\t<\/div>\n\t\t\t\t<\/div>\n\t\t<div class=\"elementor-element elementor-element-a70327e e-flex e-con-boxed e-con e-parent\" data-id=\"a70327e\" data-element_type=\"container\">\n\t\t\t\t\t<div class=\"e-con-inner\">\n\t\t\t\t<div class=\"elementor-element elementor-element-8aa6579 elementor-widget__width-initial elementor-widget elementor-widget-text-editor\" data-id=\"8aa6579\" data-element_type=\"widget\" data-widget_type=\"text-editor.default\">\n\t\t\t\t<div class=\"elementor-widget-container\">\n\t\t\t\t\t\t\t\t\t<p>The Regioneo Saas solution has been developed by the BM Services web agency. For over 20 years, our team has been supporting the digital transformation of craftsmen, retailers and businesses.<\/p>\t\t\t\t\t\t\t\t<\/div>\n\t\t\t\t<\/div>\n\t\t\t\t\t<\/div>\n\t\t\t\t<\/div>\n\t\t<div class=\"elementor-element elementor-element-611ae2b e-flex e-con-boxed e-con e-parent\" data-id=\"611ae2b\" data-element_type=\"container\">\n\t\t\t\t\t<div class=\"e-con-inner\">\n\t\t<div class=\"elementor-element elementor-element-7e4513c e-con-full e-flex e-con e-child\" data-id=\"7e4513c\" data-element_type=\"container\" data-settings=\"{&quot;background_background&quot;:&quot;classic&quot;}\">\n\t\t\t\t<div class=\"elementor-element elementor-element-b614d3b elementor-widget elementor-widget-image\" data-id=\"b614d3b\" data-element_type=\"widget\" data-widget_type=\"image.default\">\n\t\t\t\t<div class=\"elementor-widget-container\">\n\t\t\t\t\t\t\t\t\t\t\t\t\t\t\t<img fetchpriority=\"high\" decoding=\"async\" width=\"800\" height=\"600\" src=\"https:\/\/www.regioneo.com\/wp-content\/uploads\/2025\/12\/Donnee_anglais.jpg\" class=\"attachment-full size-full wp-image-1408\" alt=\"anti-waste figures in Europe\" srcset=\"https:\/\/www.regioneo.com\/wp-content\/uploads\/2025\/12\/Donnee_anglais.jpg 801w, https:\/\/www.regioneo.com\/wp-content\/uploads\/2025\/12\/Donnee_anglais-300x225.jpg 300w, https:\/\/www.regioneo.com\/wp-content\/uploads\/2025\/12\/Donnee_anglais-768x575.jpg 768w, https:\/\/www.regioneo.com\/wp-content\/uploads\/2025\/12\/Donnee_anglais-16x12.jpg 16w\" sizes=\"(max-width: 800px) 100vw, 800px\" \/>\t\t\t\t\t\t\t\t\t\t\t\t\t\t\t<\/div>\n\t\t\t\t<\/div>\n\t\t\t\t<\/div>\n\t\t<div class=\"elementor-element elementor-element-ae93056 e-con-full e-flex e-con e-child\" data-id=\"ae93056\" data-element_type=\"container\">\n\t\t\t\t<div class=\"elementor-element elementor-element-2576764 elementor-widget elementor-widget-heading\" data-id=\"2576764\" data-element_type=\"widget\" data-widget_type=\"heading.default\">\n\t\t\t\t<div class=\"elementor-widget-container\">\n\t\t\t\t\t<h2 class=\"elementor-heading-title elementor-size-default\">Combating waste, a social issue<\/h2>\t\t\t\t<\/div>\n\t\t\t\t<\/div>\n\t\t\t\t<div class=\"elementor-element elementor-element-642f01e elementor-widget elementor-widget-text-editor\" data-id=\"642f01e\" data-element_type=\"widget\" data-widget_type=\"text-editor.default\">\n\t\t\t\t<div class=\"elementor-widget-container\">\n\t\t\t\t\t\t\t\t\t<p><span style=\"font-weight: 400;\">Today, a large proportion of the food produced in France, Europe and the rest of the world is lost or wasted every year. In Europe, around 89 million tonnes of food are lost and thrown away every year, representing 20% of food production. This waste occurs at all stages: at the growers' where some fruit or vegetables are not picked (ugly fruit and vegetables, overproduction, etc.), at the intermediaries' and during the transport phases and sometimes even at the end customers'.<\/span><\/p>\n<p><span style=\"font-weight: 400;\">The estimated costs amount to 143 billion euros, affecting not only producers, but also consumers and our environment, since resources (water, soil, energy) have been used to produce them. It is now essential to rethink our food system in order to minimise food waste and move towards more sustainable solutions.<\/span><\/p>\t\t\t\t\t\t\t\t<\/div>\n\t\t\t\t<\/div>\n\t\t\t\t<\/div>\n\t\t\t\t\t<\/div>\n\t\t\t\t<\/div>\n\t\t<div class=\"elementor-element elementor-element-55a93c6 e-flex e-con-boxed e-con e-parent\" data-id=\"55a93c6\" data-element_type=\"container\">\n\t\t\t\t\t<div class=\"e-con-inner\">\n\t\t<div class=\"elementor-element elementor-element-d453ac2 e-con-full e-flex e-con e-child\" data-id=\"d453ac2\" data-element_type=\"container\" data-settings=\"{&quot;background_background&quot;:&quot;classic&quot;}\">\n\t\t\t\t<\/div>\n\t\t<div class=\"elementor-element elementor-element-1e128d3 e-con-full e-flex e-con e-child\" data-id=\"1e128d3\" data-element_type=\"container\">\n\t\t\t\t<div class=\"elementor-element elementor-element-35f97bf elementor-widget elementor-widget-heading\" data-id=\"35f97bf\" data-element_type=\"widget\" data-widget_type=\"heading.default\">\n\t\t\t\t<div class=\"elementor-widget-container\">\n\t\t\t\t\t<h2 class=\"elementor-heading-title elementor-size-default\">The SISTERS project as part of the Horizon 2020 programme<\/h2>\t\t\t\t<\/div>\n\t\t\t\t<\/div>\n\t\t\t\t<div class=\"elementor-element elementor-element-318e203 elementor-widget elementor-widget-text-editor\" data-id=\"318e203\" data-element_type=\"widget\" data-widget_type=\"text-editor.default\">\n\t\t\t\t<div class=\"elementor-widget-container\">\n\t\t\t\t\t\t\t\t\t<p>The Regioneo project is part of a wider project, the <span style=\"text-decoration: underline;\"><span style=\"color: #000000;\"><a style=\"color: #000000; text-decoration: underline;\" href=\"https:\/\/sistersproject.eu\/\">Sisters project<\/a><\/span><\/span> funded by the European Union as part of the Horizon 2020 call for projects. The Sisters project brings together 18 European players involved in the fight against food waste and aims to propose various innovations for a more sustainable approach to food production and distribution in Europe.<\/p>\t\t\t\t\t\t\t\t<\/div>\n\t\t\t\t<\/div>\n\t\t\t\t<div class=\"elementor-element elementor-element-66da73b elementor-mobile-align-justify elementor-widget elementor-widget-button\" data-id=\"66da73b\" data-element_type=\"widget\" data-widget_type=\"button.default\">\n\t\t\t\t<div class=\"elementor-widget-container\">\n\t\t\t\t\t\t\t\t\t<div class=\"elementor-button-wrapper\">\n\t\t\t\t\t<a class=\"elementor-button elementor-button-link elementor-size-sm\" href=\"https:\/\/sistersproject.eu\/\" target=\"_blank\">\n\t\t\t\t\t\t<span class=\"elementor-button-content-wrapper\">\n\t\t\t\t\t\t\t\t\t<span class=\"elementor-button-text\">Find out more<\/span>\n\t\t\t\t\t<\/span>\n\t\t\t\t\t<\/a>\n\t\t\t\t<\/div>\n\t\t\t\t\t\t\t\t<\/div>\n\t\t\t\t<\/div>\n\t\t\t\t<\/div>\n\t\t\t\t\t<\/div>\n\t\t\t\t<\/div>\n\t\t<div class=\"elementor-element elementor-element-ef18bd6 e-flex e-con-boxed e-con e-parent\" data-id=\"ef18bd6\" data-element_type=\"container\">\n\t\t\t\t\t<div class=\"e-con-inner\">\n\t\t<div class=\"elementor-element elementor-element-04b9783 e-con-full e-flex e-con e-child\" data-id=\"04b9783\" data-element_type=\"container\" data-settings=\"{&quot;background_background&quot;:&quot;classic&quot;}\">\n\t\t\t\t<\/div>\n\t\t<div class=\"elementor-element elementor-element-18a2fde e-con-full e-flex e-con e-child\" data-id=\"18a2fde\" data-element_type=\"container\">\n\t\t\t\t<div class=\"elementor-element elementor-element-d578c39 elementor-widget elementor-widget-heading\" data-id=\"d578c39\" data-element_type=\"widget\" data-widget_type=\"heading.default\">\n\t\t\t\t<div class=\"elementor-widget-container\">\n\t\t\t\t\t<h2 class=\"elementor-heading-title elementor-size-default\">BM Services agency<\/h2>\t\t\t\t<\/div>\n\t\t\t\t<\/div>\n\t\t\t\t<div class=\"elementor-element elementor-element-a4e02ed elementor-widget elementor-widget-text-editor\" data-id=\"a4e02ed\" data-element_type=\"widget\" data-widget_type=\"text-editor.default\">\n\t\t\t\t<div class=\"elementor-widget-container\">\n\t\t\t\t\t\t\t\t\t<p>Created in 2012 and based in Loz\u00e8re, BM Services is a team of 20 professionals spread across several skill centres. Depending on the project, we call on the expertise of the different divisions to provide the necessary know-how. This cross-functional organisation means we can adapt to any type of digital development or communication issue. In 2021, BM Services joined the SISTERS project to develop an e-commerce solution for fruit and vegetable producers.<\/p>\t\t\t\t\t\t\t\t<\/div>\n\t\t\t\t<\/div>\n\t\t\t\t<div class=\"elementor-element elementor-element-ee1ac73 elementor-mobile-align-justify elementor-widget elementor-widget-button\" data-id=\"ee1ac73\" data-element_type=\"widget\" data-widget_type=\"button.default\">\n\t\t\t\t<div class=\"elementor-widget-container\">\n\t\t\t\t\t\t\t\t\t<div class=\"elementor-button-wrapper\">\n\t\t\t\t\t<a class=\"elementor-button elementor-button-link elementor-size-sm\" href=\"https:\/\/bm-services.com\" target=\"_blank\">\n\t\t\t\t\t\t<span class=\"elementor-button-content-wrapper\">\n\t\t\t\t\t\t\t\t\t<span class=\"elementor-button-text\">Find out more<\/span>\n\t\t\t\t\t<\/span>\n\t\t\t\t\t<\/a>\n\t\t\t\t<\/div>\n\t\t\t\t\t\t\t\t<\/div>\n\t\t\t\t<\/div>\n\t\t\t\t<\/div>\n\t\t\t\t\t<\/div>\n\t\t\t\t<\/div>\n\t\t<div class=\"elementor-element elementor-element-019f60b e-grid e-con-boxed e-con e-parent\" data-id=\"019f60b\" data-element_type=\"container\">\n\t\t\t\t\t<div class=\"e-con-inner\">\n\t\t\t\t\t<\/div>\n\t\t\t\t<\/div>\n\t\t<div class=\"elementor-element elementor-element-dac05a1 e-flex e-con-boxed e-con e-parent\" data-id=\"dac05a1\" data-element_type=\"container\">\n\t\t\t\t\t<div class=\"e-con-inner\">\n\t\t<div class=\"elementor-element elementor-element-7387630 e-con-full e-flex e-con e-child\" data-id=\"7387630\" data-element_type=\"container\">\n\t\t\t\t<\/div>\n\t\t<div class=\"elementor-element elementor-element-b37ab03 e-con-full e-flex e-con e-child\" data-id=\"b37ab03\" data-element_type=\"container\">\n\t\t\t\t<\/div>\n\t\t\t\t\t<\/div>\n\t\t\t\t<\/div>\n\t\t\t\t<\/div>","protected":false},"excerpt":{"rendered":"<p>\u00c0 Propos La solution Saas Regioneo est d\u00e9velopp\u00e9e par l\u2019agence web BM Services. Depuis plus de 20 ans, notre \u00e9quipe accompagne la transformation digitale des artisans, commer\u00e7ants et des entreprises. Lutter contre le gaspillage, un enjeu de soci\u00e9t\u00e9 Aujourd\u2019hui, une grande partie de la nourriture produite en France, en Europe et dans le monde est [&hellip;]<\/p>","protected":false},"author":1,"featured_media":0,"parent":0,"menu_order":0,"comment_status":"closed","ping_status":"closed","template":"","meta":{"_seopress_robots_primary_cat":"","_seopress_titles_title":"A Propos de Regioneo : La Solution Anti-Gaspi pour Producteurs","_seopress_titles_desc":"D\u00e9couvrez Regioneo : Nous cr\u00e9ons pour vous un site e-commerce en moins d'une journ\u00e9e pour vendre vos fruits et l\u00e9gumes. Solution anti gaspi !","_seopress_robots_index":"","footnotes":""},"class_list":["post-129","page","type-page","status-publish","hentry"],"_links":{"self":[{"href":"https:\/\/www.regioneo.com\/en\/wp-json\/wp\/v2\/pages\/129","targetHints":{"allow":["GET"]}}],"collection":[{"href":"https:\/\/www.regioneo.com\/en\/wp-json\/wp\/v2\/pages"}],"about":[{"href":"https:\/\/www.regioneo.com\/en\/wp-json\/wp\/v2\/types\/page"}],"author":[{"embeddable":true,"href":"https:\/\/www.regioneo.com\/en\/wp-json\/wp\/v2\/users\/1"}],"replies":[{"embeddable":true,"href":"https:\/\/www.regioneo.com\/en\/wp-json\/wp\/v2\/comments?post=129"}],"version-history":[{"count":10,"href":"https:\/\/www.regioneo.com\/en\/wp-json\/wp\/v2\/pages\/129\/revisions"}],"predecessor-version":[{"id":2202,"href":"https:\/\/www.regioneo.com\/en\/wp-json\/wp\/v2\/pages\/129\/revisions\/2202"}],"wp:attachment":[{"href":"https:\/\/www.regioneo.com\/en\/wp-json\/wp\/v2\/media?parent=129"}],"curies":[{"name":"wp","href":"https:\/\/api.w.org\/{rel}","templated":true}]}}