{"id":137,"date":"2024-09-25T16:39:58","date_gmt":"2024-09-25T14:39:58","guid":{"rendered":"https:\/\/www.regioneo.com\/?page_id=137"},"modified":"2024-11-06T14:15:35","modified_gmt":"2024-11-06T13:15:35","slug":"privacy-policy-2","status":"publish","type":"page","link":"https:\/\/www.regioneo.com\/en\/privacy-policy-2\/","title":{"rendered":"Privacy Policy"},"content":{"rendered":"<div data-elementor-type=\"wp-page\" data-elementor-id=\"137\" class=\"elementor elementor-137\" data-elementor-post-type=\"page\">\n\t\t\t\t<div class=\"elementor-element elementor-element-631f62f e-flex e-con-boxed e-con e-parent\" data-id=\"631f62f\" data-element_type=\"container\">\n\t\t\t\t\t<div class=\"e-con-inner\">\n\t\t\t\t<div class=\"elementor-element elementor-element-842c1c5 elementor-widget elementor-widget-text-editor\" data-id=\"842c1c5\" data-element_type=\"widget\" data-widget_type=\"text-editor.default\">\n\t\t\t\t<div class=\"elementor-widget-container\">\n\t\t\t\t\t\t\t\t\t<h1>General conditions of use and data collection<\/h1><p>The purpose of this privacy policy is to explain to users of the Regioneo solution (\u00abhereinafter Regioneo\u00bb), in accordance with current legislation, the efforts made to protect the personal data of users and to guarantee the confidentiality of such data as well as data for which we act as a subcontractor. The purpose of this page is to provide information about the data collected by Regioneo, the purposes for which it is used, and the rights of users.<\/p><p><br \/><strong>1 - Data collected and objectives<\/strong><br \/>The data collected is intended to enable users to register and connect to Regioneo securely and to use its features. It may also be used by our teams to send information emails about new features or actions to be taken to ensure the continuity of the features offered by the application (major updates for example) or to improve the user experience. In this context, we collect and are directly responsible for processing the following data from our users: surname, first name, address, email address, telephone number, products and services entered by the user, sales of properties managed via the application, statistical data on properties managed via the application.<br \/>In addition, as part of the functionality of Regioneo, and in order to ensure the proper<br \/>In order to perform the contract between the user and its end users, we may collect the following data on behalf of end users as a subcontractor: surname, first name, address, email address, telephone number, details of orders placed, messages sent, data relating to the number of orders.<\/p><p><br \/><strong>2 - Means of collecting your data<\/strong><br \/>Users' data is collected either when they first register with Regioneo using the dedicated form, or during their exchanges with our teams. The collection of data relating to the smooth running of our users' contracts with their end-users, and for which we act as a subcontractor, is carried out at the time of completion of the said contract between the user and his end-users and is considered as consented to by all parties within the framework of the general terms and conditions of sale provided to his end-users by the user. No other data is collected by the application or by our teams without the explicit consent of the persons concerned, and it will only be used for the legitimate purposes defined with them.<\/p><p><br \/><strong>3 - Retention period and user rights<\/strong><br \/>To ensure the smooth operation of Regioneo and to enable users to<br \/>log in to their account, we keep users' data for as long as they use it.<br \/>duration of use of the application. Our employees and subcontractors may only have access to users' data to the extent necessary to ensure the fulfilment of the objectives pursued and defined in point 1. Users have the right to check, access, rectify, delete, transfer and oppose the use of their data at any time by contacting us at pierre.tubiana@bm-services.com. We will then do everything in our power to satisfy the request.<\/p><p><br \/><strong>4 - Cookies<\/strong><br \/>We also collect cookies to ensure the security and continuity of our services. These include the date and time a user logs on, and the IP address of the medium used to access the application (if the application is used).<\/p><p><br \/><strong>5 - Obligations and safety<\/strong><br \/>The teams working for Regioneo undertake not to transmit the data<br \/>collected directly as data controller or indirectly as subcontractor to third parties without the user being informed and to respect the purposes for which this data was collected. The application has an SSL certificate guaranteeing that the transfer of information and data via the application is secure.<br \/>Furthermore, the data controller undertakes to notify the user in the event of rectification or deletion of data, unless this would entail disproportionate formalities, costs and steps for the data controller. In the event that the integrity, confidentiality or security of users is compromised, the data controller undertakes to inform the user by any means necessary.<\/p><p><br \/><strong>6 - Data hosting<\/strong><br \/>The hosting data collected is hosted by DigitalOcean LLC,<br \/>domiciled at 01 Avenue of the Americas, 10th Floor New York, NY 10013. The servers<br \/>are located within the European Union in Germany (Frankfurt).<\/p><p><br \/><strong>7 - Data sharing<\/strong><br \/>Regioneo does not share the data collected other than to ensure the proper functioning of the solution. Data, such as IP address and type of device used by our users, is collected and shared in an encrypted and anonymous manner with our error reporting software (Sentry).<\/p><p><br \/><strong>8 - Policy on data relating to minors<\/strong><br \/>The Regioneo application is not intended for minors and does not collect any personal data.<br \/>personal data with the exception of those provided voluntarily by the end users of our users. If a minor has provided data without his\/her consent,<br \/>contact us at the following address so that we can remove them as quickly as possible: pierre.tubiana@bm-services.com<\/p><p><br \/><strong>9 - Acceptance and modification of this privacy policy<\/strong><br \/>By using Regioneo, the user certifies that he\/she has read and understood this privacy policy.<br \/>confidentiality policy and accepts its terms. This privacy policy is subject to change in order to ensure that it complies with current legislation, and users are invited to consult it regularly.<\/p><p><br \/><strong>10 - Right to contact the competent supervisory authority<\/strong><br \/>In the event of a dispute over the processing of data, we encourage our users to contact us.<br \/>contact our teams to find a satisfactory solution. The user is entitled to contact the CNIL (Commission Nationale de l'Informatique et des Libert\u00e9s),<br \/>https:\/\/www.cnil.fr) or any competent judge.<\/p>\t\t\t\t\t\t\t\t<\/div>\n\t\t\t\t<\/div>\n\t\t\t\t\t<\/div>\n\t\t\t\t<\/div>\n\t\t\t\t<\/div>","protected":false},"excerpt":{"rendered":"<p>Conditions g\u00e9n\u00e9rales d\u2019utilisation et collecte des donn\u00e9es La pr\u00e9sente politique de confidentialit\u00e9 a pour objet d&rsquo;expliquer aux utilisateurs de la solution Regioneo (\u00ab ci-apr\u00e8s Regioneo \u00bb), conform\u00e9ment \u00e0 la l\u00e9gislation en vigueur, les efforts d\u00e9ploy\u00e9s pour prot\u00e9ger les donn\u00e9es personnelles des utilisateurs et garantir la confidentialit\u00e9 de celles-ci ainsi que des donn\u00e9es pour lesquelles nous [&hellip;]<\/p>","protected":false},"author":1,"featured_media":0,"parent":0,"menu_order":0,"comment_status":"closed","ping_status":"closed","template":"","meta":{"_seopress_robots_primary_cat":"","_seopress_titles_title":"Politique de confidentialit\u00e9 - Regioneo","_seopress_titles_desc":"Politique de confidentialit\u00e9 de Regioneo","_seopress_robots_index":"","footnotes":""},"class_list":["post-137","page","type-page","status-publish","hentry"],"_links":{"self":[{"href":"https:\/\/www.regioneo.com\/en\/wp-json\/wp\/v2\/pages\/137","targetHints":{"allow":["GET"]}}],"collection":[{"href":"https:\/\/www.regioneo.com\/en\/wp-json\/wp\/v2\/pages"}],"about":[{"href":"https:\/\/www.regioneo.com\/en\/wp-json\/wp\/v2\/types\/page"}],"author":[{"embeddable":true,"href":"https:\/\/www.regioneo.com\/en\/wp-json\/wp\/v2\/users\/1"}],"replies":[{"embeddable":true,"href":"https:\/\/www.regioneo.com\/en\/wp-json\/wp\/v2\/comments?post=137"}],"version-history":[{"count":10,"href":"https:\/\/www.regioneo.com\/en\/wp-json\/wp\/v2\/pages\/137\/revisions"}],"predecessor-version":[{"id":1144,"href":"https:\/\/www.regioneo.com\/en\/wp-json\/wp\/v2\/pages\/137\/revisions\/1144"}],"wp:attachment":[{"href":"https:\/\/www.regioneo.com\/en\/wp-json\/wp\/v2\/media?parent=137"}],"curies":[{"name":"wp","href":"https:\/\/api.w.org\/{rel}","templated":true}]}}