{"id":137,"date":"2024-09-25T16:39:58","date_gmt":"2024-09-25T14:39:58","guid":{"rendered":"https:\/\/www.regioneo.com\/?page_id=137"},"modified":"2024-11-06T14:15:35","modified_gmt":"2024-11-06T13:15:35","slug":"politica-de-privacidad-3","status":"publish","type":"page","link":"https:\/\/www.regioneo.com\/es\/politica-de-privacidad-3\/","title":{"rendered":"Pol\u00edtica de privacidad"},"content":{"rendered":"<div data-elementor-type=\"wp-page\" data-elementor-id=\"137\" class=\"elementor elementor-137\" data-elementor-post-type=\"page\">\n\t\t\t\t<div class=\"elementor-element elementor-element-631f62f e-flex e-con-boxed e-con e-parent\" data-id=\"631f62f\" data-element_type=\"container\">\n\t\t\t\t\t<div class=\"e-con-inner\">\n\t\t\t\t<div class=\"elementor-element elementor-element-842c1c5 elementor-widget elementor-widget-text-editor\" data-id=\"842c1c5\" data-element_type=\"widget\" data-widget_type=\"text-editor.default\">\n\t\t\t\t<div class=\"elementor-widget-container\">\n\t\t\t\t\t\t\t\t\t<h1>Condiciones generales de uso y recogida de datos<\/h1><p>La presente pol\u00edtica de confidencialidad tiene por objeto explicar a los usuarios de la soluci\u00f3n Regioneo (en adelante, Regioneo), de conformidad con la legislaci\u00f3n vigente, los esfuerzos realizados para proteger los datos personales de los usuarios y garantizar la confidencialidad de dichos datos, as\u00ed como de los datos para los que actuamos como subcontratista. El objetivo de esta p\u00e1gina es proporcionar informaci\u00f3n sobre los datos recopilados por Regioneo, los fines para los que se utilizan y los derechos de los usuarios.<\/p><p><br \/><strong>1 - Datos recogidos y objetivos<\/strong><br \/>La finalidad de los datos recogidos es permitir a los usuarios registrarse y conectarse a Regioneo de forma segura y utilizar sus funciones. Tambi\u00e9n pueden ser utilizados por nuestros equipos para enviar correos electr\u00f3nicos informativos sobre nuevas funcionalidades o acciones a realizar para garantizar la continuidad de las funcionalidades ofrecidas por la aplicaci\u00f3n (actualizaciones importantes por ejemplo) o para mejorar la experiencia del usuario. En este contexto, recogemos y somos directamente responsables del tratamiento de los siguientes datos de nuestros usuarios: apellidos, nombre, direcci\u00f3n, direcci\u00f3n de correo electr\u00f3nico, n\u00famero de tel\u00e9fono, productos y servicios introducidos por el usuario, ventas de propiedades gestionadas a trav\u00e9s de la aplicaci\u00f3n, datos estad\u00edsticos sobre las propiedades gestionadas a trav\u00e9s de la aplicaci\u00f3n.<br \/>Adem\u00e1s, como parte de la funcionalidad de Regioneo, y con el fin de garantizar la adecuada<br \/>Con el fin de ejecutar el contrato entre el usuario y sus usuarios finales, podemos recopilar los siguientes datos en nombre de los usuarios finales como subcontratista: apellidos, nombre, direcci\u00f3n, direcci\u00f3n de correo electr\u00f3nico, n\u00famero de tel\u00e9fono, detalles de los pedidos realizados, mensajes enviados, datos relativos al n\u00famero de pedidos.<\/p><p><br \/><strong>2 - Medios de recogida de datos<\/strong><br \/>Los datos de los usuarios se recogen bien en el momento de su primera inscripci\u00f3n en Regioneo mediante el formulario dedicado, bien durante sus intercambios con nuestros equipos. La recogida de datos relativos al buen desarrollo de los contratos de nuestros usuarios con sus usuarios finales, y para los que actuamos como subcontratista, se realiza en el momento de la finalizaci\u00f3n de dicho contrato entre el usuario y sus usuarios finales y se considera consentida por todas las partes en el marco de las condiciones generales de venta facilitadas a sus usuarios finales por el usuario. Ning\u00fan otro dato es recogido por la aplicaci\u00f3n o por nuestros equipos sin el consentimiento expl\u00edcito de los interesados, y s\u00f3lo se utilizar\u00e1 para los fines leg\u00edtimos definidos con ellos.<\/p><p><br \/><strong>3 - Periodo de conservaci\u00f3n y derechos de los usuarios<\/strong><br \/>Para garantizar el buen funcionamiento de Regioneo y permitir a los usuarios<br \/>iniciar sesi\u00f3n en su cuenta, conservamos los datos de los usuarios mientras los utilizan.<br \/>duraci\u00f3n del uso de la aplicaci\u00f3n. Nuestros empleados y subcontratistas s\u00f3lo podr\u00e1n tener acceso a los datos de los usuarios en la medida necesaria para garantizar el cumplimiento de los objetivos perseguidos y definidos en el punto 1. Los usuarios tienen derecho a comprobar, acceder, rectificar, suprimir, transferir y oponerse al uso de sus datos en cualquier momento poni\u00e9ndose en contacto con nosotros en pierre.tubiana@bm-services.com. Haremos todo lo que est\u00e9 en nuestra mano para satisfacer la solicitud.<\/p><p><br \/><strong>4 - Galletas<\/strong><br \/>Tambi\u00e9n recopilamos cookies para garantizar la seguridad y continuidad de nuestros servicios, como la fecha y hora de inicio de sesi\u00f3n de un usuario y la direcci\u00f3n IP del medio utilizado para acceder a la aplicaci\u00f3n (si se utiliza la aplicaci\u00f3n).<\/p><p><br \/><strong>5 - Obligaciones y seguridad<\/strong><br \/>Los equipos que trabajan para Regioneo se comprometen a no transmitir los datos<br \/>recogidos directamente como responsable del tratamiento o indirectamente como subcontratista a terceros sin que el usuario est\u00e9 informado y respetar los fines para los que se recogieron estos datos. La aplicaci\u00f3n dispone de un certificado SSL que garantiza que la transferencia de informaci\u00f3n y datos a trav\u00e9s de la aplicaci\u00f3n es segura.<br \/>Asimismo, el responsable del fichero se compromete a notificar al usuario en caso de rectificaci\u00f3n o supresi\u00f3n de los datos, salvo que ello suponga tr\u00e1mites, costes y gestiones desproporcionadas para el responsable del fichero. En caso de que se vea comprometida la integridad, confidencialidad o seguridad de los usuarios, el responsable del tratamiento se compromete a informar al usuario por cualquier medio necesario.<\/p><p><br \/><strong>6 - Alojamiento de datos<\/strong><br \/>Los datos de alojamiento recogidos est\u00e1n alojados en DigitalOcean LLC,<br \/>con domicilio en 01 Avenue of the Americas, 10th Floor New York, NY 10013. Los servidores<br \/>se encuentran dentro de la Uni\u00f3n Europea, en Alemania (Fr\u00e1ncfort).<\/p><p><br \/><strong>7 - Intercambio de datos<\/strong><br \/>Regioneo no comparte los datos recogidos m\u00e1s que para garantizar el buen funcionamiento de la soluci\u00f3n. Los datos, como la direcci\u00f3n IP y el tipo de dispositivo utilizado por nuestros usuarios, se recopilan y comparten de forma encriptada y an\u00f3nima con nuestro software de notificaci\u00f3n de errores (Sentry).<\/p><p><br \/><strong>8 - Pol\u00edtica de datos de menores<\/strong><br \/>La aplicaci\u00f3n Regioneo no est\u00e1 destinada a menores y no recoge datos personales.<br \/>datos personales con excepci\u00f3n de los facilitados voluntariamente por los usuarios finales de nuestros usuarios. Si un menor ha facilitado datos sin su consentimiento,<br \/>p\u00f3ngase en contacto con nosotros en la siguiente direcci\u00f3n para que podamos retirarlas lo antes posible: pierre.tubiana@bm-services.com<\/p><p><br \/><strong>9 - Aceptaci\u00f3n y modificaci\u00f3n de esta pol\u00edtica de privacidad<\/strong><br \/>Al utilizar Regioneo, el usuario certifica que ha le\u00eddo y comprendido esta pol\u00edtica de privacidad.<br \/>pol\u00edtica de confidencialidad y acepta sus t\u00e9rminos. Esta pol\u00edtica de confidencialidad est\u00e1 sujeta a cambios para garantizar su conformidad con la legislaci\u00f3n vigente, por lo que se invita a los usuarios a consultarla peri\u00f3dicamente.<\/p><p><br \/><strong>10 - Derecho a ponerse en contacto con la autoridad de control competente<\/strong><br \/>En caso de litigio sobre el tratamiento de datos, animamos a nuestros usuarios a ponerse en contacto con nosotros.<br \/>ponerse en contacto con nuestros equipos para encontrar una soluci\u00f3n satisfactoria. El usuario tiene derecho a ponerse en contacto con la CNIL (Commission Nationale de l'Informatique et des Libert\u00e9s),<br \/>https:\/\/www.cnil.fr) o cualquier juez competente.<\/p>\t\t\t\t\t\t\t\t<\/div>\n\t\t\t\t<\/div>\n\t\t\t\t\t<\/div>\n\t\t\t\t<\/div>\n\t\t\t\t<\/div>","protected":false},"excerpt":{"rendered":"<p>Conditions g\u00e9n\u00e9rales d\u2019utilisation et collecte des donn\u00e9es La pr\u00e9sente politique de confidentialit\u00e9 a pour objet d&rsquo;expliquer aux utilisateurs de la solution Regioneo (\u00ab ci-apr\u00e8s Regioneo \u00bb), conform\u00e9ment \u00e0 la l\u00e9gislation en vigueur, les efforts d\u00e9ploy\u00e9s pour prot\u00e9ger les donn\u00e9es personnelles des utilisateurs et garantir la confidentialit\u00e9 de celles-ci ainsi que des donn\u00e9es pour lesquelles nous [&hellip;]<\/p>","protected":false},"author":1,"featured_media":0,"parent":0,"menu_order":0,"comment_status":"closed","ping_status":"closed","template":"","meta":{"_seopress_robots_primary_cat":"","_seopress_titles_title":"Politique de confidentialit\u00e9 - Regioneo","_seopress_titles_desc":"Politique de confidentialit\u00e9 de Regioneo","_seopress_robots_index":"","footnotes":""},"class_list":["post-137","page","type-page","status-publish","hentry"],"_links":{"self":[{"href":"https:\/\/www.regioneo.com\/es\/wp-json\/wp\/v2\/pages\/137","targetHints":{"allow":["GET"]}}],"collection":[{"href":"https:\/\/www.regioneo.com\/es\/wp-json\/wp\/v2\/pages"}],"about":[{"href":"https:\/\/www.regioneo.com\/es\/wp-json\/wp\/v2\/types\/page"}],"author":[{"embeddable":true,"href":"https:\/\/www.regioneo.com\/es\/wp-json\/wp\/v2\/users\/1"}],"replies":[{"embeddable":true,"href":"https:\/\/www.regioneo.com\/es\/wp-json\/wp\/v2\/comments?post=137"}],"version-history":[{"count":10,"href":"https:\/\/www.regioneo.com\/es\/wp-json\/wp\/v2\/pages\/137\/revisions"}],"predecessor-version":[{"id":1144,"href":"https:\/\/www.regioneo.com\/es\/wp-json\/wp\/v2\/pages\/137\/revisions\/1144"}],"wp:attachment":[{"href":"https:\/\/www.regioneo.com\/es\/wp-json\/wp\/v2\/media?parent=137"}],"curies":[{"name":"wp","href":"https:\/\/api.w.org\/{rel}","templated":true}]}}