{"id":646,"date":"2024-10-15T12:08:03","date_gmt":"2024-10-15T10:08:03","guid":{"rendered":"https:\/\/www.regioneo.com\/?page_id=646"},"modified":"2024-11-06T11:14:34","modified_gmt":"2024-11-06T10:14:34","slug":"faq","status":"publish","type":"page","link":"https:\/\/www.regioneo.com\/es\/faq\/","title":{"rendered":"PREGUNTAS FRECUENTES"},"content":{"rendered":"<div data-elementor-type=\"wp-page\" data-elementor-id=\"646\" class=\"elementor elementor-646\" data-elementor-post-type=\"page\">\n\t\t\t\t<div class=\"elementor-element elementor-element-bb2869c e-flex e-con-boxed e-con e-parent\" data-id=\"bb2869c\" data-element_type=\"container\">\n\t\t\t\t\t<div class=\"e-con-inner\">\n\t\t\t\t<div class=\"elementor-element elementor-element-a66dba9 elementor-widget elementor-widget-heading\" data-id=\"a66dba9\" data-element_type=\"widget\" data-widget_type=\"heading.default\">\n\t\t\t\t<div class=\"elementor-widget-container\">\n\t\t\t\t\t<h1 class=\"elementor-heading-title elementor-size-default\">PREGUNTAS FRECUENTES<\/h1>\t\t\t\t<\/div>\n\t\t\t\t<\/div>\n\t\t\t\t\t<\/div>\n\t\t\t\t<\/div>\n\t\t<div class=\"elementor-element elementor-element-45fcdcb e-flex e-con-boxed e-con e-parent\" data-id=\"45fcdcb\" data-element_type=\"container\">\n\t\t\t\t\t<div class=\"e-con-inner\">\n\t\t\t\t<div class=\"elementor-element elementor-element-4a60055 elementor-widget__width-initial elementor-widget elementor-widget-text-editor\" data-id=\"4a60055\" data-element_type=\"widget\" data-widget_type=\"text-editor.default\">\n\t\t\t\t<div class=\"elementor-widget-container\">\n\t\t\t\t\t\t\t\t\t<p><span style=\"font-weight: 400;\">Bienvenido a la secci\u00f3n de preguntas frecuentes (FAQ). Si no encuentra la respuesta a su pregunta :\u00a0<\/span><\/p>\t\t\t\t\t\t\t\t<\/div>\n\t\t\t\t<\/div>\n\t\t\t\t<div class=\"elementor-element elementor-element-da8b709 elementor-widget elementor-widget-button\" data-id=\"da8b709\" data-element_type=\"widget\" data-widget_type=\"button.default\">\n\t\t\t\t<div class=\"elementor-widget-container\">\n\t\t\t\t\t\t\t\t\t<div class=\"elementor-button-wrapper\">\n\t\t\t\t\t<a class=\"elementor-button elementor-button-link elementor-size-sm\" href=\"\">\n\t\t\t\t\t\t<span class=\"elementor-button-content-wrapper\">\n\t\t\t\t\t\t\t\t\t<span class=\"elementor-button-text\">Cont\u00e1ctenos<\/span>\n\t\t\t\t\t<\/span>\n\t\t\t\t\t<\/a>\n\t\t\t\t<\/div>\n\t\t\t\t\t\t\t\t<\/div>\n\t\t\t\t<\/div>\n\t\t\t\t\t<\/div>\n\t\t\t\t<\/div>\n\t\t<div class=\"elementor-element elementor-element-d9904c1 e-flex e-con-boxed e-con e-parent\" data-id=\"d9904c1\" data-element_type=\"container\">\n\t\t\t\t\t<div class=\"e-con-inner\">\n\t\t\t\t<div class=\"elementor-element elementor-element-1192dae elementor-widget elementor-widget-text-editor\" data-id=\"1192dae\" data-element_type=\"widget\" data-widget_type=\"text-editor.default\">\n\t\t\t\t<div class=\"elementor-widget-container\">\n\t\t\t\t\t\t\t\t\t<h3><b>P1 - \u00bfC\u00f3mo puedo empezar a utilizar Regioneo?<\/b><\/h3><p><span style=\"font-weight: 400;\">S\u00f3lo tiene que enviarnos un correo electr\u00f3nico y nos pondremos en contacto con usted lo antes posible para indicarle c\u00f3mo proceder y qu\u00e9 necesitamos (direcci\u00f3n, cat\u00e1logo con precios, etc.). Una vez que tengamos todo lo que necesitamos, crearemos su sitio y \u00a1podr\u00e1 empezar a vender en l\u00ednea! Todo el proceso puede durar menos de un d\u00eda si recibimos los elementos r\u00e1pidamente.<\/span><\/p><h3><b>P2 - \u00bfEs gratuito Regioneo?<\/b><\/h3><p><span style=\"font-weight: 400;\">S\u00ed, es gratuito para los 100 primeros suscriptores durante un a\u00f1o. Durante este tiempo, puede aprovechar todas las funciones para familiarizarse con su sitio. Al final del a\u00f1o, podr\u00e1 continuar con nosotros o darse de baja. Lo consultaremos con usted antes de comprometernos a nada.\u00a0<\/span><\/p><h3><b>P3 - \u00bfPuedo gestionar varios puntos de recogida con Regioneo?<\/b><\/h3><p><span style=\"font-weight: 400;\">Puede gestionar varios puntos de recogida y asignar diferentes franjas horarias a cada uno de ellos. Los productos tambi\u00e9n pueden vincularse a un punto de recogida para que solo puedan recogerse all\u00ed.\u00a0<\/span><\/p><h3><b>P4 - \u00bfQu\u00e9 ventajas ofrece Regioneo sobre otras soluciones de comercio electr\u00f3nico?\u00a0<\/b><\/h3><p><span style=\"font-weight: 400;\">Regioneo le ofrece un sitio personal de venta en l\u00ednea, personalizado a su imagen, donde podr\u00e1 controlar sus precios y la disponibilidad de todo su cat\u00e1logo de productos. Le ofrecemos un seguimiento personalizado a trav\u00e9s del canal que elija (correo electr\u00f3nico, WhatsApp, tel\u00e9fono, etc.). Por \u00faltimo, estamos atentos a todos sus comentarios, porque son los que nos permiten crecer y mejorar constantemente la soluci\u00f3n para que se adapte a todos los productores. <\/span><\/p>\t\t\t\t\t\t\t\t<\/div>\n\t\t\t\t<\/div>\n\t\t\t\t\t<\/div>\n\t\t\t\t<\/div>\n\t\t\t\t<\/div>","protected":false},"excerpt":{"rendered":"<p>FAQ Bienvenue \u00e0 la foire aux questions (FAQ) ! Si vous ne trouvez pas de r\u00e9ponse \u00e0 votre question :\u00a0 Contactez-nous Q1 &#8211; Comment d\u00e9buter avec Regioneo ? Il suffit de nous envoyer un mail et nous reviendrons vers vous au plus vite pour vous donner la marche \u00e0 suivre et les \u00e9l\u00e9ments dont nous [&hellip;]<\/p>","protected":false},"author":1,"featured_media":0,"parent":0,"menu_order":0,"comment_status":"closed","ping_status":"closed","template":"","meta":{"_seopress_robots_primary_cat":"","_seopress_titles_title":"FAQ - Pour Obtenir des R\u00e9ponses aux Questions G\u00e9n\u00e9rales - Regioneo","_seopress_titles_desc":"Consultez notre FAQ pour obtenir des r\u00e9ponses aux questions les plus pos\u00e9es. Si ce n'est pas suffisant : Contactez-nous via notre formulaire !","_seopress_robots_index":"","footnotes":""},"class_list":["post-646","page","type-page","status-publish","hentry"],"_links":{"self":[{"href":"https:\/\/www.regioneo.com\/es\/wp-json\/wp\/v2\/pages\/646","targetHints":{"allow":["GET"]}}],"collection":[{"href":"https:\/\/www.regioneo.com\/es\/wp-json\/wp\/v2\/pages"}],"about":[{"href":"https:\/\/www.regioneo.com\/es\/wp-json\/wp\/v2\/types\/page"}],"author":[{"embeddable":true,"href":"https:\/\/www.regioneo.com\/es\/wp-json\/wp\/v2\/users\/1"}],"replies":[{"embeddable":true,"href":"https:\/\/www.regioneo.com\/es\/wp-json\/wp\/v2\/comments?post=646"}],"version-history":[{"count":10,"href":"https:\/\/www.regioneo.com\/es\/wp-json\/wp\/v2\/pages\/646\/revisions"}],"predecessor-version":[{"id":1042,"href":"https:\/\/www.regioneo.com\/es\/wp-json\/wp\/v2\/pages\/646\/revisions\/1042"}],"wp:attachment":[{"href":"https:\/\/www.regioneo.com\/es\/wp-json\/wp\/v2\/media?parent=646"}],"curies":[{"name":"wp","href":"https:\/\/api.w.org\/{rel}","templated":true}]}}