{"id":925,"date":"2024-09-25T16:39:58","date_gmt":"2024-09-25T14:39:58","guid":{"rendered":"https:\/\/www.regioneo.com\/privacy-policy\/"},"modified":"2024-11-12T17:09:26","modified_gmt":"2024-11-12T16:09:26","slug":"politica-de-privacidad-2","status":"publish","type":"page","link":"https:\/\/www.regioneo.com\/es\/politica-de-privacidad-2\/","title":{"rendered":"Privacy Policy"},"content":{"rendered":"<div data-elementor-type=\"wp-page\" data-elementor-id=\"925\" class=\"elementor elementor-925\" data-elementor-post-type=\"page\">\n\t\t\t\t<div class=\"elementor-element elementor-element-631f62f e-flex e-con-boxed e-con e-parent\" data-id=\"631f62f\" data-element_type=\"container\">\n\t\t\t\t\t<div class=\"e-con-inner\">\n\t\t\t\t<div class=\"elementor-element elementor-element-842c1c5 elementor-widget elementor-widget-text-editor\" data-id=\"842c1c5\" data-element_type=\"widget\" data-widget_type=\"text-editor.default\">\n\t\t\t\t<div class=\"elementor-widget-container\">\n\t\t\t\t\t\t\t\t\t<h1>Condiciones de uso y recogida de datos<\/h1>\n<p>La presente pol\u00edtica de confidencialidad tiene por objeto explicar a los usuarios de la soluci\u00f3n Regioneo (en lo sucesivo, \u00abRegioneo\u00bb), de conformidad con la legislaci\u00f3n vigente, los esfuerzos realizados para proteger los datos personales de los usuarios y garantizar la confidencialidad de dichos datos, as\u00ed como los datos para los que actuamos como encargados del tratamiento. Esta p\u00e1gina tiene por objeto proporcionar informaci\u00f3n sobre los datos recogidos por Regioneo, las finalidades que justifican su tratamiento y los derechos de que disponen los usuarios. <\/p>\n<p><strong>1 - Datos recogidos y finalidades<\/strong><br \/>Los datos recogidos tienen por objeto permitir a los usuarios registrarse e iniciar sesi\u00f3n en Regioneo de forma segura y utilizar sus funciones. Tambi\u00e9n pueden ser utilizados por nuestros equipos para enviar correos electr\u00f3nicos informativos sobre nuevas funciones o acciones necesarias para garantizar la continuidad de los servicios ofrecidos por la aplicaci\u00f3n (como actualizaciones importantes) o para mejorar la experiencia del usuario. En este contexto, recogemos y somos directamente responsables del tratamiento de los siguientes datos de nuestros usuarios: nombre, apellidos, direcci\u00f3n, correo electr\u00f3nico, n\u00famero de tel\u00e9fono, productos y servicios introducidos por el usuario, ingresos de los bienes gestionados a trav\u00e9s de la aplicaci\u00f3n, datos estad\u00edsticos de los bienes gestionados a trav\u00e9s de la aplicaci\u00f3n.  <br \/>Adem\u00e1s, como parte de las funciones de Regioneo, y con el fin de garantizar la correcta ejecuci\u00f3n del contrato entre el usuario y sus usuarios finales, podemos recopilar los siguientes datos en nombre de los usuarios finales como procesador: nombre, apellidos, direcci\u00f3n, correo electr\u00f3nico, n\u00famero de tel\u00e9fono, detalles del pedido, mensajes enviados, datos relacionados con el n\u00famero de pedidos.<\/p>\n<p><strong>2 - M\u00e9todos de recogida de datos<\/strong><br \/>Los datos de los usuarios se recopilan durante el registro inicial en Regioneo a trav\u00e9s del formulario dedicado o durante sus interacciones con nuestros equipos. La recopilaci\u00f3n de datos relacionados con la correcta ejecuci\u00f3n de los contratos entre nuestros usuarios y sus usuarios finales, en los que actuamos como procesador, tiene lugar en el momento de la ejecuci\u00f3n de dicho contrato entre el usuario y sus usuarios finales y se considera consentida por todas las partes en los t\u00e9rminos y condiciones proporcionados a los usuarios finales por el usuario. Ning\u00fan otro dato es recogido por la aplicaci\u00f3n o por nuestros equipos sin el consentimiento expl\u00edcito de los interesados, y s\u00f3lo se utilizar\u00e1 para los fines leg\u00edtimos acordados con ellos.  <\/p>\n<p><strong>3 - Periodo de conservaci\u00f3n de los datos y derechos de los usuarios<\/strong><br \/>Para garantizar el correcto funcionamiento de Regioneo y permitir a los usuarios acceder a sus cuentas, conservamos los datos de los usuarios durante todo el tiempo que utilizan la aplicaci\u00f3n. Nuestro personal y subcontratistas s\u00f3lo pueden acceder a los datos de los usuarios en la medida necesaria para cumplir los objetivos descritos y definidos en el punto 1. Los usuarios tienen derecho en cualquier momento a verificar, acceder, rectificar, eliminar, transferir y oponerse al uso de sus datos poni\u00e9ndose en contacto con nosotros en pierre.tubiana@bm-services.com. Haremos todo lo posible por atender su solicitud.   <\/p>\n<p><strong>4 - Galletas<\/strong><br \/>Tambi\u00e9n recopilamos cookies para garantizar la seguridad y la correcta continuidad de nuestros servicios. Esto incluye la siguiente informaci\u00f3n: la fecha y hora de la conexi\u00f3n de un usuario, la direcci\u00f3n IP del dispositivo utilizado para acceder a la aplicaci\u00f3n (si se utiliza la app).<\/p>\n<p><strong>5 - Obligaciones y seguridad<\/strong><br \/>Los equipos que trabajan para Regioneo se comprometen a no compartir los datos recogidos directamente como responsable del tratamiento o indirectamente como encargado del tratamiento con terceros sin informar al usuario y garantizar que se respetan los fines para los que se recogieron los datos. La aplicaci\u00f3n dispone de un certificado SSL para garantizar que la transferencia de informaci\u00f3n y datos a trav\u00e9s de la aplicaci\u00f3n es segura. <br \/>Asimismo, el responsable del tratamiento se compromete a notificar al usuario en caso de rectificaci\u00f3n o supresi\u00f3n de los datos, salvo que ello implique tr\u00e1mites, costes o esfuerzos desproporcionados. En caso de que se vea comprometida la integridad, confidencialidad o seguridad de los datos del usuario, el responsable del tratamiento se compromete a informar al usuario por cualquier medio disponible. <\/p>\n<p><strong>6 - Alojamiento de datos<\/strong><br \/>Los datos recogidos est\u00e1n alojados en DigitalOcean LLC, con sede en 01 Avenue of the Americas, 10th Floor, New York, NY 10013. Los servidores utilizados se encuentran dentro de la Uni\u00f3n Europea, en Alemania (Fr\u00e1ncfort). <\/p>\n<p><strong>7 - Intercambio de datos<\/strong><br \/>Regioneo no comparte los datos recopilados salvo para garantizar el correcto funcionamiento de la soluci\u00f3n. Datos como la direcci\u00f3n IP y el tipo de dispositivos utilizados por nuestros usuarios se recopilan y comparten de forma encriptada y an\u00f3nima con nuestro software de notificaci\u00f3n de errores (Sentry). <\/p>\n<p><strong>8 - Pol\u00edtica relativa a los datos de menores<\/strong><br \/>La aplicaci\u00f3n Regioneo no est\u00e1 destinada a menores de edad y no recopila datos personales, salvo los datos facilitados voluntariamente por los usuarios finales de nuestros usuarios. Si un menor ha proporcionado datos sin consentimiento, p\u00f3ngase en contacto con nosotros en la siguiente direcci\u00f3n de correo electr\u00f3nico para que podamos eliminarlos lo antes posible: pierre.tubiana@bm-services.com <\/p>\n<p><strong>9 - Aceptaci\u00f3n y modificaci\u00f3n de esta pol\u00edtica de privacidad<\/strong><br \/>Al utilizar Regioneo, el usuario certifica que ha le\u00eddo y entendido esta pol\u00edtica de privacidad y acepta sus t\u00e9rminos. Esta pol\u00edtica de privacidad puede evolucionar para garantizar su conformidad con la legislaci\u00f3n aplicable, por lo que se recomienda al usuario que la revise peri\u00f3dicamente. <\/p>\n<p><strong>10 - Derecho a ponerse en contacto con la autoridad de control competente<\/strong><br \/>En caso de litigio en relaci\u00f3n con el tratamiento de datos, animamos a nuestros usuarios a ponerse en contacto con nuestro equipo para encontrar una soluci\u00f3n satisfactoria. El usuario tiene derecho a dirigirse a la CNIL (Commission Nationale de l'Informatique et des Libert\u00e9s, https:\/\/www.cnil.fr) o a cualquier juez competente. <\/p>\n\t\t\t\t\t\t\t\t<\/div>\n\t\t\t\t<\/div>\n\t\t\t\t\t<\/div>\n\t\t\t\t<\/div>\n\t\t\t\t<\/div>","protected":false},"excerpt":{"rendered":"<p>Terms of Use and Data Collection This privacy policy aims to explain to users of the Regioneo solution (\u00ab\u00a0hereinafter Regioneo\u00a0\u00bb), in accordance with current legislation, the efforts made to protect users&rsquo; personal data and ensure the confidentiality of that data, as well as any data for which we act as a processor. This page is [&hellip;]<\/p>","protected":false},"author":1,"featured_media":0,"parent":0,"menu_order":0,"comment_status":"closed","ping_status":"closed","template":"","meta":{"_seopress_robots_primary_cat":"","_seopress_titles_title":"Privacy Policy - Regioneo","_seopress_titles_desc":"Privacy Policy - Regioneo","_seopress_robots_index":"","footnotes":""},"class_list":["post-925","page","type-page","status-publish","hentry"],"_links":{"self":[{"href":"https:\/\/www.regioneo.com\/es\/wp-json\/wp\/v2\/pages\/925","targetHints":{"allow":["GET"]}}],"collection":[{"href":"https:\/\/www.regioneo.com\/es\/wp-json\/wp\/v2\/pages"}],"about":[{"href":"https:\/\/www.regioneo.com\/es\/wp-json\/wp\/v2\/types\/page"}],"author":[{"embeddable":true,"href":"https:\/\/www.regioneo.com\/es\/wp-json\/wp\/v2\/users\/1"}],"replies":[{"embeddable":true,"href":"https:\/\/www.regioneo.com\/es\/wp-json\/wp\/v2\/comments?post=925"}],"version-history":[{"count":3,"href":"https:\/\/www.regioneo.com\/es\/wp-json\/wp\/v2\/pages\/925\/revisions"}],"predecessor-version":[{"id":1145,"href":"https:\/\/www.regioneo.com\/es\/wp-json\/wp\/v2\/pages\/925\/revisions\/1145"}],"wp:attachment":[{"href":"https:\/\/www.regioneo.com\/es\/wp-json\/wp\/v2\/media?parent=925"}],"curies":[{"name":"wp","href":"https:\/\/api.w.org\/{rel}","templated":true}]}}