{"id":646,"date":"2024-10-15T12:08:03","date_gmt":"2024-10-15T10:08:03","guid":{"rendered":"https:\/\/www.regioneo.com\/?page_id=646"},"modified":"2024-11-06T11:14:34","modified_gmt":"2024-11-06T10:14:34","slug":"faq","status":"publish","type":"page","link":"https:\/\/www.regioneo.com\/it\/faq\/","title":{"rendered":"FAQ"},"content":{"rendered":"<div data-elementor-type=\"wp-page\" data-elementor-id=\"646\" class=\"elementor elementor-646\" data-elementor-post-type=\"page\">\n\t\t\t\t<div class=\"elementor-element elementor-element-bb2869c e-flex e-con-boxed e-con e-parent\" data-id=\"bb2869c\" data-element_type=\"container\">\n\t\t\t\t\t<div class=\"e-con-inner\">\n\t\t\t\t<div class=\"elementor-element elementor-element-a66dba9 elementor-widget elementor-widget-heading\" data-id=\"a66dba9\" data-element_type=\"widget\" data-widget_type=\"heading.default\">\n\t\t\t\t<div class=\"elementor-widget-container\">\n\t\t\t\t\t<h1 class=\"elementor-heading-title elementor-size-default\">FAQ<\/h1>\t\t\t\t<\/div>\n\t\t\t\t<\/div>\n\t\t\t\t\t<\/div>\n\t\t\t\t<\/div>\n\t\t<div class=\"elementor-element elementor-element-45fcdcb e-flex e-con-boxed e-con e-parent\" data-id=\"45fcdcb\" data-element_type=\"container\">\n\t\t\t\t\t<div class=\"e-con-inner\">\n\t\t\t\t<div class=\"elementor-element elementor-element-4a60055 elementor-widget__width-initial elementor-widget elementor-widget-text-editor\" data-id=\"4a60055\" data-element_type=\"widget\" data-widget_type=\"text-editor.default\">\n\t\t\t\t<div class=\"elementor-widget-container\">\n\t\t\t\t\t\t\t\t\t<p><span style=\"font-weight: 400;\">Benvenuti nella sezione delle domande frequenti (FAQ)! Se non riuscite a trovare la risposta alla vostra domanda :\u00a0<\/span><\/p>\t\t\t\t\t\t\t\t<\/div>\n\t\t\t\t<\/div>\n\t\t\t\t<div class=\"elementor-element elementor-element-da8b709 elementor-widget elementor-widget-button\" data-id=\"da8b709\" data-element_type=\"widget\" data-widget_type=\"button.default\">\n\t\t\t\t<div class=\"elementor-widget-container\">\n\t\t\t\t\t\t\t\t\t<div class=\"elementor-button-wrapper\">\n\t\t\t\t\t<a class=\"elementor-button elementor-button-link elementor-size-sm\" href=\"\">\n\t\t\t\t\t\t<span class=\"elementor-button-content-wrapper\">\n\t\t\t\t\t\t\t\t\t<span class=\"elementor-button-text\">Contattateci<\/span>\n\t\t\t\t\t<\/span>\n\t\t\t\t\t<\/a>\n\t\t\t\t<\/div>\n\t\t\t\t\t\t\t\t<\/div>\n\t\t\t\t<\/div>\n\t\t\t\t\t<\/div>\n\t\t\t\t<\/div>\n\t\t<div class=\"elementor-element elementor-element-d9904c1 e-flex e-con-boxed e-con e-parent\" data-id=\"d9904c1\" data-element_type=\"container\">\n\t\t\t\t\t<div class=\"e-con-inner\">\n\t\t\t\t<div class=\"elementor-element elementor-element-1192dae elementor-widget elementor-widget-text-editor\" data-id=\"1192dae\" data-element_type=\"widget\" data-widget_type=\"text-editor.default\">\n\t\t\t\t<div class=\"elementor-widget-container\">\n\t\t\t\t\t\t\t\t\t<h3><b>D1 - Come posso iniziare a lavorare con Regioneo?<\/b><\/h3><p><span style=\"font-weight: 400;\">Non dovete fare altro che inviarci un'e-mail e vi risponderemo al pi\u00f9 presto per dirvi come procedere e di cosa abbiamo bisogno (indirizzo, catalogo con i prezzi, ecc.). Una volta ottenuto tutto ci\u00f2 che ci serve, creeremo il vostro sito e potrete iniziare a vendere online! L'intero processo pu\u00f2 durare meno di un giorno se riceviamo rapidamente gli elementi.<\/span><\/p><h3><b>D2 - Regioneo \u00e8 gratuito?<\/b><\/h3><p><span style=\"font-weight: 400;\">S\u00ec, \u00e8 gratuito per i primi 100 iscritti per un anno. Durante questo periodo, potrete usufruire di tutte le funzionalit\u00e0 per prendere confidenza con il vostro sito. Alla fine dell'anno, sarete liberi di continuare a lavorare con noi o di rinunciare. Verificheremo con voi prima di prendere un impegno.\u00a0<\/span><\/p><h3><b>D3 - Posso gestire pi\u00f9 punti di raccolta con Regioneo?<\/b><\/h3><p><span style=\"font-weight: 400;\">\u00c8 possibile gestire pi\u00f9 punti di raccolta e assegnare a ciascuno di essi diverse fasce orarie. I prodotti possono anche essere associati a un punto di raccolta, in modo che possano essere ritirati solo l\u00ec.\u00a0<\/span><\/p><h3><b>D4 - Quali vantaggi offre Regioneo rispetto ad altre soluzioni di e-commerce?\u00a0<\/b><\/h3><p><span style=\"font-weight: 400;\">Regioneo vi mette a disposizione un sito personale di vendita online, personalizzato in base alla vostra immagine, dove potrete controllare i vostri prezzi e la disponibilit\u00e0 dell'intero catalogo di prodotti. Vi offriamo un follow-up personalizzato attraverso il canale che preferite (e-mail, WhatsApp, telefono, ecc.). Infine, siamo attenti a tutti i vostri feedback, perch\u00e9 sono questi che ci permettono di crescere e migliorare costantemente la soluzione in modo che sia adatta a tutti i produttori! <\/span><\/p>\t\t\t\t\t\t\t\t<\/div>\n\t\t\t\t<\/div>\n\t\t\t\t\t<\/div>\n\t\t\t\t<\/div>\n\t\t\t\t<\/div>","protected":false},"excerpt":{"rendered":"<p>FAQ Bienvenue \u00e0 la foire aux questions (FAQ) ! Si vous ne trouvez pas de r\u00e9ponse \u00e0 votre question :\u00a0 Contactez-nous Q1 &#8211; Comment d\u00e9buter avec Regioneo ? Il suffit de nous envoyer un mail et nous reviendrons vers vous au plus vite pour vous donner la marche \u00e0 suivre et les \u00e9l\u00e9ments dont nous [&hellip;]<\/p>","protected":false},"author":1,"featured_media":0,"parent":0,"menu_order":0,"comment_status":"closed","ping_status":"closed","template":"","meta":{"_seopress_robots_primary_cat":"","_seopress_titles_title":"FAQ - Pour Obtenir des R\u00e9ponses aux Questions G\u00e9n\u00e9rales - Regioneo","_seopress_titles_desc":"Consultez notre FAQ pour obtenir des r\u00e9ponses aux questions les plus pos\u00e9es. Si ce n'est pas suffisant : Contactez-nous via notre formulaire !","_seopress_robots_index":"","footnotes":""},"class_list":["post-646","page","type-page","status-publish","hentry"],"_links":{"self":[{"href":"https:\/\/www.regioneo.com\/it\/wp-json\/wp\/v2\/pages\/646","targetHints":{"allow":["GET"]}}],"collection":[{"href":"https:\/\/www.regioneo.com\/it\/wp-json\/wp\/v2\/pages"}],"about":[{"href":"https:\/\/www.regioneo.com\/it\/wp-json\/wp\/v2\/types\/page"}],"author":[{"embeddable":true,"href":"https:\/\/www.regioneo.com\/it\/wp-json\/wp\/v2\/users\/1"}],"replies":[{"embeddable":true,"href":"https:\/\/www.regioneo.com\/it\/wp-json\/wp\/v2\/comments?post=646"}],"version-history":[{"count":10,"href":"https:\/\/www.regioneo.com\/it\/wp-json\/wp\/v2\/pages\/646\/revisions"}],"predecessor-version":[{"id":1042,"href":"https:\/\/www.regioneo.com\/it\/wp-json\/wp\/v2\/pages\/646\/revisions\/1042"}],"wp:attachment":[{"href":"https:\/\/www.regioneo.com\/it\/wp-json\/wp\/v2\/media?parent=646"}],"curies":[{"name":"wp","href":"https:\/\/api.w.org\/{rel}","templated":true}]}}