{"id":925,"date":"2024-09-25T16:39:58","date_gmt":"2024-09-25T14:39:58","guid":{"rendered":"https:\/\/www.regioneo.com\/privacy-policy\/"},"modified":"2024-11-12T17:09:26","modified_gmt":"2024-11-12T16:09:26","slug":"informativa-sulla-privacy","status":"publish","type":"page","link":"https:\/\/www.regioneo.com\/it\/informativa-sulla-privacy\/","title":{"rendered":"Privacy Policy"},"content":{"rendered":"<div data-elementor-type=\"wp-page\" data-elementor-id=\"925\" class=\"elementor elementor-925\" data-elementor-post-type=\"page\">\n\t\t\t\t<div class=\"elementor-element elementor-element-631f62f e-flex e-con-boxed e-con e-parent\" data-id=\"631f62f\" data-element_type=\"container\">\n\t\t\t\t\t<div class=\"e-con-inner\">\n\t\t\t\t<div class=\"elementor-element elementor-element-842c1c5 elementor-widget elementor-widget-text-editor\" data-id=\"842c1c5\" data-element_type=\"widget\" data-widget_type=\"text-editor.default\">\n\t\t\t\t<div class=\"elementor-widget-container\">\n\t\t\t\t\t\t\t\t\t<h1>Condizioni di utilizzo e raccolta dati<\/h1>\n<p>La presente informativa sulla privacy ha lo scopo di illustrare agli utenti della soluzione Regioneo (\u00abdi seguito Regioneo\u00bb), in conformit\u00e0 con la normativa vigente, gli sforzi compiuti per proteggere i dati personali degli utenti e garantire la riservatezza di tali dati, nonch\u00e9 dei dati per i quali agiamo in qualit\u00e0 di responsabili del trattamento. Questa pagina ha lo scopo di fornire informazioni sui dati raccolti da Regioneo, sulle finalit\u00e0 che ne giustificano il trattamento e sui diritti a disposizione degli utenti. <\/p>\n<p><strong>1 - Dati raccolti e finalit\u00e0<\/strong><br \/>I dati raccolti hanno lo scopo di consentire agli utenti di registrarsi e accedere in modo sicuro a Regioneo e di utilizzarne le funzionalit\u00e0. Possono anche essere utilizzati dai nostri team per inviare e-mail informative sulle nuove funzionalit\u00e0 o sulle azioni necessarie per garantire la continuit\u00e0 dei servizi offerti dall'applicazione (come ad esempio aggiornamenti importanti) o per migliorare l'esperienza dell'utente. In questo contesto, raccogliamo e siamo direttamente responsabili del trattamento dei seguenti dati dei nostri utenti: cognome, nome, indirizzo, e-mail, numero di telefono, prodotti e servizi inseriti dall'utente, ricavi dei beni gestiti tramite l'applicazione, dati statistici dei beni gestiti tramite l'applicazione.  <br \/>Inoltre, nell'ambito delle funzionalit\u00e0 di Regioneo e al fine di garantire la corretta esecuzione del contratto tra l'utente e i suoi utenti finali, possiamo raccogliere i seguenti dati per conto degli utenti finali in qualit\u00e0 di incaricati del trattamento: cognome, nome, indirizzo, e-mail, numero di telefono, dettagli dell'ordine, messaggi inviati, dati relativi al numero di ordini.<\/p>\n<p><strong>2 - Metodi di raccolta dei dati<\/strong><br \/>I dati degli utenti vengono raccolti sia durante la registrazione iniziale a Regioneo attraverso il modulo dedicato, sia durante le interazioni con i nostri team. La raccolta dei dati relativi alla corretta esecuzione dei contratti tra i nostri utenti e i loro utenti finali, in cui agiamo in qualit\u00e0 di incaricati del trattamento, avviene al momento dell'esecuzione di tale contratto tra l'utente e i suoi utenti finali ed \u00e8 considerata come acconsentita da tutte le parti in base ai termini e alle condizioni forniti agli utenti finali dall'utente. Nessun altro dato viene raccolto dall'applicazione o dai nostri team senza l'esplicito consenso degli interessati e sar\u00e0 utilizzato solo per gli scopi legittimi concordati con loro.  <\/p>\n<p><strong>3 - Periodo di conservazione dei dati e diritti dell'utente<\/strong><br \/>Per garantire il corretto funzionamento di Regioneo e consentire agli utenti di accedere ai propri account, conserviamo i dati degli utenti per tutta la durata dell'utilizzo dell'applicazione. Il nostro personale e i nostri subappaltatori possono accedere ai dati degli utenti solo nella misura necessaria a raggiungere gli obiettivi delineati e definiti al punto 1. Gli utenti hanno il diritto, in qualsiasi momento, di verificare, accedere, rettificare, cancellare, trasferire e opporsi all'uso dei propri dati contattandoci all'indirizzo pierre.tubiana@bm-services.com. Faremo tutto il possibile per accogliere la loro richiesta.   <\/p>\n<p><strong>4 - Biscotti<\/strong><br \/>Raccogliamo anche cookie per garantire la sicurezza e la corretta continuit\u00e0 dei nostri servizi. Tra questi vi sono le seguenti informazioni: la data e l'ora della connessione dell'utente, l'indirizzo IP del dispositivo utilizzato per accedere all'applicazione (se si utilizza l'applicazione).<\/p>\n<p><strong>5 - Obblighi e sicurezza<\/strong><br \/>I team che lavorano per Regioneo si impegnano a non condividere i dati raccolti direttamente, in qualit\u00e0 di responsabili del trattamento, o indirettamente, in qualit\u00e0 di incaricati del trattamento, con terze parti senza informare l'utente e garantendo il rispetto delle finalit\u00e0 per cui i dati sono stati raccolti. L'applicazione dispone di un certificato SSL per garantire la sicurezza del trasferimento di informazioni e dati attraverso l'applicazione. <br \/>Inoltre, il titolare del trattamento si impegna a informare l'utente in caso di rettifica o cancellazione dei dati, a meno che ci\u00f2 non comporti formalit\u00e0, costi o sforzi sproporzionati. Nel caso in cui l'integrit\u00e0, la riservatezza o la sicurezza dei dati dell'utente siano compromesse, il titolare del trattamento si impegna a informare l'utente con ogni mezzo disponibile. <\/p>\n<p><strong>6 - Hosting dati<\/strong><br \/>I dati raccolti sono ospitati da DigitalOcean LLC, con sede in 01 Avenue of the Americas, 10th Floor, New York, NY 10013. I server utilizzati si trovano all'interno dell'Unione Europea, in Germania (Francoforte). <\/p>\n<p><strong>7 - Condivisione dei dati<\/strong><br \/>Regioneo non condivide i dati raccolti se non per garantire il corretto funzionamento della soluzione. Dati come l'indirizzo IP e il tipo di dispositivi utilizzati dai nostri utenti vengono raccolti e condivisi in modo criptato e anonimo con il nostro software di segnalazione degli errori (Sentry). <\/p>\n<p><strong>8 - Politica sui dati relativi ai minori<\/strong><br \/>L'applicazione Regioneo non \u00e8 destinata ai minori e non raccoglie dati personali, ad eccezione dei dati forniti volontariamente dagli utenti finali dei nostri servizi. Se un minore ha fornito dati senza consenso, vi preghiamo di contattarci al seguente indirizzo e-mail in modo che possiamo cancellarli il prima possibile: pierre.tubiana@bm-services.com <\/p>\n<p><strong>9 - Accettazione e modifica della presente Informativa sulla privacy<\/strong><br \/>Utilizzando Regioneo, l'utente dichiara di aver letto e compreso la presente informativa sulla privacy e di accettarne i termini. La presente informativa sulla privacy pu\u00f2 evolvere per garantire la conformit\u00e0 con la legge applicabile e l'utente \u00e8 invitato a rivederla regolarmente. <\/p>\n<p><strong>10 - Diritto di contattare l'Autorit\u00e0 di vigilanza competente<\/strong><br \/>In caso di controversia sul trattamento dei dati, incoraggiamo i nostri utenti a contattare il nostro team per trovare una soluzione soddisfacente. L'utente ha il diritto di contattare la CNIL (Commission Nationale de l'Informatique et des Libert\u00e9s, https:\/\/www.cnil.fr) o qualsiasi giudice competente. <\/p>\n\t\t\t\t\t\t\t\t<\/div>\n\t\t\t\t<\/div>\n\t\t\t\t\t<\/div>\n\t\t\t\t<\/div>\n\t\t\t\t<\/div>","protected":false},"excerpt":{"rendered":"<p>Terms of Use and Data Collection This privacy policy aims to explain to users of the Regioneo solution (\u00ab\u00a0hereinafter Regioneo\u00a0\u00bb), in accordance with current legislation, the efforts made to protect users&rsquo; personal data and ensure the confidentiality of that data, as well as any data for which we act as a processor. This page is [&hellip;]<\/p>","protected":false},"author":1,"featured_media":0,"parent":0,"menu_order":0,"comment_status":"closed","ping_status":"closed","template":"","meta":{"_seopress_robots_primary_cat":"","_seopress_titles_title":"Privacy Policy - Regioneo","_seopress_titles_desc":"Privacy Policy - Regioneo","_seopress_robots_index":"","footnotes":""},"class_list":["post-925","page","type-page","status-publish","hentry"],"_links":{"self":[{"href":"https:\/\/www.regioneo.com\/it\/wp-json\/wp\/v2\/pages\/925","targetHints":{"allow":["GET"]}}],"collection":[{"href":"https:\/\/www.regioneo.com\/it\/wp-json\/wp\/v2\/pages"}],"about":[{"href":"https:\/\/www.regioneo.com\/it\/wp-json\/wp\/v2\/types\/page"}],"author":[{"embeddable":true,"href":"https:\/\/www.regioneo.com\/it\/wp-json\/wp\/v2\/users\/1"}],"replies":[{"embeddable":true,"href":"https:\/\/www.regioneo.com\/it\/wp-json\/wp\/v2\/comments?post=925"}],"version-history":[{"count":3,"href":"https:\/\/www.regioneo.com\/it\/wp-json\/wp\/v2\/pages\/925\/revisions"}],"predecessor-version":[{"id":1145,"href":"https:\/\/www.regioneo.com\/it\/wp-json\/wp\/v2\/pages\/925\/revisions\/1145"}],"wp:attachment":[{"href":"https:\/\/www.regioneo.com\/it\/wp-json\/wp\/v2\/media?parent=925"}],"curies":[{"name":"wp","href":"https:\/\/api.w.org\/{rel}","templated":true}]}}