{"id":927,"date":"2024-09-25T16:39:58","date_gmt":"2024-09-25T14:39:58","guid":{"rendered":"https:\/\/www.regioneo.com\/politica-sulla-privacy\/"},"modified":"2024-11-12T17:09:26","modified_gmt":"2024-11-12T16:09:26","slug":"politica-sulla-privacy","status":"publish","type":"page","link":"https:\/\/www.regioneo.com\/it\/politica-sulla-privacy\/","title":{"rendered":"Politica sulla Privacy"},"content":{"rendered":"<div data-elementor-type=\"wp-page\" data-elementor-id=\"927\" class=\"elementor elementor-927\" data-elementor-post-type=\"page\">\n\t\t\t\t<div class=\"elementor-element elementor-element-631f62f e-flex e-con-boxed e-con e-parent\" data-id=\"631f62f\" data-element_type=\"container\">\n\t\t\t\t\t<div class=\"e-con-inner\">\n\t\t\t\t<div class=\"elementor-element elementor-element-842c1c5 elementor-widget elementor-widget-text-editor\" data-id=\"842c1c5\" data-element_type=\"widget\" data-widget_type=\"text-editor.default\">\n\t\t\t\t<div class=\"elementor-widget-container\">\n\t\t\t\t\t\t\t\t\t<h1>Condizioni Generali d'Uso e Raccolta Dati<\/h1>\n<p>La presente politica sulla privacy ha lo scopo di spiegare agli utenti della soluzione Regioneo (\u00abdi seguito Regioneo\u00bb), in conformit\u00e0 con la legislazione vigente, gli sforzi compiuti per proteggere i dati personali degli utenti e garantire la riservatezza degli stessi, nonch\u00e9 dei dati per i quali si \u00e8 responsabili del trattamento. Questa pagina ha lo scopo di fornire informazioni sui dati raccolti da Regioneo, sulle finalit\u00e0 del trattamento e sui diritti degli utenti. <\/p>\n<p><strong>1 - Dati raccolti e scopi perseguiti<\/strong><br \/>I dati raccolti hanno l'obiettivo di consentire agli utenti di registrarsi e accedere a Regioneo in modo sicuro e di utilizzare le sue funzionalit\u00e0. Possono anche essere utilizzati dal nostro team per inviare e-mail informative sulle nuove funzionalit\u00e0 o sulle azioni da intraprendere per garantire la continuit\u00e0 delle funzionalit\u00e0 offerte dall'applicazione (come importanti miglioramenti) o per migliorare l'esperienza dell'utente. In questo contesto, raccogliamo e siamo direttamente responsabili del trattamento dei seguenti dati dell'utente: nome, indirizzo, indirizzo e-mail, numero di telefono, prodotti e servizi inseriti dall'utente, dettagli dei beni gestiti tramite l'applicazione, dati statistici sui beni gestiti tramite l'applicazione.  <br \/>Inoltre, nell'ambito delle funzionalit\u00e0 di Regioneo e al fine di garantire la corretta esecuzione del contratto tra l'utente e i suoi utenti finali, potremmo raccogliere i seguenti dati per conto di questi ultimi in qualit\u00e0 di responsabili del trattamento: nome, cognome, indirizzo, email, numero di telefono, dettagli degli ordini effettuati, messaggi inviati, dati relativi al numero di ordini.<\/p>\n<p><strong>2 - Modalit\u00e0 di Raccolta dei Dati<\/strong><br \/>I dati degli utenti vengono raccolti sia al momento della registrazione iniziale a Regioneo tramite il modulo dedicato, sia durante gli incontri con i nostri team. La raccolta dei dati relativi alla corretta esecuzione dei contratti tra i nostri utenti e i loro utenti finali, per i quali agiamo come responsabili del trattamento, avviene al momento della stipula del contratto tra l'utente e i suoi utenti finali ed \u00e8 considerata come approvata da tutte le parti nel quadro delle condizioni generali di vendita fornite ai loro utenti finali dall'utente. Nessun altro dato viene raccolto dall'applicazione o dai nostri team senza il consenso esplicito degli interessati e sar\u00e0 utilizzato esclusivamente per gli scopi leciti ad esso associati.  <\/p>\n<p><strong>3 - Durata della Conservazione e Diritti degli Utenti<\/strong><br \/>Per garantire il corretto funzionamento di Regioneo e consentire agli utenti di accedere al proprio account, conserviamo i dati degli utenti per tutta la durata dell'utilizzo dell'applicazione. I nostri collaboratori e subappaltatori possono accedere ai dati degli utenti solo nella misura necessaria per garantire l'esecuzione degli obiettivi indicati e definiti al punto 1. Gli utenti hanno il diritto in qualsiasi momento di verificare, accedere, rettificare, cancellare, trasferire e opporsi all'uso dei loro dati contattandoci all'indirizzo pierre.tubiana@bm-services.com. Faremo tutto il possibile per soddisfare la loro richiesta.   <\/p>\n<p><strong>4 - Biscotto<\/strong><br \/>Raccogliamo inoltre i cookie per garantire la sicurezza e la continuit\u00e0 dei nostri servizi. I dati raccolti riguardano: la data e l'ora di connessione di un utente, l'indirizzo IP del dispositivo utilizzato per accedere all'applicazione (se utilizza l'app).<\/p>\n<p><strong>5 - Obblighi e Sicurezza<\/strong><br \/>I team che lavorano per Regioneo si impegnano a non trasmettere i dati raccolti direttamente come responsabili del trattamento o indirettamente come responsabili del trattamento a terzi senza che l'utente ne sia stato informato e a rispettare le finalit\u00e0 per cui tali dati sono stati raccolti. L'applicazione \u00e8 dotata di un certificato SSL per garantire la sicurezza del trasferimento delle informazioni e dei dati che passano attraverso l'applicazione. <br \/>Inoltre, il responsabile del trattamento si impegna a notificare all'utente eventuali rettifiche o cancellazioni dei dati, a meno che ci\u00f2 non comporti formalit\u00e0, costi eccessivi o procedure sproporzionate. Nel caso in cui l'integrit\u00e0, la privacy o la sicurezza dei dati dell'utente siano compromesse, il titolare del trattamento si impegna a informare l'utente con ogni mezzo necessario. <\/p>\n<p><strong>6 - Hosting dei Dati<\/strong><br \/>I dati raccolti sono ospitati da DigitalOcean LLC, con sede al 01 Avenue of the Americas, 10th Floor, New York, NY 10013. I server utilizzati si trovano all'interno dell'Unione Europea, in Germania (Francoforte). <\/p>\n<p><strong>7 - Condivisione dei Dati<\/strong><br \/>Regioneo non condivide i dati raccolti se non per garantire il corretto funzionamento della soluzione. Dati quali l'indirizzo IP e il tipo di dispositivo utilizzato dai nostri utenti vengono raccolti e analizzati utilizzando il nostro software di rilevamento degli errori (Sentry). <\/p>\n<p><strong>8 - Politica sui Dati Relativi ai Minori<\/strong><br \/>L'applicazione Regioneo non \u00e8 destinata ai minori e non raccoglie dati personali, ad eccezione di quelli forniti volontariamente dagli utenti finali dei nostri utenti. Se avete fornito dati senza il vostro consenso, vi preghiamo di contattarci al seguente indirizzo e-mail in modo da poterli cancellare nel pi\u00f9 breve tempo possibile: pierre.tubiana@bm-services.com <\/p>\n<p><strong>9 - Accettazione e Modifica della Presente Politica sulla Privacy<\/strong><br \/>Utilizzando Regioneo, l'utente dichiara di aver letto e compreso la presente informativa sulla privacy e di accettarne i termini. La presente informativa sulla privacy pu\u00f2 essere modificata per garantire la conformit\u00e0 alle leggi vigenti e si consiglia agli utenti di consultarla regolarmente. <\/p>\n<p><strong>10 - Diritto di Contattare l'Autorit\u00e0 di Controllo Competente<\/strong><br \/>In caso di controversie relative al trattamento dei dati personali, invitiamo i nostri utenti a contattare il nostro team per trovare una soluzione adeguata. L'utente ha il diritto di contattare la CNIL (Commissione Nazionale per l'Informatica e le Libert\u00e0, https:\/\/www.cnil.fr) o qualsiasi giudice competente. <\/p>\n\t\t\t\t\t\t\t\t<\/div>\n\t\t\t\t<\/div>\n\t\t\t\t\t<\/div>\n\t\t\t\t<\/div>\n\t\t\t\t<\/div>","protected":false},"excerpt":{"rendered":"<p>Condizioni Generali d&rsquo;Uso e Raccolta Dati La presente politica sulla privacy ha lo scopo di spiegare agli utenti della soluzione Regioneo (\u00ab\u00a0di seguito Regioneo\u00a0\u00bb), in conformit\u00e0 con la legislazione vigente, gli sforzi compiuti per proteggere i dati personali degli utenti e garantire la riservatezza degli stessi, nonch\u00e9 dei dati per i quali agiamo come responsabili [&hellip;]<\/p>","protected":false},"author":1,"featured_media":0,"parent":0,"menu_order":0,"comment_status":"closed","ping_status":"closed","template":"","meta":{"_seopress_robots_primary_cat":"","_seopress_titles_title":"Politica sulla privacy - Regioneo","_seopress_titles_desc":"Politica sulla privacy - Regioneo","_seopress_robots_index":"","footnotes":""},"class_list":["post-927","page","type-page","status-publish","hentry"],"_links":{"self":[{"href":"https:\/\/www.regioneo.com\/it\/wp-json\/wp\/v2\/pages\/927","targetHints":{"allow":["GET"]}}],"collection":[{"href":"https:\/\/www.regioneo.com\/it\/wp-json\/wp\/v2\/pages"}],"about":[{"href":"https:\/\/www.regioneo.com\/it\/wp-json\/wp\/v2\/types\/page"}],"author":[{"embeddable":true,"href":"https:\/\/www.regioneo.com\/it\/wp-json\/wp\/v2\/users\/1"}],"replies":[{"embeddable":true,"href":"https:\/\/www.regioneo.com\/it\/wp-json\/wp\/v2\/comments?post=927"}],"version-history":[{"count":3,"href":"https:\/\/www.regioneo.com\/it\/wp-json\/wp\/v2\/pages\/927\/revisions"}],"predecessor-version":[{"id":1147,"href":"https:\/\/www.regioneo.com\/it\/wp-json\/wp\/v2\/pages\/927\/revisions\/1147"}],"wp:attachment":[{"href":"https:\/\/www.regioneo.com\/it\/wp-json\/wp\/v2\/media?parent=927"}],"curies":[{"name":"wp","href":"https:\/\/api.w.org\/{rel}","templated":true}]}}