{"id":929,"date":"2024-09-25T16:39:58","date_gmt":"2024-09-25T14:39:58","guid":{"rendered":"https:\/\/www.regioneo.com\/politica-de-privacidad\/"},"modified":"2024-11-12T17:09:26","modified_gmt":"2024-11-12T16:09:26","slug":"informativa-sulla-privacy-2","status":"publish","type":"page","link":"https:\/\/www.regioneo.com\/it\/informativa-sulla-privacy-2\/","title":{"rendered":"Pol\u00edtica de Privacidad"},"content":{"rendered":"<div data-elementor-type=\"wp-page\" data-elementor-id=\"929\" class=\"elementor elementor-929\" data-elementor-post-type=\"page\">\n\t\t\t\t<div class=\"elementor-element elementor-element-631f62f e-flex e-con-boxed e-con e-parent\" data-id=\"631f62f\" data-element_type=\"container\">\n\t\t\t\t\t<div class=\"e-con-inner\">\n\t\t\t\t<div class=\"elementor-element elementor-element-842c1c5 elementor-widget elementor-widget-text-editor\" data-id=\"842c1c5\" data-element_type=\"widget\" data-widget_type=\"text-editor.default\">\n\t\t\t\t<div class=\"elementor-widget-container\">\n\t\t\t\t\t\t\t\t\t<h1>Condizioni di utilizzo e copia dei dati<\/h1>\n<p>Questa politica di privacy ha come obiettivo quello di spiegare agli utenti della soluzione Regioneo (\u00aben adelante Regioneo\u00bb), in accordo con la legislazione vigente, gli sforzi compiuti per proteggere i dati personali degli utenti e garantirne la riservatezza, nonch\u00e9 i dati per i quali operiamo come processori. Questa pagina ha l'obiettivo di fornire informazioni sui dati raccolti da Regioneo, sugli obiettivi che ne giustificano il trattamento e sui diritti degli utenti. <\/p>\n<p><strong>1 - Dati raccolti e obiettivi<\/strong><br \/>I dati raccolti hanno come obiettivo quello di permettere agli utenti di registrarsi e di iniziare una sessione in modo sicuro su Regioneo e di utilizzare le sue funzioni. Inoltre, possono essere utilizzati dalle nostre apparecchiature per inviare correzioni elettroniche informative su nuove funzioni o azioni che devono essere realizzate per garantire la continuit\u00e0 delle funzioni offerte dall'applicazione (come aggiornamenti importanti) o per migliorare l'esperienza dell'utente. In questo contesto, registriamo e siamo direttamente responsabili del trattamento dei dati dei nostri utenti: nome, indirizzo, indirizzo, numero di telefono, prodotti e servizi acquistati dall'utente, dati statistici dei beni gestiti tramite l'applicazione, dati statistici dei beni gestiti tramite l'applicazione.  <br \/>Inoltre, nell'ambito delle funzioni di Regioneo, e per garantire la corretta esecuzione del contratto tra l'utente e i suoi utenti finali, potremo registrare i seguenti dati a nome di questi ultimi come processori: nome, cognome, indirizzo, indirizzo di posta elettronica, numero di telefono, dati relativi agli acquisti effettuati, messaggi inviati, dati relativi al numero di acquisti.<\/p>\n<p><strong>2 - Metodi di raccolta dei dati<\/strong><br \/>I dati degli utenti vengono raccolti sia durante la registrazione iniziale in Regioneo tramite il modulo dedicato, sia durante le interazioni con le nostre apparecchiature. La ricopiatura dei dati relativi alla corretta esecuzione dei contratti tra i nostri utenti e i loro utenti finali, laddove agiamo in qualit\u00e0 di responsabili del trattamento, viene effettuata al momento dell'esecuzione del contratto tra l'utente e i suoi utenti finali, e si considera acconsentita da tutte le parti nel contesto dei termini e delle condizioni forniti ai loro utenti finali dall'utente. Nessun altro dato viene acquisito da parte dell'applicazione o delle nostre apparecchiature senza il consenso esplicito delle persone coinvolte e viene utilizzato solo per i fini legittimi concordati con le stesse.  <\/p>\n<p><strong>3 - Durata della conservazione e diritti degli utenti<\/strong><br \/>Per garantire il corretto funzionamento di Regioneo e consentire agli utenti di collegarsi al proprio conto, conserviamo i dati degli utenti per tutto il periodo di utilizzo dell'applicazione. I nostri collaboratori e subappaltatori possono accedere ai dati degli utenti solo nella misura necessaria a garantire il raggiungimento degli obiettivi stabiliti e definiti al punto 1. Gli utenti hanno in ogni momento il diritto di verificare, accedere, rettificare, eliminare, trasferire e opporsi all'uso dei loro dati contattandoci all'indirizzo pierre.tubiana@bm-services.com. Faremo tutto il possibile per soddisfare la vostra richiesta.   <\/p>\n<p><strong>4 - Biscotti<\/strong><br \/>Raccogliamo anche cookie per garantire la sicurezza e la continuit\u00e0 dei nostri servizi. Tra questi: la data e l'ora della connessione dell'utente, l'indirizzo IP del dispositivo utilizzato per accedere all'applicazione (se si utilizza l'applicazione).<\/p>\n<p><strong>5 - Obblighi e garanzie<\/strong><br \/>Gli operatori che lavorano per Regioneo si impegnano a non trasmettere a terzi i dati raccolti direttamente come responsabili dei dati o indirettamente come elaboratori, senza informare l'utente e a rispettare le finalit\u00e0 per le quali vengono raccolti. L'applicazione dispone di un certificato SSL che garantisce la sicurezza del trasferimento di informazioni e dati attraverso l'applicazione. <br \/>Inoltre, il responsabile del trattamento si impegna a notificare all'utente in caso di rettifica o eliminazione dei dati, a meno che ci\u00f2 non comporti formalit\u00e0, costi o costi aggiuntivi. In caso di compromissione dell'integrit\u00e0, della riservatezza o della sicurezza dei dati degli utenti, il responsabile del trattamento si impegna a informare l'utente con qualsiasi mezzo disponibile. <\/p>\n<p><strong>6 - Alloggio dei dati<\/strong><br \/>I dati raccolti sono custoditi da DigitalOcean LLC, con domicilio in 01 Avenue of the Americas, 10th Floor, Nueva York, NY 10013. I server utilizzati sono situati all'interno dell'Unione Europea, in Alemania (Fr\u00e1ncfort). <\/p>\n<p><strong>7 - Condivisione dei dati<\/strong><br \/>Regioneo non confronta i dati ricopiati se non per garantire il corretto funzionamento della soluzione. Dati come l'indirizzo IP e il tipo di dispositivi utilizzati dai nostri utenti vengono copiati e confrontati in modo scriptato e anonimo con il nostro software di segnalazione degli errori (Sentry). <\/p>\n<p><strong>8 - Politica sui dati relativi ai minori<\/strong><br \/>L'applicazione Regioneo non \u00e8 destinata ai bambini e non copia dati personali, ad eccezione dei dati forniti volontariamente dagli utenti finali dei nostri utenti. Se un utente ha fornito dati personali senza il suo consenso, \u00e8 pregato di contattarci al seguente indirizzo e-mail in modo da poterli cancellare al pi\u00f9 presto: pierre.tubiana@bm-services.com <\/p>\n<p><strong>9 - Accettazione e modifica della presente Informativa sulla privacy<\/strong><br \/>Utilizzando Regioneo, l'utente certifica di aver letto e compreso la presente politica di privacy e di accettarne i termini. Questa politica di privacy pu\u00f2 evolversi per garantire il suo rispetto della legislazione vigente, e si invita l'utente a consultarla regolarmente. <\/p>\n<p><strong>10 - Diritto di rivolgersi all'autorit\u00e0 di controllo competente<\/strong><br \/>In caso di controversia sul trattamento dei dati, invitiamo i nostri utenti a mettersi in contatto con il nostro personale per trovare una soluzione soddisfacente. L'utente ha il diritto di contattare la CNIL (Comisi\u00f3n Nacional de Inform\u00e1tica y Libertades, https:\/\/www.cnil.fr) o qualsiasi giudice competente. <\/p>\n\t\t\t\t\t\t\t\t<\/div>\n\t\t\t\t<\/div>\n\t\t\t\t\t<\/div>\n\t\t\t\t<\/div>\n\t\t\t\t<\/div>","protected":false},"excerpt":{"rendered":"<p>T\u00e9rminos de Uso y Recopilaci\u00f3n de Datos Esta pol\u00edtica de privacidad tiene como objetivo explicar a los usuarios de la soluci\u00f3n Regioneo (\u00ab\u00a0en adelante Regioneo\u00a0\u00bb), de acuerdo con la legislaci\u00f3n vigente, los esfuerzos realizados para proteger los datos personales de los usuarios y garantizar la confidencialidad de estos, as\u00ed como los datos para los cuales [&hellip;]<\/p>","protected":false},"author":1,"featured_media":0,"parent":0,"menu_order":0,"comment_status":"closed","ping_status":"closed","template":"","meta":{"_seopress_robots_primary_cat":"","_seopress_titles_title":"Pol\u00edtica de privacidad - Regioneo","_seopress_titles_desc":"Pol\u00edtica de privacidad - Regioneo","_seopress_robots_index":"","footnotes":""},"class_list":["post-929","page","type-page","status-publish","hentry"],"_links":{"self":[{"href":"https:\/\/www.regioneo.com\/it\/wp-json\/wp\/v2\/pages\/929","targetHints":{"allow":["GET"]}}],"collection":[{"href":"https:\/\/www.regioneo.com\/it\/wp-json\/wp\/v2\/pages"}],"about":[{"href":"https:\/\/www.regioneo.com\/it\/wp-json\/wp\/v2\/types\/page"}],"author":[{"embeddable":true,"href":"https:\/\/www.regioneo.com\/it\/wp-json\/wp\/v2\/users\/1"}],"replies":[{"embeddable":true,"href":"https:\/\/www.regioneo.com\/it\/wp-json\/wp\/v2\/comments?post=929"}],"version-history":[{"count":3,"href":"https:\/\/www.regioneo.com\/it\/wp-json\/wp\/v2\/pages\/929\/revisions"}],"predecessor-version":[{"id":1146,"href":"https:\/\/www.regioneo.com\/it\/wp-json\/wp\/v2\/pages\/929\/revisions\/1146"}],"wp:attachment":[{"href":"https:\/\/www.regioneo.com\/it\/wp-json\/wp\/v2\/media?parent=929"}],"curies":[{"name":"wp","href":"https:\/\/api.w.org\/{rel}","templated":true}]}}