{"id":929,"date":"2024-09-25T16:39:58","date_gmt":"2024-09-25T14:39:58","guid":{"rendered":"https:\/\/www.regioneo.com\/politica-de-privacidad\/"},"modified":"2024-11-12T17:09:26","modified_gmt":"2024-11-12T16:09:26","slug":"privacybeleid-3","status":"publish","type":"page","link":"https:\/\/www.regioneo.com\/nl\/privacybeleid-3\/","title":{"rendered":"Pol\u00edtica de Privacidad"},"content":{"rendered":"<div data-elementor-type=\"wp-page\" data-elementor-id=\"929\" class=\"elementor elementor-929\" data-elementor-post-type=\"page\">\n\t\t\t\t<div class=\"elementor-element elementor-element-631f62f e-flex e-con-boxed e-con e-parent\" data-id=\"631f62f\" data-element_type=\"container\">\n\t\t\t\t\t<div class=\"e-con-inner\">\n\t\t\t\t<div class=\"elementor-element elementor-element-842c1c5 elementor-widget elementor-widget-text-editor\" data-id=\"842c1c5\" data-element_type=\"widget\" data-widget_type=\"text-editor.default\">\n\t\t\t\t<div class=\"elementor-widget-container\">\n\t\t\t\t\t\t\t\t\t<h1>Gebruiksvoorwaarden en kopi\u00ebren van gegevens<\/h1>\n<p>Esta pol\u00edtica de privacidad tiene como objetivo explicar a los usuarios de la soluci\u00f3n Regioneo (\u00aben adelante Regioneo\u00bb), de acuerdo con la legislaci\u00f3n vigente, los esfuerzos realizados para proteger los datos personales de los usuarios y garantizar la confidencialidad de estos, as\u00ed como los datos para los cuales actuamos como procesadores. Esta p\u00e1gina tiene como objetivo proporcionar informaci\u00f3n sobre los datos recopilados por Regioneo, los objetivos que justifican su tratamiento y los derechos de los usuarios. <\/p>\n<p><strong>1 - Opgenomen gegevens en doelstellingen<\/strong><br \/>De geregistreerde gegevens hebben als doel de gebruikers in staat te stellen zich op een veilige manier te registreren en gebruik te maken van de functies van Regioneo. Ze kunnen ook worden gebruikt door onze apparatuur om elektronische informatie te versturen over nieuwe functies of acties die moeten worden uitgevoerd om de continu\u00efteit van de functies van de toepassing te garanderen (zoals belangrijke actualiseringen) of om de gebruikservaring te verbeteren. En este contexto, recopilamos y somos directamente responsables del tratamiento de los siguientes datos de nuestros usuarios: nombre, apellidos, direcci\u00f3n, correo electr\u00f3nico, n\u00famero de tel\u00e9fono, productos y servicios ingresados por el usuario, facturaci\u00f3n de bienes gestionados a trav\u00e9s de la aplicaci\u00f3n, datos estad\u00edsticos de bienes gestionados a trav\u00e9s de la aplicaci\u00f3n.  <br \/>Bovendien, in het kader van de functies van Regioneo, en om een correcte uitvoering van het contract tussen de gebruiker en zijn eindgebruikers te garanderen, kunnen we de volgende gegevens op naam van deze gebruikers als verwerkers opslaan: nombre, apellidos, direcci\u00f3n, correo electr\u00f3nico, n\u00famero de tel\u00e9fono, detalles de los pedidos realizados, mensajes enviados, datos relacionados con el n\u00famero de pedidos.<\/p>\n<p><strong>2 - Methoden voor gegevensverzameling<\/strong><br \/>Los datos de los usuarios se recopilan ya sea durante el registro inicial en Regioneo a trav\u00e9s del formulario dedicado o durante sus interacciones con nuestros equipos. De recopilatie van gegevens met betrekking tot de correcte uitvoering van de contracten tussen onze gebruikers en hun eindgebruikers, waarbij wij optreden als verwerkers, wordt uitgevoerd op het moment van de uitvoering van het contract tussen de gebruiker en hun eindgebruikers, en wordt geacht door alle partijen te zijn goedgekeurd in de context van de voorwaarden die door de gebruiker aan hun eindgebruikers zijn verstrekt. No otros datos se recopilar\u00e1n por parte de la aplicaci\u00f3n o nuestros equipos sin el consentimiento expl\u00edcito de las personas involucradas, y solo se utilizar\u00e1n para los fines leg\u00edtimos acordados con ellas.  <\/p>\n<p><strong>3 - Duur van de bescherming en rechten van gebruikers<\/strong><br \/>Om een correcte werking van Regioneo te garanderen en gebruikers in staat te stellen verbinding te maken met hun account, bewaren we de gegevens van gebruikers gedurende de gehele gebruiksperiode van de applicatie. Nuestros colaboradores y subcontratistas solo pueden acceder a los datos de los usuarios en la medida necesaria para garantizar la ejecuci\u00f3n de los objetivos establecidos y definidos en el punto 1. Los usuarios tienen en todo momento el derecho de verificar, acceder, rectificar, eliminar, transferir y oponerse al uso de sus datos contact\u00e1ndonos a pierre.tubiana@bm-services.com. Wij zullen al het mogelijke doen om aan uw verzoek te voldoen.   <\/p>\n<p><strong>4 - Koekjes<\/strong><br \/>We verzamelen ook cookies om de veiligheid en continu\u00efteit van onze diensten te garanderen. Dit omvat: de datum en tijd van de verbinding van een gebruiker, het IP-adres van het apparaat dat wordt gebruikt om toegang te krijgen tot de applicatie (als de app wordt gebruikt).<\/p>\n<p><strong>5 - Verplichtingen en zekerheid<\/strong><br \/>Los equipos que trabajan para Regioneo se comprometan a no transmitir los datos recopilados directamente como responsables de datos o indirectamente como procesadores a terceros sin informar al usuario y a respetar los fines para los cuales se recopilaron dichos datos. De applicatie heeft een SSL-certificaat dat garandeert dat de overdracht van informatie en gegevens via de applicatie veilig is. <br \/>Bovendien verplicht de verantwoordelijke voor de verwerking zich om de gebruiker op de hoogte te stellen in geval van rectificatie of verwijdering van de gegevens, tenzij dit formaliteiten, kosten of onnodige handelingen met zich meebrengt. En caso de que la integridad, confidencialidad o seguridad de los datos de los usuarios se vea comprometida, el responsable del tratamiento se compromete a informar al usuario por cualquier medio disponible. <\/p>\n<p><strong>6 - Gegevensbeveiliging<\/strong><br \/>Los datos recopilados son alojados por DigitalOcean LLC, con domicilio en 01 Avenue of the Americas, 10th Floor, Nueva York, NY 10013. Los servidores utilizados est\u00e1n ubicados dentro de la Uni\u00f3n Europea, en Alemania (Fr\u00e1ncfort). <\/p>\n<p><strong>7 - Delen van gegevens<\/strong><br \/>Regioneo vergelijkt de opnieuw gekopieerde gegevens niet, behalve om de correcte werking van de oplossing te garanderen. Gegevens zoals het IP-adres en het type apparaten dat door onze gebruikers wordt gebruikt, worden gekopieerd en op een gescripte en anonieme manier vergeleken met onze foutrapportagesoftware (Sentry). <\/p>\n<p><strong>8 - Gegevensbeleid voor mannen<\/strong><br \/>De Regioneo-toepassing is niet bedoeld voor kinderen en kopieert geen persoonlijke gegevens, met uitzondering van gegevens die vrijwillig door de eindgebruikers van onze gebruikers zijn verstrekt. Als een lid zonder zijn toestemming persoonlijke gegevens heeft verstrekt, neem dan contact met ons op via het volgende e-mailadres, zodat we deze zo snel mogelijk kunnen verwijderen: pierre.tubiana@bm-services.com <\/p>\n<p><strong>9 - Aanvaarding en wijziging van dit privacybeleid<\/strong><br \/>Door gebruik te maken van Regioneo, verklaart de gebruiker dat hij dit privacybeleid heeft gelezen en begrepen en dat hij de voorwaarden ervan accepteert. Esta pol\u00edtica de privacidad puede evoluir para garantizar su cumplimiento con la legislaci\u00f3n vigente, y se invita al usuario a consultarla regularmente. <\/p>\n<p><strong>10 - Contact opnemen met de bevoegde controleautoriteit<\/strong><br \/>In geval van geschillen over de verwerking van gegevens, nodigen wij onze gebruikers uit om contact op te nemen met ons eigen personeel om een bevredigende oplossing te vinden. De gebruiker heeft het recht om contact op te nemen met de CNIL (Comisi\u00f3n Nacional de Inform\u00e1tica y Libertades, https:\/\/www.cnil.fr) of een andere bevoegde rechtbank. <\/p>\n\t\t\t\t\t\t\t\t<\/div>\n\t\t\t\t<\/div>\n\t\t\t\t\t<\/div>\n\t\t\t\t<\/div>\n\t\t\t\t<\/div>","protected":false},"excerpt":{"rendered":"<p>T\u00e9rminos de Uso y Recopilaci\u00f3n de Datos Esta pol\u00edtica de privacidad tiene como objetivo explicar a los usuarios de la soluci\u00f3n Regioneo (\u00ab\u00a0en adelante Regioneo\u00a0\u00bb), de acuerdo con la legislaci\u00f3n vigente, los esfuerzos realizados para proteger los datos personales de los usuarios y garantizar la confidencialidad de estos, as\u00ed como los datos para los cuales [&hellip;]<\/p>","protected":false},"author":1,"featured_media":0,"parent":0,"menu_order":0,"comment_status":"closed","ping_status":"closed","template":"","meta":{"_seopress_robots_primary_cat":"","_seopress_titles_title":"Pol\u00edtica de privacidad - Regioneo","_seopress_titles_desc":"Pol\u00edtica de privacidad - Regioneo","_seopress_robots_index":"","footnotes":""},"class_list":["post-929","page","type-page","status-publish","hentry"],"_links":{"self":[{"href":"https:\/\/www.regioneo.com\/nl\/wp-json\/wp\/v2\/pages\/929","targetHints":{"allow":["GET"]}}],"collection":[{"href":"https:\/\/www.regioneo.com\/nl\/wp-json\/wp\/v2\/pages"}],"about":[{"href":"https:\/\/www.regioneo.com\/nl\/wp-json\/wp\/v2\/types\/page"}],"author":[{"embeddable":true,"href":"https:\/\/www.regioneo.com\/nl\/wp-json\/wp\/v2\/users\/1"}],"replies":[{"embeddable":true,"href":"https:\/\/www.regioneo.com\/nl\/wp-json\/wp\/v2\/comments?post=929"}],"version-history":[{"count":3,"href":"https:\/\/www.regioneo.com\/nl\/wp-json\/wp\/v2\/pages\/929\/revisions"}],"predecessor-version":[{"id":1146,"href":"https:\/\/www.regioneo.com\/nl\/wp-json\/wp\/v2\/pages\/929\/revisions\/1146"}],"wp:attachment":[{"href":"https:\/\/www.regioneo.com\/nl\/wp-json\/wp\/v2\/media?parent=929"}],"curies":[{"name":"wp","href":"https:\/\/api.w.org\/{rel}","templated":true}]}}