{"id":133,"date":"2024-09-25T16:39:26","date_gmt":"2024-09-25T14:39:26","guid":{"rendered":"https:\/\/www.regioneo.com\/?page_id=133"},"modified":"2024-11-06T14:15:30","modified_gmt":"2024-11-06T13:15:30","slug":"mentions-legales","status":"publish","type":"page","link":"https:\/\/www.regioneo.com\/pt\/mentions-legales\/","title":{"rendered":"Informa\u00e7\u00e3o jur\u00eddica"},"content":{"rendered":"<div data-elementor-type=\"wp-page\" data-elementor-id=\"133\" class=\"elementor elementor-133\" data-elementor-post-type=\"page\">\n\t\t\t\t<div class=\"elementor-element elementor-element-6cebe4e e-flex e-con-boxed e-con e-parent\" data-id=\"6cebe4e\" data-element_type=\"container\">\n\t\t\t\t\t<div class=\"e-con-inner\">\n\t\t\t\t<div class=\"elementor-element elementor-element-e351e59 elementor-widget elementor-widget-text-editor\" data-id=\"e351e59\" data-element_type=\"widget\" data-widget_type=\"text-editor.default\">\n\t\t\t\t<div class=\"elementor-widget-container\">\n\t\t\t\t\t\t\t\t\t<h1>Informa\u00e7\u00e3o jur\u00eddica<\/h1><p>Le site www.regioneo.com est \u00e9dit\u00e9, con\u00e7u, et h\u00e9berg\u00e9 par la SARL BM-Services au capital de 199 200 Euros, enregistr\u00e9e au Registre du Commerce et des Soci\u00e9t\u00e9s de Mende sous le num\u00e9ro 533 174 199 .<\/p><p><strong>Directeur de la publication :<\/strong> M. Laurent CAPLAT<\/p><p><strong>Si\u00e8ge social : <\/strong>BM-Servi\u00e7os<br \/>La Bastide<br \/>48500 La Canourgue<\/p><p><strong>Tel<\/strong>. : +33 (0)4 66 42 68 30<br \/><strong>Fax<\/strong> : +33 (0)4 66 32 78 53<\/p>\t\t\t\t\t\t\t\t<\/div>\n\t\t\t\t<\/div>\n\t\t\t\t\t<\/div>\n\t\t\t\t<\/div>\n\t\t\t\t<\/div>","protected":false},"excerpt":{"rendered":"<p>Mentions L\u00e9gales Le site www.regioneo.com est \u00e9dit\u00e9, con\u00e7u, et h\u00e9berg\u00e9 par la SARL BM-Services au capital de 199 200 Euros, enregistr\u00e9e au Registre du Commerce et des Soci\u00e9t\u00e9s de Mende sous le num\u00e9ro 533 174 199 . Directeur de la publication : M. Laurent CAPLAT Si\u00e8ge social : BM-ServicesLa Bastide48500 La Canourgue T\u00e9l. : +33 [&hellip;]<\/p>","protected":false},"author":1,"featured_media":0,"parent":0,"menu_order":0,"comment_status":"closed","ping_status":"closed","template":"","meta":{"_seopress_robots_primary_cat":"","_seopress_titles_title":"Mentions L\u00e9gales - R\u00e9gioneo","_seopress_titles_desc":"Les mentions l\u00e9gales de Regioneo","_seopress_robots_index":"","footnotes":""},"class_list":["post-133","page","type-page","status-publish","hentry"],"_links":{"self":[{"href":"https:\/\/www.regioneo.com\/pt\/wp-json\/wp\/v2\/pages\/133","targetHints":{"allow":["GET"]}}],"collection":[{"href":"https:\/\/www.regioneo.com\/pt\/wp-json\/wp\/v2\/pages"}],"about":[{"href":"https:\/\/www.regioneo.com\/pt\/wp-json\/wp\/v2\/types\/page"}],"author":[{"embeddable":true,"href":"https:\/\/www.regioneo.com\/pt\/wp-json\/wp\/v2\/users\/1"}],"replies":[{"embeddable":true,"href":"https:\/\/www.regioneo.com\/pt\/wp-json\/wp\/v2\/comments?post=133"}],"version-history":[{"count":8,"href":"https:\/\/www.regioneo.com\/pt\/wp-json\/wp\/v2\/pages\/133\/revisions"}],"predecessor-version":[{"id":1138,"href":"https:\/\/www.regioneo.com\/pt\/wp-json\/wp\/v2\/pages\/133\/revisions\/1138"}],"wp:attachment":[{"href":"https:\/\/www.regioneo.com\/pt\/wp-json\/wp\/v2\/media?parent=133"}],"curies":[{"name":"wp","href":"https:\/\/api.w.org\/{rel}","templated":true}]}}