{"id":646,"date":"2024-10-15T12:08:03","date_gmt":"2024-10-15T10:08:03","guid":{"rendered":"https:\/\/www.regioneo.com\/?page_id=646"},"modified":"2024-11-06T11:14:34","modified_gmt":"2024-11-06T10:14:34","slug":"faq","status":"publish","type":"page","link":"https:\/\/www.regioneo.com\/pt\/faq\/","title":{"rendered":"FAQ"},"content":{"rendered":"<div data-elementor-type=\"wp-page\" data-elementor-id=\"646\" class=\"elementor elementor-646\" data-elementor-post-type=\"page\">\n\t\t\t\t<div class=\"elementor-element elementor-element-bb2869c e-flex e-con-boxed e-con e-parent\" data-id=\"bb2869c\" data-element_type=\"container\">\n\t\t\t\t\t<div class=\"e-con-inner\">\n\t\t\t\t<div class=\"elementor-element elementor-element-a66dba9 elementor-widget elementor-widget-heading\" data-id=\"a66dba9\" data-element_type=\"widget\" data-widget_type=\"heading.default\">\n\t\t\t\t<div class=\"elementor-widget-container\">\n\t\t\t\t\t<h1 class=\"elementor-heading-title elementor-size-default\">FAQ<\/h1>\t\t\t\t<\/div>\n\t\t\t\t<\/div>\n\t\t\t\t\t<\/div>\n\t\t\t\t<\/div>\n\t\t<div class=\"elementor-element elementor-element-45fcdcb e-flex e-con-boxed e-con e-parent\" data-id=\"45fcdcb\" data-element_type=\"container\">\n\t\t\t\t\t<div class=\"e-con-inner\">\n\t\t\t\t<div class=\"elementor-element elementor-element-4a60055 elementor-widget__width-initial elementor-widget elementor-widget-text-editor\" data-id=\"4a60055\" data-element_type=\"widget\" data-widget_type=\"text-editor.default\">\n\t\t\t\t<div class=\"elementor-widget-container\">\n\t\t\t\t\t\t\t\t\t<p><span style=\"font-weight: 400;\">Bem-vindo \u00e0 sec\u00e7\u00e3o de perguntas frequentes (FAQ)! Se n\u00e3o conseguir encontrar a resposta \u00e0 sua pergunta :\u00a0<\/span><\/p>\t\t\t\t\t\t\t\t<\/div>\n\t\t\t\t<\/div>\n\t\t\t\t<div class=\"elementor-element elementor-element-da8b709 elementor-widget elementor-widget-button\" data-id=\"da8b709\" data-element_type=\"widget\" data-widget_type=\"button.default\">\n\t\t\t\t<div class=\"elementor-widget-container\">\n\t\t\t\t\t\t\t\t\t<div class=\"elementor-button-wrapper\">\n\t\t\t\t\t<a class=\"elementor-button elementor-button-link elementor-size-sm\" href=\"\">\n\t\t\t\t\t\t<span class=\"elementor-button-content-wrapper\">\n\t\t\t\t\t\t\t\t\t<span class=\"elementor-button-text\">Contactar-nos<\/span>\n\t\t\t\t\t<\/span>\n\t\t\t\t\t<\/a>\n\t\t\t\t<\/div>\n\t\t\t\t\t\t\t\t<\/div>\n\t\t\t\t<\/div>\n\t\t\t\t\t<\/div>\n\t\t\t\t<\/div>\n\t\t<div class=\"elementor-element elementor-element-d9904c1 e-flex e-con-boxed e-con e-parent\" data-id=\"d9904c1\" data-element_type=\"container\">\n\t\t\t\t\t<div class=\"e-con-inner\">\n\t\t\t\t<div class=\"elementor-element elementor-element-1192dae elementor-widget elementor-widget-text-editor\" data-id=\"1192dae\" data-element_type=\"widget\" data-widget_type=\"text-editor.default\">\n\t\t\t\t<div class=\"elementor-widget-container\">\n\t\t\t\t\t\t\t\t\t<h3><b>Q1 - Como \u00e9 que come\u00e7o a utilizar o Regioneo?<\/b><\/h3><p><span style=\"font-weight: 400;\">Basta enviar-nos um e-mail e entraremos em contacto consigo o mais rapidamente poss\u00edvel para lhe dizer como proceder e o que necessitamos (endere\u00e7o, cat\u00e1logo com pre\u00e7os, etc.). Assim que tivermos tudo o que precisamos, criamos o seu site e pode come\u00e7ar a vender online! Todo o processo pode demorar menos de um dia se recebermos os elementos rapidamente.<\/span><\/p><h3><b>Q2 - O Regioneo \u00e9 gratuito?<\/b><\/h3><p><span style=\"font-weight: 400;\">Sim, \u00e9 gratuito para os primeiros 100 subscritores durante um ano. Durante este per\u00edodo, pode tirar partido de todas as funcionalidades para se familiarizar com o seu s\u00edtio. No final do ano, \u00e9 livre de continuar connosco ou de optar por sair. Consult\u00e1-lo-emos antes de se comprometer com qualquer coisa.\u00a0<\/span><\/p><h3><b>Q3 - Posso gerir v\u00e1rios pontos de recolha com a Regioneo?<\/b><\/h3><p><span style=\"font-weight: 400;\">\u00c9 poss\u00edvel gerir v\u00e1rios pontos de recolha e atribuir diferentes faixas hor\u00e1rias a cada um deles. Os produtos tamb\u00e9m podem ser associados a um ponto de recolha para que s\u00f3 possam ser recolhidos nesse local.\u00a0<\/span><\/p><h3><b>Q4 - Que vantagens oferece a Regioneo em rela\u00e7\u00e3o a outras solu\u00e7\u00f5es de com\u00e9rcio eletr\u00f3nico?\u00a0<\/b><\/h3><p><span style=\"font-weight: 400;\">A Regioneo coloca \u00e0 sua disposi\u00e7\u00e3o um s\u00edtio de vendas online pessoal, personalizado \u00e0 sua imagem, onde pode controlar os seus pre\u00e7os e a disponibilidade de todo o seu cat\u00e1logo de produtos. Oferecemos um acompanhamento personalizado atrav\u00e9s do canal da sua escolha (e-mail, WhatsApp, telefone, etc.). Por fim, estamos atentos a todos os vossos coment\u00e1rios, pois s\u00e3o eles que nos permitem crescer e melhorar constantemente a solu\u00e7\u00e3o para que esta se adapte a todos os produtores! <\/span><\/p>\t\t\t\t\t\t\t\t<\/div>\n\t\t\t\t<\/div>\n\t\t\t\t\t<\/div>\n\t\t\t\t<\/div>\n\t\t\t\t<\/div>","protected":false},"excerpt":{"rendered":"<p>FAQ Bienvenue \u00e0 la foire aux questions (FAQ) ! Si vous ne trouvez pas de r\u00e9ponse \u00e0 votre question :\u00a0 Contactez-nous Q1 &#8211; Comment d\u00e9buter avec Regioneo ? Il suffit de nous envoyer un mail et nous reviendrons vers vous au plus vite pour vous donner la marche \u00e0 suivre et les \u00e9l\u00e9ments dont nous [&hellip;]<\/p>","protected":false},"author":1,"featured_media":0,"parent":0,"menu_order":0,"comment_status":"closed","ping_status":"closed","template":"","meta":{"_seopress_robots_primary_cat":"","_seopress_titles_title":"FAQ - Pour Obtenir des R\u00e9ponses aux Questions G\u00e9n\u00e9rales - Regioneo","_seopress_titles_desc":"Consultez notre FAQ pour obtenir des r\u00e9ponses aux questions les plus pos\u00e9es. Si ce n'est pas suffisant : Contactez-nous via notre formulaire !","_seopress_robots_index":"","footnotes":""},"class_list":["post-646","page","type-page","status-publish","hentry"],"_links":{"self":[{"href":"https:\/\/www.regioneo.com\/pt\/wp-json\/wp\/v2\/pages\/646","targetHints":{"allow":["GET"]}}],"collection":[{"href":"https:\/\/www.regioneo.com\/pt\/wp-json\/wp\/v2\/pages"}],"about":[{"href":"https:\/\/www.regioneo.com\/pt\/wp-json\/wp\/v2\/types\/page"}],"author":[{"embeddable":true,"href":"https:\/\/www.regioneo.com\/pt\/wp-json\/wp\/v2\/users\/1"}],"replies":[{"embeddable":true,"href":"https:\/\/www.regioneo.com\/pt\/wp-json\/wp\/v2\/comments?post=646"}],"version-history":[{"count":10,"href":"https:\/\/www.regioneo.com\/pt\/wp-json\/wp\/v2\/pages\/646\/revisions"}],"predecessor-version":[{"id":1042,"href":"https:\/\/www.regioneo.com\/pt\/wp-json\/wp\/v2\/pages\/646\/revisions\/1042"}],"wp:attachment":[{"href":"https:\/\/www.regioneo.com\/pt\/wp-json\/wp\/v2\/media?parent=646"}],"curies":[{"name":"wp","href":"https:\/\/api.w.org\/{rel}","templated":true}]}}