{"id":875,"date":"2024-09-25T16:39:02","date_gmt":"2024-09-25T14:39:02","guid":{"rendered":"https:\/\/www.regioneo.com\/acerca-de\/"},"modified":"2024-12-02T18:13:40","modified_gmt":"2024-12-02T17:13:40","slug":"acerca-de","status":"publish","type":"page","link":"https:\/\/www.regioneo.com\/pt\/acerca-de\/","title":{"rendered":"Acerca de"},"content":{"rendered":"<div data-elementor-type=\"wp-page\" data-elementor-id=\"875\" class=\"elementor elementor-875\" data-elementor-post-type=\"page\">\n\t\t\t\t<div class=\"elementor-element elementor-element-663adc5 e-con-full e-flex e-con e-parent\" data-id=\"663adc5\" data-element_type=\"container\" data-settings=\"{&quot;background_background&quot;:&quot;classic&quot;}\">\n\t\t<div class=\"elementor-element elementor-element-42f57f3 e-flex e-con-boxed e-con e-child\" data-id=\"42f57f3\" data-element_type=\"container\">\n\t\t\t\t\t<div class=\"e-con-inner\">\n\t\t\t\t<div class=\"elementor-element elementor-element-3a57c83 elementor-widget elementor-widget-heading\" data-id=\"3a57c83\" data-element_type=\"widget\" data-widget_type=\"heading.default\">\n\t\t\t\t<div class=\"elementor-widget-container\">\n\t\t\t\t\t<h1 class=\"elementor-heading-title elementor-size-default\">Acerca de<\/h1>\t\t\t\t<\/div>\n\t\t\t\t<\/div>\n\t\t\t\t\t<\/div>\n\t\t\t\t<\/div>\n\t\t\t\t<\/div>\n\t\t<div class=\"elementor-element elementor-element-a70327e e-flex e-con-boxed e-con e-parent\" data-id=\"a70327e\" data-element_type=\"container\">\n\t\t\t\t\t<div class=\"e-con-inner\">\n\t\t\t\t<div class=\"elementor-element elementor-element-8aa6579 elementor-widget__width-initial elementor-widget elementor-widget-text-editor\" data-id=\"8aa6579\" data-element_type=\"widget\" data-widget_type=\"text-editor.default\">\n\t\t\t\t<div class=\"elementor-widget-container\">\n\t\t\t\t\t\t\t\t\t<p>La soluci\u00f3n Saas de Regioneo es desarrollada por la agencia web BM Services. Durante m\u00e1s de 20 a\u00f1os, nuestro equipo ha acompa\u00f1ado la transformaci\u00f3n digital de artesanos, comerciantes y empresas. <\/p>\n\t\t\t\t\t\t\t\t<\/div>\n\t\t\t\t<\/div>\n\t\t\t\t\t<\/div>\n\t\t\t\t<\/div>\n\t\t<div class=\"elementor-element elementor-element-611ae2b e-flex e-con-boxed e-con e-parent\" data-id=\"611ae2b\" data-element_type=\"container\">\n\t\t\t\t\t<div class=\"e-con-inner\">\n\t\t<div class=\"elementor-element elementor-element-7e4513c e-con-full e-flex e-con e-child\" data-id=\"7e4513c\" data-element_type=\"container\" data-settings=\"{&quot;background_background&quot;:&quot;classic&quot;}\">\n\t\t\t\t<div class=\"elementor-element elementor-element-b614d3b elementor-widget elementor-widget-image\" data-id=\"b614d3b\" data-element_type=\"widget\" data-widget_type=\"image.default\">\n\t\t\t\t<div class=\"elementor-widget-container\">\n\t\t\t\t\t\t\t\t\t\t\t\t\t\t\t<img fetchpriority=\"high\" decoding=\"async\" width=\"800\" height=\"600\" src=\"https:\/\/www.regioneo.com\/wp-content\/uploads\/2025\/12\/Donnee_portugais.jpg\" class=\"attachment-full size-full wp-image-1408\" alt=\"n\u00fameros da luta contra os res\u00edduos na Europa\" srcset=\"https:\/\/www.regioneo.com\/wp-content\/uploads\/2025\/12\/Donnee_portugais.jpg 801w, https:\/\/www.regioneo.com\/wp-content\/uploads\/2025\/12\/Donnee_portugais-300x225.jpg 300w, https:\/\/www.regioneo.com\/wp-content\/uploads\/2025\/12\/Donnee_portugais-768x576.jpg 768w, https:\/\/www.regioneo.com\/wp-content\/uploads\/2025\/12\/Donnee_portugais-16x12.jpg 16w\" sizes=\"(max-width: 800px) 100vw, 800px\" \/>\t\t\t\t\t\t\t\t\t\t\t\t\t\t\t<\/div>\n\t\t\t\t<\/div>\n\t\t\t\t<\/div>\n\t\t<div class=\"elementor-element elementor-element-ae93056 e-con-full e-flex e-con e-child\" data-id=\"ae93056\" data-element_type=\"container\">\n\t\t\t\t<div class=\"elementor-element elementor-element-2576764 elementor-widget elementor-widget-heading\" data-id=\"2576764\" data-element_type=\"widget\" data-widget_type=\"heading.default\">\n\t\t\t\t<div class=\"elementor-widget-container\">\n\t\t\t\t\t<h2 class=\"elementor-heading-title elementor-size-default\">Luchar contra el desperdicio, un desaf\u00edo social<\/h2>\t\t\t\t<\/div>\n\t\t\t\t<\/div>\n\t\t\t\t<div class=\"elementor-element elementor-element-642f01e elementor-widget elementor-widget-text-editor\" data-id=\"642f01e\" data-element_type=\"widget\" data-widget_type=\"text-editor.default\">\n\t\t\t\t<div class=\"elementor-widget-container\">\n\t\t\t\t\t\t\t\t\t<p><span style=\"font-weight: 400;\">Hoy en d\u00eda, una gran parte de los alimentos producidos en Francia, Europa y en el mundo se pierde o se desperdicia cada a\u00f1o. En Europa, aproximadamente 89 millones de toneladas de alimentos se pierden y se desechan anualmente, lo que representa el 20% de la producci\u00f3n alimentaria. Este desperdicio ocurre en todas las etapas: en los productores donde algunas frutas o verduras no se cosechan (frutas y verduras feas, sobreproducci\u00f3n&#8230;), en los intermediarios y durante el transporte, y tambi\u00e9n a veces en los clientes finales.  <\/span><\/p>\n<p><span style=\"font-weight: 400;\">Los costos estimados ascienden a 143 mil millones de euros, afectando no solo a los productores, sino tambi\u00e9n a los consumidores y a nuestro entorno, ya que se utilizaron recursos (agua, suelo, energ\u00eda) para producirlos. Hoy es esencial replantear nuestro sistema alimentario para minimizar las p\u00e9rdidas de alimentos y avanzar hacia soluciones m\u00e1s sostenibles. <\/span><\/p>\n\t\t\t\t\t\t\t\t<\/div>\n\t\t\t\t<\/div>\n\t\t\t\t<\/div>\n\t\t\t\t\t<\/div>\n\t\t\t\t<\/div>\n\t\t<div class=\"elementor-element elementor-element-55a93c6 e-flex e-con-boxed e-con e-parent\" data-id=\"55a93c6\" data-element_type=\"container\">\n\t\t\t\t\t<div class=\"e-con-inner\">\n\t\t<div class=\"elementor-element elementor-element-d453ac2 e-con-full e-flex e-con e-child\" data-id=\"d453ac2\" data-element_type=\"container\" data-settings=\"{&quot;background_background&quot;:&quot;classic&quot;}\">\n\t\t\t\t<\/div>\n\t\t<div class=\"elementor-element elementor-element-1e128d3 e-con-full e-flex e-con e-child\" data-id=\"1e128d3\" data-element_type=\"container\">\n\t\t\t\t<div class=\"elementor-element elementor-element-35f97bf elementor-widget elementor-widget-heading\" data-id=\"35f97bf\" data-element_type=\"widget\" data-widget_type=\"heading.default\">\n\t\t\t\t<div class=\"elementor-widget-container\">\n\t\t\t\t\t<h2 class=\"elementor-heading-title elementor-size-default\">El proyecto SISTERS en el marco del programa Horizon 2020<\/h2>\t\t\t\t<\/div>\n\t\t\t\t<\/div>\n\t\t\t\t<div class=\"elementor-element elementor-element-318e203 elementor-widget elementor-widget-text-editor\" data-id=\"318e203\" data-element_type=\"widget\" data-widget_type=\"text-editor.default\">\n\t\t\t\t<div class=\"elementor-widget-container\">\n\t\t\t\t\t\t\t\t\t<p>El proyecto Regioneo forma parte de un proyecto m\u00e1s amplio, el proyecto <span style=\"text-decoration: underline;\"><span style=\"color: #000000;\"><a style=\"color: #000000; text-decoration: underline;\" href=\"https:\/\/sistersproject.eu\/\">proyecto Hermanas<\/a><\/span><\/span> financiado por la Uni\u00f3n Europea en el marco de la convocatoria de proyectos Horizonte 2020. El proyecto Sisters re\u00fane a 18 actores europeos implicados en la lucha contra el despilfarro de alimentos y pretende proponer una serie de innovaciones para un enfoque m\u00e1s sostenible de la producci\u00f3n y distribuci\u00f3n de alimentos en Europa.<\/p>\n\t\t\t\t\t\t\t\t<\/div>\n\t\t\t\t<\/div>\n\t\t\t\t<div class=\"elementor-element elementor-element-66da73b elementor-mobile-align-justify elementor-widget elementor-widget-button\" data-id=\"66da73b\" data-element_type=\"widget\" data-widget_type=\"button.default\">\n\t\t\t\t<div class=\"elementor-widget-container\">\n\t\t\t\t\t\t\t\t\t<div class=\"elementor-button-wrapper\">\n\t\t\t\t\t<a class=\"elementor-button elementor-button-link elementor-size-sm\" href=\"https:\/\/sistersproject.eu\/\" target=\"_blank\">\n\t\t\t\t\t\t<span class=\"elementor-button-content-wrapper\">\n\t\t\t\t\t\t\t\t\t<span class=\"elementor-button-text\">M\u00e1s informaci\u00f3n<\/span>\n\t\t\t\t\t<\/span>\n\t\t\t\t\t<\/a>\n\t\t\t\t<\/div>\n\t\t\t\t\t\t\t\t<\/div>\n\t\t\t\t<\/div>\n\t\t\t\t<\/div>\n\t\t\t\t\t<\/div>\n\t\t\t\t<\/div>\n\t\t<div class=\"elementor-element elementor-element-ef18bd6 e-flex e-con-boxed e-con e-parent\" data-id=\"ef18bd6\" data-element_type=\"container\">\n\t\t\t\t\t<div class=\"e-con-inner\">\n\t\t<div class=\"elementor-element elementor-element-04b9783 e-con-full e-flex e-con e-child\" data-id=\"04b9783\" data-element_type=\"container\" data-settings=\"{&quot;background_background&quot;:&quot;classic&quot;}\">\n\t\t\t\t<\/div>\n\t\t<div class=\"elementor-element elementor-element-18a2fde e-con-full e-flex e-con e-child\" data-id=\"18a2fde\" data-element_type=\"container\">\n\t\t\t\t<div class=\"elementor-element elementor-element-d578c39 elementor-widget elementor-widget-heading\" data-id=\"d578c39\" data-element_type=\"widget\" data-widget_type=\"heading.default\">\n\t\t\t\t<div class=\"elementor-widget-container\">\n\t\t\t\t\t<h2 class=\"elementor-heading-title elementor-size-default\">La agencia BM Services<\/h2>\t\t\t\t<\/div>\n\t\t\t\t<\/div>\n\t\t\t\t<div class=\"elementor-element elementor-element-a4e02ed elementor-widget elementor-widget-text-editor\" data-id=\"a4e02ed\" data-element_type=\"widget\" data-widget_type=\"text-editor.default\">\n\t\t\t\t<div class=\"elementor-widget-container\">\n\t\t\t\t\t\t\t\t\t<p>Creada en 2012 y con sede en Loz\u00e8re, BM Services es un equipo de 20 profesionales distribuidos en varios campos de competencia. Dependiendo de los proyectos, recurrimos a la experiencia de los diferentes equipos para proporcionar el conocimiento necesario. Esta organizaci\u00f3n transversal nos permite adaptarnos a cualquier tipo de problema de desarrollo digital o de comunicaci\u00f3n. En 2021, BM Services se uni\u00f3 al proyecto SISTERS para llevar a cabo el desarrollo de una soluci\u00f3n de comercio electr\u00f3nico de circuito corto dedicada a los productores de frutas y verduras.   <\/p>\n\t\t\t\t\t\t\t\t<\/div>\n\t\t\t\t<\/div>\n\t\t\t\t<div class=\"elementor-element elementor-element-ee1ac73 elementor-mobile-align-justify elementor-widget elementor-widget-button\" data-id=\"ee1ac73\" data-element_type=\"widget\" data-widget_type=\"button.default\">\n\t\t\t\t<div class=\"elementor-widget-container\">\n\t\t\t\t\t\t\t\t\t<div class=\"elementor-button-wrapper\">\n\t\t\t\t\t<a class=\"elementor-button elementor-button-link elementor-size-sm\" href=\"https:\/\/bm-services.com\" target=\"_blank\">\n\t\t\t\t\t\t<span class=\"elementor-button-content-wrapper\">\n\t\t\t\t\t\t\t\t\t<span class=\"elementor-button-text\">M\u00e1s informaci\u00f3n<\/span>\n\t\t\t\t\t<\/span>\n\t\t\t\t\t<\/a>\n\t\t\t\t<\/div>\n\t\t\t\t\t\t\t\t<\/div>\n\t\t\t\t<\/div>\n\t\t\t\t<\/div>\n\t\t\t\t\t<\/div>\n\t\t\t\t<\/div>\n\t\t\t\t<\/div>","protected":false},"excerpt":{"rendered":"<p>Acerca de La soluci\u00f3n Saas de Regioneo es desarrollada por la agencia web BM Services. Durante m\u00e1s de 20 a\u00f1os, nuestro equipo ha acompa\u00f1ado la transformaci\u00f3n digital de artesanos, comerciantes y empresas. Luchar contra el desperdicio, un desaf\u00edo social Hoy en d\u00eda, una gran parte de los alimentos producidos en Francia, Europa y en el [&hellip;]<\/p>","protected":false},"author":1,"featured_media":0,"parent":0,"menu_order":0,"comment_status":"closed","ping_status":"closed","template":"","meta":{"_seopress_robots_primary_cat":"","_seopress_titles_title":"Acerca de Regioneo: La Soluci\u00f3n Anti-Desperdicio para Productores","_seopress_titles_desc":"Descubre Regioneo: Creamos para ti un sitio de comercio electr\u00f3nico en menos de un d\u00eda para vender tus frutas y verduras. \u00a1Soluci\u00f3n anti-desperdicio! ","_seopress_robots_index":"","footnotes":""},"class_list":["post-875","page","type-page","status-publish","hentry"],"_links":{"self":[{"href":"https:\/\/www.regioneo.com\/pt\/wp-json\/wp\/v2\/pages\/875","targetHints":{"allow":["GET"]}}],"collection":[{"href":"https:\/\/www.regioneo.com\/pt\/wp-json\/wp\/v2\/pages"}],"about":[{"href":"https:\/\/www.regioneo.com\/pt\/wp-json\/wp\/v2\/types\/page"}],"author":[{"embeddable":true,"href":"https:\/\/www.regioneo.com\/pt\/wp-json\/wp\/v2\/users\/1"}],"replies":[{"embeddable":true,"href":"https:\/\/www.regioneo.com\/pt\/wp-json\/wp\/v2\/comments?post=875"}],"version-history":[{"count":9,"href":"https:\/\/www.regioneo.com\/pt\/wp-json\/wp\/v2\/pages\/875\/revisions"}],"predecessor-version":[{"id":1426,"href":"https:\/\/www.regioneo.com\/pt\/wp-json\/wp\/v2\/pages\/875\/revisions\/1426"}],"wp:attachment":[{"href":"https:\/\/www.regioneo.com\/pt\/wp-json\/wp\/v2\/media?parent=875"}],"curies":[{"name":"wp","href":"https:\/\/api.w.org\/{rel}","templated":true}]}}