{"id":925,"date":"2024-09-25T16:39:58","date_gmt":"2024-09-25T14:39:58","guid":{"rendered":"https:\/\/www.regioneo.com\/privacy-policy\/"},"modified":"2024-11-12T17:09:26","modified_gmt":"2024-11-12T16:09:26","slug":"politica-de-privacidade","status":"publish","type":"page","link":"https:\/\/www.regioneo.com\/pt\/politica-de-privacidade\/","title":{"rendered":"Privacy Policy"},"content":{"rendered":"<div data-elementor-type=\"wp-page\" data-elementor-id=\"925\" class=\"elementor elementor-925\" data-elementor-post-type=\"page\">\n\t\t\t\t<div class=\"elementor-element elementor-element-631f62f e-flex e-con-boxed e-con e-parent\" data-id=\"631f62f\" data-element_type=\"container\">\n\t\t\t\t\t<div class=\"e-con-inner\">\n\t\t\t\t<div class=\"elementor-element elementor-element-842c1c5 elementor-widget elementor-widget-text-editor\" data-id=\"842c1c5\" data-element_type=\"widget\" data-widget_type=\"text-editor.default\">\n\t\t\t\t<div class=\"elementor-widget-container\">\n\t\t\t\t\t\t\t\t\t<h1>Termos de utiliza\u00e7\u00e3o e recolha de dados<\/h1>\n<p>Esta pol\u00edtica de privacidade tem como objetivo explicar aos utilizadores da solu\u00e7\u00e3o Regioneo (\u00abdoravante Regioneo\u00bb), de acordo com a legisla\u00e7\u00e3o em vigor, os esfor\u00e7os desenvolvidos para proteger os dados pessoais dos utilizadores e garantir a confidencialidade dos mesmos, bem como dos dados em rela\u00e7\u00e3o aos quais actuamos como subcontratante. Esta p\u00e1gina destina-se a fornecer informa\u00e7\u00f5es sobre os dados recolhidos pela Regioneo, as finalidades que justificam o seu tratamento e os direitos que assistem aos utilizadores. <\/p>\n<p><strong>1 - Dados recolhidos e finalidades<\/strong><br \/>Os dados recolhidos destinam-se a permitir que os utilizadores se registem e fa\u00e7am login na Regioneo de forma segura e utilizem as suas funcionalidades. Podem tamb\u00e9m ser utilizados pelas nossas equipas para enviar e-mails informativos sobre novas funcionalidades ou ac\u00e7\u00f5es necess\u00e1rias para assegurar a continuidade dos servi\u00e7os oferecidos pela aplica\u00e7\u00e3o (tais como actualiza\u00e7\u00f5es importantes) ou para melhorar a experi\u00eancia do utilizador. Neste contexto, recolhemos e somos diretamente respons\u00e1veis pelo tratamento dos seguintes dados dos nossos utilizadores: nome, nome pr\u00f3prio, morada, e-mail, n\u00famero de telefone, produtos e servi\u00e7os introduzidos pelo utilizador, receitas dos bens geridos atrav\u00e9s da aplica\u00e7\u00e3o, dados estat\u00edsticos dos bens geridos atrav\u00e9s da aplica\u00e7\u00e3o.  <br \/>Adicionalmente, como parte das funcionalidades da Regioneo, e de forma a assegurar a boa execu\u00e7\u00e3o do contrato entre o utilizador e os seus utilizadores finais, podemos recolher os seguintes dados em nome dos utilizadores finais como um processador: nome, nome pr\u00f3prio, morada, e-mail, n\u00famero de telefone, detalhes da encomenda, mensagens enviadas, dados relacionados com o n\u00famero de encomendas.<\/p>\n<p><strong>2 - M\u00e9todos de recolha de dados<\/strong><br \/>Os dados do utilizador s\u00e3o recolhidos durante o registo inicial na Regioneo atrav\u00e9s do formul\u00e1rio dedicado ou durante as suas intera\u00e7\u00f5es com as nossas equipas. A recolha de dados relacionados com a execu\u00e7\u00e3o adequada de contratos entre os nossos utilizadores e os seus utilizadores finais, em que actuamos como processador, ocorre no momento da execu\u00e7\u00e3o do referido contrato entre o utilizador e os seus utilizadores finais e \u00e9 considerada como consentida por todas as partes ao abrigo dos termos e condi\u00e7\u00f5es fornecidos aos utilizadores finais pelo utilizador. Nenhum outro dado \u00e9 recolhido pela aplica\u00e7\u00e3o ou pelas nossas equipas sem o consentimento expl\u00edcito das pessoas em causa e s\u00f3 ser\u00e1 utilizado para os fins leg\u00edtimos acordados com elas.  <\/p>\n<p><strong>3 - Per\u00edodo de conserva\u00e7\u00e3o dos dados e direitos do utilizador<\/strong><br \/>Para garantir o bom funcionamento da Regioneo e permitir que os utilizadores fa\u00e7am login nas suas contas, retemos os dados dos utilizadores durante toda a dura\u00e7\u00e3o da sua utiliza\u00e7\u00e3o da aplica\u00e7\u00e3o. O nosso pessoal e os nossos subcontratantes s\u00f3 podem aceder aos dados do utilizador na medida do necess\u00e1rio para cumprir os objectivos delineados e definidos no ponto 1. Os utilizadores t\u00eam o direito de, a qualquer momento, verificar, aceder, retificar, apagar, transferir e opor-se \u00e0 utiliza\u00e7\u00e3o dos seus dados, contactando-nos atrav\u00e9s do endere\u00e7o pierre.tubiana@bm-services.com. Faremos todos os poss\u00edveis para satisfazer o seu pedido.   <\/p>\n<p><strong>4 - Bolachas<\/strong><br \/>Tamb\u00e9m recolhemos cookies para garantir a seguran\u00e7a e a continuidade adequada dos nossos servi\u00e7os. Isto inclui as seguintes informa\u00e7\u00f5es: a data e a hora da liga\u00e7\u00e3o de um utilizador, o endere\u00e7o IP do dispositivo utilizado para aceder \u00e0 aplica\u00e7\u00e3o (se utilizar a aplica\u00e7\u00e3o).<\/p>\n<p><strong>5 - Obriga\u00e7\u00f5es e seguran\u00e7a<\/strong><br \/>As equipas que trabalham para a Regioneo comprometem-se a n\u00e3o partilhar os dados recolhidos diretamente, enquanto respons\u00e1veis pelo tratamento de dados, ou indiretamente, enquanto subcontratantes, com terceiros sem informar o utilizador e garantir que as finalidades para as quais os dados foram recolhidos s\u00e3o respeitadas. A aplica\u00e7\u00e3o possui um certificado SSL para garantir que a transfer\u00eancia de informa\u00e7\u00f5es e dados atrav\u00e9s da aplica\u00e7\u00e3o \u00e9 segura. <br \/>Al\u00e9m disso, o respons\u00e1vel pelo tratamento de dados compromete-se a notificar o utilizador em caso de retifica\u00e7\u00e3o ou supress\u00e3o de dados, a menos que tal implique formalidades, custos ou esfor\u00e7os desproporcionados. No caso de a integridade, confidencialidade ou seguran\u00e7a dos dados do utilizador ficar comprometida, o respons\u00e1vel pelo tratamento de dados compromete-se a informar o utilizador por todos os meios dispon\u00edveis. <\/p>\n<p><strong>6 - Alojamento de dados<\/strong><br \/>Os dados recolhidos s\u00e3o alojados pela DigitalOcean LLC, situada em 01 Avenue of the Americas, 10th Floor, New York, NY 10013. Os servidores utilizados est\u00e3o localizados na Uni\u00e3o Europeia, na Alemanha (Frankfurt). <\/p>\n<p><strong>7 - Partilha de dados<\/strong><br \/>A Regioneo n\u00e3o partilha os dados recolhidos exceto para garantir o bom funcionamento da solu\u00e7\u00e3o. Dados como o endere\u00e7o IP e o tipo de dispositivos utilizados pelos nossos utilizadores s\u00e3o recolhidos e partilhados de forma encriptada e an\u00f3nima com o nosso software de comunica\u00e7\u00e3o de erros (Sentry). <\/p>\n<p><strong>8 - Pol\u00edtica relativa aos dados relativos a menores<\/strong><br \/>A aplica\u00e7\u00e3o Regioneo n\u00e3o se destina a menores e n\u00e3o recolhe dados pessoais, exceto os dados fornecidos voluntariamente pelos utilizadores finais dos nossos utilizadores. Se um menor tiver fornecido dados sem consentimento, por favor contacte-nos atrav\u00e9s do seguinte endere\u00e7o de e-mail para que possamos elimin\u00e1-los o mais rapidamente poss\u00edvel: pierre.tubiana@bm-services.com <\/p>\n<p><strong>9 - Aceita\u00e7\u00e3o e altera\u00e7\u00e3o da presente pol\u00edtica de privacidade<\/strong><br \/>Ao utilizar a Regioneo, o utilizador certifica que leu e compreendeu esta pol\u00edtica de privacidade e aceita os seus termos. Esta pol\u00edtica de privacidade pode evoluir para garantir a sua conformidade com a lei aplic\u00e1vel, pelo que o utilizador \u00e9 encorajado a rev\u00ea-la regularmente. <\/p>\n<p><strong>10 - Direito de contactar a autoridade de controlo competente<\/strong><br \/>Em caso de lit\u00edgio relativo ao tratamento de dados, encorajamos os nossos utilizadores a contactar a nossa equipa para encontrar uma solu\u00e7\u00e3o satisfat\u00f3ria. O utilizador tem o direito de contactar a CNIL (Commission Nationale de l'Informatique et des Libert\u00e9s, https:\/\/www.cnil.fr) ou qualquer juiz competente. <\/p>\n\t\t\t\t\t\t\t\t<\/div>\n\t\t\t\t<\/div>\n\t\t\t\t\t<\/div>\n\t\t\t\t<\/div>\n\t\t\t\t<\/div>","protected":false},"excerpt":{"rendered":"<p>Terms of Use and Data Collection This privacy policy aims to explain to users of the Regioneo solution (\u00ab\u00a0hereinafter Regioneo\u00a0\u00bb), in accordance with current legislation, the efforts made to protect users&rsquo; personal data and ensure the confidentiality of that data, as well as any data for which we act as a processor. This page is [&hellip;]<\/p>","protected":false},"author":1,"featured_media":0,"parent":0,"menu_order":0,"comment_status":"closed","ping_status":"closed","template":"","meta":{"_seopress_robots_primary_cat":"","_seopress_titles_title":"Privacy Policy - Regioneo","_seopress_titles_desc":"Privacy Policy - Regioneo","_seopress_robots_index":"","footnotes":""},"class_list":["post-925","page","type-page","status-publish","hentry"],"_links":{"self":[{"href":"https:\/\/www.regioneo.com\/pt\/wp-json\/wp\/v2\/pages\/925","targetHints":{"allow":["GET"]}}],"collection":[{"href":"https:\/\/www.regioneo.com\/pt\/wp-json\/wp\/v2\/pages"}],"about":[{"href":"https:\/\/www.regioneo.com\/pt\/wp-json\/wp\/v2\/types\/page"}],"author":[{"embeddable":true,"href":"https:\/\/www.regioneo.com\/pt\/wp-json\/wp\/v2\/users\/1"}],"replies":[{"embeddable":true,"href":"https:\/\/www.regioneo.com\/pt\/wp-json\/wp\/v2\/comments?post=925"}],"version-history":[{"count":3,"href":"https:\/\/www.regioneo.com\/pt\/wp-json\/wp\/v2\/pages\/925\/revisions"}],"predecessor-version":[{"id":1145,"href":"https:\/\/www.regioneo.com\/pt\/wp-json\/wp\/v2\/pages\/925\/revisions\/1145"}],"wp:attachment":[{"href":"https:\/\/www.regioneo.com\/pt\/wp-json\/wp\/v2\/media?parent=925"}],"curies":[{"name":"wp","href":"https:\/\/api.w.org\/{rel}","templated":true}]}}