{"id":927,"date":"2024-09-25T16:39:58","date_gmt":"2024-09-25T14:39:58","guid":{"rendered":"https:\/\/www.regioneo.com\/politica-sulla-privacy\/"},"modified":"2024-11-12T17:09:26","modified_gmt":"2024-11-12T16:09:26","slug":"politica-sulla-privacy","status":"publish","type":"page","link":"https:\/\/www.regioneo.com\/pt\/politica-sulla-privacy\/","title":{"rendered":"Politica sulla Privacy"},"content":{"rendered":"<div data-elementor-type=\"wp-page\" data-elementor-id=\"927\" class=\"elementor elementor-927\" data-elementor-post-type=\"page\">\n\t\t\t\t<div class=\"elementor-element elementor-element-631f62f e-flex e-con-boxed e-con e-parent\" data-id=\"631f62f\" data-element_type=\"container\">\n\t\t\t\t\t<div class=\"e-con-inner\">\n\t\t\t\t<div class=\"elementor-element elementor-element-842c1c5 elementor-widget elementor-widget-text-editor\" data-id=\"842c1c5\" data-element_type=\"widget\" data-widget_type=\"text-editor.default\">\n\t\t\t\t<div class=\"elementor-widget-container\">\n\t\t\t\t\t\t\t\t\t<h1>Condizioni Generali d&rsquo;Uso e Raccolta Dati<\/h1>\n<p>La presente politica sulla privacy ha lo scopo di spiegare agli utenti della soluzione Regioneo (\u00ab\u00a0di seguito Regioneo\u00a0\u00bb), in conformit\u00e0 con la legislazione vigente, gli sforzi compiuti per proteggere i dati personali degli utenti e garantire la riservatezza degli stessi, nonch\u00e9 dei dati per i quali agiamo come responsabili del trattamento. Questa pagina ha l&rsquo;obiettivo di fornire informazioni sui dati raccolti da Regioneo, gli scopi perseguiti che giustificano il trattamento di tali dati e i diritti di cui dispongono gli utenti. <\/p>\n<p><strong>1 &#8211; Dati raccolti e scopi perseguiti<\/strong><br \/>I dati raccolti hanno l&rsquo;obiettivo di consentire agli utenti di registrarsi e accedere a Regioneo in modo sicuro e di utilizzare le sue funzionalit\u00e0. Possono anche essere utilizzati dai nostri team per inviare email informative su nuove funzionalit\u00e0 o azioni da intraprendere per garantire la continuit\u00e0 delle funzionalit\u00e0 offerte dall&rsquo;applicazione (come aggiornamenti importanti) o per migliorare l&rsquo;esperienza utente. In questo contesto, raccogliamo e siamo direttamente responsabili del trattamento dei seguenti dati degli utenti: nome, cognome, indirizzo, email, numero di telefono, prodotti e servizi inseriti dall&rsquo;utente, fatturato dei beni gestiti tramite l&rsquo;applicazione, dati statistici sui beni gestiti tramite l&rsquo;applicazione.  <br \/>Inoltre, nell&rsquo;ambito delle funzionalit\u00e0 di Regioneo e al fine di garantire la corretta esecuzione del contratto tra l&rsquo;utente e i suoi utenti finali, potremmo raccogliere i seguenti dati per conto di questi ultimi in qualit\u00e0 di responsabili del trattamento: nome, cognome, indirizzo, email, numero di telefono, dettagli degli ordini effettuati, messaggi inviati, dati relativi al numero di ordini.<\/p>\n<p><strong>2 &#8211; Modalit\u00e0 di Raccolta dei Dati<\/strong><br \/>I dati degli utenti sono raccolti sia al momento della prima registrazione a Regioneo tramite il modulo dedicato, sia durante i loro scambi con i nostri team. La raccolta dei dati relativi alla corretta esecuzione dei contratti tra i nostri utenti e i loro utenti finali, per i quali agiamo come responsabili del trattamento, avviene al momento della stipula del contratto tra l&rsquo;utente e i suoi utenti finali ed \u00e8 considerata come approvata da tutte le parti nel quadro delle condizioni generali di vendita fornite ai loro utenti finali dall&rsquo;utente. Nessun altro dato \u00e8 raccolto dall&rsquo;applicazione o dai nostri team senza il consenso esplicito delle persone interessate e sar\u00e0 utilizzato solo per gli scopi legittimi concordati con esse.  <\/p>\n<p><strong>3 &#8211; Durata della Conservazione e Diritti degli Utenti<\/strong><br \/>Per garantire il corretto funzionamento di Regioneo e consentire agli utenti di accedere al loro account, conserviamo i dati degli utenti per tutta la durata di utilizzo dell&rsquo;applicazione. I nostri collaboratori e subappaltatori possono accedere ai dati degli utenti solo nella misura necessaria per garantire l&rsquo;esecuzione degli obiettivi indicati e definiti al punto 1. Gli utenti hanno il diritto in qualsiasi momento di verificare, accedere, rettificare, cancellare, trasferire e opporsi all&rsquo;uso dei loro dati contattandoci all&rsquo;indirizzo pierre.tubiana@bm-services.com. Faremo tutto il possibile per soddisfare la loro richiesta.   <\/p>\n<p><strong>4 &#8211; Cookie<\/strong><br \/>Raccogliamo anche cookie per garantire la sicurezza e la continuit\u00e0 dei nostri servizi. I dati raccolti riguardano: la data e l&rsquo;ora di connessione di un utente, l&rsquo;indirizzo IP del dispositivo utilizzato per accedere all&rsquo;applicazione (se utilizza l&rsquo;app).<\/p>\n<p><strong>5 &#8211; Obblighi e Sicurezza<\/strong><br \/>I team che lavorano per Regioneo si impegnano a non trasmettere i dati raccolti direttamente come responsabili del trattamento o indirettamente come responsabili del trattamento a terzi senza che l&rsquo;utente ne sia stato informato e a rispettare le finalit\u00e0 per cui tali dati sono stati raccolti. L&rsquo;applicazione \u00e8 dotata di un certificato SSL per garantire che il trasferimento di informazioni e dati che passano attraverso l&rsquo;applicazione sia sicuro. <br \/>Inoltre, il responsabile del trattamento si impegna a notificare all&rsquo;utente eventuali rettifiche o cancellazioni dei dati, a meno che ci\u00f2 non comporti formalit\u00e0, costi eccessivi o procedure sproporzionate. Nel caso in cui l&rsquo;integrit\u00e0, la riservatezza o la sicurezza dei dati degli utenti venga compromessa, il responsabile del trattamento si impegna a informare l&rsquo;utente con qualsiasi mezzo. <\/p>\n<p><strong>6 &#8211; Hosting dei Dati<\/strong><br \/>I dati raccolti sono ospitati da DigitalOcean LLC, con sede al 01 Avenue of the Americas, 10th Floor, New York, NY 10013. I server utilizzati si trovano all&rsquo;interno dell&rsquo;Unione Europea, in Germania (Francoforte). <\/p>\n<p><strong>7 &#8211; Condivisione dei Dati<\/strong><br \/>Regioneo non condivide i dati raccolti se non per garantire il corretto funzionamento della soluzione. I dati, come l&rsquo;indirizzo IP e il tipo di dispositivi utilizzati dai nostri utenti, sono raccolti e condivisi in modo crittografato e anonimo con il nostro software di segnalazione degli errori (Sentry). <\/p>\n<p><strong>8 &#8211; Politica sui Dati Relativi ai Minori<\/strong><br \/>L&rsquo;applicazione Regioneo non \u00e8 destinata ai minori e non raccoglie dati personali, ad eccezione di quelli forniti volontariamente dagli utenti finali dei nostri utenti. Se un minore ha fornito dati senza il suo consenso, contattaci al seguente indirizzo email affinch\u00e9 possiamo eliminarli nel pi\u00f9 breve tempo possibile: pierre.tubiana@bm-services.com <\/p>\n<p><strong>9 &#8211; Accettazione e Modifica della Presente Politica sulla Privacy<\/strong><br \/>Utilizzando Regioneo, l&rsquo;utente certifica di aver letto e compreso la presente politica sulla privacy e di accettarne i termini. Questa politica sulla privacy pu\u00f2 evolversi per garantire la conformit\u00e0 alla legge vigente, e l&rsquo;utente \u00e8 invitato a consultarla regolarmente. <\/p>\n<p><strong>10 &#8211; Diritto di Contattare l&rsquo;Autorit\u00e0 di Controllo Competente<\/strong><br \/>In caso di controversia riguardante il trattamento dei dati, incoraggiamo i nostri utenti a contattare il nostro team per trovare una soluzione soddisfacente. L&rsquo;utente ha il diritto di contattare la CNIL (Commissione Nazionale per l&rsquo;Informatica e le Libert\u00e0, https:\/\/www.cnil.fr) o qualsiasi giudice competente. <\/p>\n\t\t\t\t\t\t\t\t<\/div>\n\t\t\t\t<\/div>\n\t\t\t\t\t<\/div>\n\t\t\t\t<\/div>\n\t\t\t\t<\/div>","protected":false},"excerpt":{"rendered":"<p>Condizioni Generali d&rsquo;Uso e Raccolta Dati La presente politica sulla privacy ha lo scopo di spiegare agli utenti della soluzione Regioneo (\u00ab\u00a0di seguito Regioneo\u00a0\u00bb), in conformit\u00e0 con la legislazione vigente, gli sforzi compiuti per proteggere i dati personali degli utenti e garantire la riservatezza degli stessi, nonch\u00e9 dei dati per i quali agiamo come responsabili [&hellip;]<\/p>","protected":false},"author":1,"featured_media":0,"parent":0,"menu_order":0,"comment_status":"closed","ping_status":"closed","template":"","meta":{"_seopress_robots_primary_cat":"","_seopress_titles_title":"Politica sulla privacy - Regioneo","_seopress_titles_desc":"Politica sulla privacy - Regioneo","_seopress_robots_index":"","footnotes":""},"class_list":["post-927","page","type-page","status-publish","hentry"],"_links":{"self":[{"href":"https:\/\/www.regioneo.com\/pt\/wp-json\/wp\/v2\/pages\/927","targetHints":{"allow":["GET"]}}],"collection":[{"href":"https:\/\/www.regioneo.com\/pt\/wp-json\/wp\/v2\/pages"}],"about":[{"href":"https:\/\/www.regioneo.com\/pt\/wp-json\/wp\/v2\/types\/page"}],"author":[{"embeddable":true,"href":"https:\/\/www.regioneo.com\/pt\/wp-json\/wp\/v2\/users\/1"}],"replies":[{"embeddable":true,"href":"https:\/\/www.regioneo.com\/pt\/wp-json\/wp\/v2\/comments?post=927"}],"version-history":[{"count":3,"href":"https:\/\/www.regioneo.com\/pt\/wp-json\/wp\/v2\/pages\/927\/revisions"}],"predecessor-version":[{"id":1147,"href":"https:\/\/www.regioneo.com\/pt\/wp-json\/wp\/v2\/pages\/927\/revisions\/1147"}],"wp:attachment":[{"href":"https:\/\/www.regioneo.com\/pt\/wp-json\/wp\/v2\/media?parent=927"}],"curies":[{"name":"wp","href":"https:\/\/api.w.org\/{rel}","templated":true}]}}